{"id":10466,"date":"2024-03-04T20:40:49","date_gmt":"2024-03-04T20:40:49","guid":{"rendered":"https:\/\/losbuzos.com\/beach-development-property\/"},"modified":"2026-02-17T10:11:10","modified_gmt":"2026-02-17T10:11:10","slug":"beach-development-property","status":"publish","type":"page","link":"https:\/\/losbuzos.com\/es\/beach-development-property\/","title":{"rendered":"Desarrollo Inmobiliario en la Playa"},"content":{"rendered":"\t\t<div data-elementor-type=\"wp-page\" data-elementor-id=\"10466\" class=\"elementor elementor-10466 elementor-10322\" data-elementor-post-type=\"page\">\n\t\t\t\t\t\t<section class=\"elementor-section elementor-top-section elementor-element elementor-element-8230658 elementor-section-height-min-height elementor-section-boxed elementor-section-height-default elementor-section-items-middle\" data-id=\"8230658\" data-element_type=\"section\" data-e-type=\"section\" data-settings=\"{&quot;background_background&quot;:&quot;classic&quot;}\">\n\t\t\t\t\t\t\t<div class=\"elementor-background-overlay\"><\/div>\n\t\t\t\t\t\t\t<div class=\"elementor-container elementor-column-gap-default\">\n\t\t\t\t\t<div class=\"elementor-column elementor-col-100 elementor-top-column elementor-element elementor-element-4efb80d\" data-id=\"4efb80d\" data-element_type=\"column\" data-e-type=\"column\">\n\t\t\t<div class=\"elementor-widget-wrap elementor-element-populated\">\n\t\t\t\t\t\t<div class=\"elementor-element elementor-element-8b9da03 elementor-widget elementor-widget-heading\" data-id=\"8b9da03\" data-element_type=\"widget\" data-e-type=\"widget\" data-widget_type=\"heading.default\">\n\t\t\t\t<div class=\"elementor-widget-container\">\n\t\t\t\t\t<h1 class=\"elementor-heading-title elementor-size-default\">DESARROLLO INMOBILIARIO EN LA PLAYA EN LOS BUZOS<\/h1>\t\t\t\t<\/div>\n\t\t\t\t<\/div>\n\t\t\t\t<div class=\"elementor-element elementor-element-ebefca5 elementor-widget elementor-widget-heading\" data-id=\"ebefca5\" data-element_type=\"widget\" data-e-type=\"widget\" data-widget_type=\"heading.default\">\n\t\t\t\t<div class=\"elementor-widget-container\">\n\t\t\t\t\t<h2 class=\"elementor-heading-title elementor-size-default\">De viaje so\u00f1ado a hogar y base de operaciones<\/h2>\t\t\t\t<\/div>\n\t\t\t\t<\/div>\n\t\t\t\t<div class=\"elementor-element elementor-element-eb06032 elementor-align-center elementor-widget elementor-widget-button\" data-id=\"eb06032\" data-element_type=\"widget\" data-e-type=\"widget\" data-widget_type=\"button.default\">\n\t\t\t\t<div class=\"elementor-widget-container\">\n\t\t\t\t\t\t\t\t\t<div class=\"elementor-button-wrapper\">\n\t\t\t\t\t<a class=\"elementor-button elementor-button-link elementor-size-sm\" href=\"https:\/\/losbuzos.com\/es\/descuentos-por-cancelaciones-de-ultima-hora\/\">\n\t\t\t\t\t\t<span class=\"elementor-button-content-wrapper\">\n\t\t\t\t\t\t\t\t\t<span class=\"elementor-button-text\">\u00a1Para m\u00e1s informaci\u00f3n de Bienes Ra\u00edces haz click aqu\u00ed!<\/span>\n\t\t\t\t\t<\/span>\n\t\t\t\t\t<\/a>\n\t\t\t\t<\/div>\n\t\t\t\t\t\t\t\t<\/div>\n\t\t\t\t<\/div>\n\t\t\t\t\t<\/div>\n\t\t<\/div>\n\t\t\t\t\t<\/div>\n\t\t<\/section>\n\t\t\t\t<section class=\"elementor-section elementor-top-section elementor-element elementor-element-32d2164 elementor-section-boxed elementor-section-height-default elementor-section-height-default\" data-id=\"32d2164\" data-element_type=\"section\" data-e-type=\"section\">\n\t\t\t\t\t\t<div class=\"elementor-container elementor-column-gap-default\">\n\t\t\t\t\t<div class=\"elementor-column elementor-col-100 elementor-top-column elementor-element elementor-element-085621a\" data-id=\"085621a\" data-element_type=\"column\" data-e-type=\"column\">\n\t\t\t<div class=\"elementor-widget-wrap elementor-element-populated\">\n\t\t\t\t\t\t<div class=\"elementor-element elementor-element-208924a elementor-widget elementor-widget-heading\" data-id=\"208924a\" data-element_type=\"widget\" data-e-type=\"widget\" data-widget_type=\"heading.default\">\n\t\t\t\t<div class=\"elementor-widget-container\">\n\t\t\t\t\t<h2 class=\"elementor-heading-title elementor-size-default\">La ventaja de Los Buzos es vivir en medio de donde est\u00e1n los peces<\/h2>\t\t\t\t<\/div>\n\t\t\t\t<\/div>\n\t\t\t\t<div class=\"elementor-element elementor-element-7c9d765 elementor-widget elementor-widget-text-editor\" data-id=\"7c9d765\" data-element_type=\"widget\" data-e-type=\"widget\" data-widget_type=\"text-editor.default\">\n\t\t\t\t<div class=\"elementor-widget-container\">\n\t\t\t\t\t\t\t\t\t<p>Panam\u00e1 posee actualmente dos de los tres tipos de destinos pesqueros que hist\u00f3ricamente atraen a pescadores de todo el mundo. Los Buzos se encuentra en una posici\u00f3n \u00fanica para completar la pieza que falta en el rompecabezas para ayudar a Panam\u00e1 a reconocer todo su potencial de pesca deportiva.<\/p>\n<p>Situado en el coraz\u00f3n de Marlin Alley, Los Buzos ocupa una posici\u00f3n estrat\u00e9gica para las operaciones de pesca deportiva de Marlin. A diferencia de Costa Rica, donde los principales puertos deportivos requieren viajes nocturnos de 120 a 200 millas para llegar a las mejores zonas de pesca de Marlin, Los Buzos ofrece opciones diarias desde la Bah\u00eda de Pi\u00f1as hasta Hannibal y las 200 millas intermedias. Gracias a su c\u00e9ntrica ubicaci\u00f3n en esta privilegiada zona de pesca, donde los mejores barcos quieren pescar, Los Buzos se convertir\u00e1 en el centro neur\u00e1lgico de los mejores barcos de caza y pesca deportiva del Pac\u00edfico.<\/p>\n\t\t\t\t\t\t\t\t<\/div>\n\t\t\t\t<\/div>\n\t\t\t\t\t<\/div>\n\t\t<\/div>\n\t\t\t\t\t<\/div>\n\t\t<\/section>\n\t\t\t\t<section class=\"elementor-section elementor-top-section elementor-element elementor-element-8d920cf elementor-section-boxed elementor-section-height-default elementor-section-height-default\" data-id=\"8d920cf\" data-element_type=\"section\" data-e-type=\"section\">\n\t\t\t\t\t\t<div class=\"elementor-container elementor-column-gap-default\">\n\t\t\t\t\t<div class=\"elementor-column elementor-col-50 elementor-top-column elementor-element elementor-element-f19e3c0\" data-id=\"f19e3c0\" data-element_type=\"column\" data-e-type=\"column\">\n\t\t\t<div class=\"elementor-widget-wrap elementor-element-populated\">\n\t\t\t\t\t\t<div class=\"elementor-element elementor-element-c9e8d06 elementor-widget elementor-widget-heading\" data-id=\"c9e8d06\" data-element_type=\"widget\" data-e-type=\"widget\" data-widget_type=\"heading.default\">\n\t\t\t\t<div class=\"elementor-widget-container\">\n\t\t\t\t\t<h2 class=\"elementor-heading-title elementor-size-default\">\u00bfD\u00f3nde se encuentra el Desarrollo Inmobiliario en la Playa en Los Buzos?<\/h2>\t\t\t\t<\/div>\n\t\t\t\t<\/div>\n\t\t\t\t<div class=\"elementor-element elementor-element-d9ef6f9 elementor-widget elementor-widget-image-gallery\" data-id=\"d9ef6f9\" data-element_type=\"widget\" data-e-type=\"widget\" data-widget_type=\"image-gallery.default\">\n\t\t\t\t<div class=\"elementor-widget-container\">\n\t\t\t\t\t\t\t<div class=\"elementor-image-gallery\">\n\t\t\t<div id='gallery-1' class='gallery galleryid-10466 gallery-columns-1 gallery-size-full'><figure class='gallery-item'>\n\t\t\t<div class='gallery-icon portrait'>\n\t\t\t\t<a data-elementor-open-lightbox=\"yes\" data-elementor-lightbox-slideshow=\"d9ef6f9\" data-elementor-lightbox-title=\"Los Buzos_main 1000h\" data-e-action-hash=\"#elementor-action%3Aaction%3Dlightbox%26settings%3DeyJpZCI6MTAxNzQsInVybCI6Imh0dHBzOlwvXC9sb3NidXpvcy5jb21cL3dwLWNvbnRlbnRcL3VwbG9hZHNcLzIwMjRcLzAyXC9Mb3MtQnV6b3NfbWFpbi0xMDAwaC53ZWJwIiwic2xpZGVzaG93IjoiZDllZjZmOSJ9\" href='https:\/\/losbuzos.com\/wp-content\/uploads\/2024\/02\/Los-Buzos_main-1000h.webp'><img fetchpriority=\"high\" decoding=\"async\" width=\"831\" height=\"1000\" src=\"https:\/\/losbuzos.com\/wp-content\/uploads\/2024\/02\/Los-Buzos_main-1000h.webp\" class=\"attachment-full size-full\" alt=\"Los Buzos: Offshore Fishing &amp; Adventure Resort|Desarrollo Inmobiliario en la Playa\" srcset=\"https:\/\/losbuzos.com\/wp-content\/uploads\/2024\/02\/Los-Buzos_main-1000h.webp 831w, https:\/\/losbuzos.com\/wp-content\/uploads\/2024\/02\/Los-Buzos_main-1000h-249x300.webp 249w, https:\/\/losbuzos.com\/wp-content\/uploads\/2024\/02\/Los-Buzos_main-1000h-768x924.webp 768w\" sizes=\"(max-width: 831px) 100vw, 831px\" title=\"Los Buzos: Offshore Fishing &amp; Adventure Resort | Desarrollo Inmobiliario en la Playa\" \/><\/a>\n\t\t\t<\/div><\/figure>\n\t\t<\/div>\n\t\t<\/div>\n\t\t\t\t\t\t<\/div>\n\t\t\t\t<\/div>\n\t\t\t\t\t<\/div>\n\t\t<\/div>\n\t\t\t\t<div class=\"elementor-column elementor-col-50 elementor-top-column elementor-element elementor-element-c8206ca\" data-id=\"c8206ca\" data-element_type=\"column\" data-e-type=\"column\">\n\t\t\t<div class=\"elementor-widget-wrap elementor-element-populated\">\n\t\t\t\t\t\t<div class=\"elementor-element elementor-element-52b3a14 elementor-widget elementor-widget-image\" data-id=\"52b3a14\" data-element_type=\"widget\" data-e-type=\"widget\" data-widget_type=\"image.default\">\n\t\t\t\t<div class=\"elementor-widget-container\">\n\t\t\t\t\t\t\t\t\t\t\t\t\t\t\t<img decoding=\"async\" width=\"700\" height=\"387\" src=\"https:\/\/losbuzos.com\/wp-content\/uploads\/2024\/09\/los-buzos_plan.webp\" class=\"attachment-large size-large wp-image-11223\" alt=\"Los Buzos: Offshore Fishing &amp; Adventure Resort|Desarrollo Inmobiliario en la Playa\" srcset=\"https:\/\/losbuzos.com\/wp-content\/uploads\/2024\/09\/los-buzos_plan.webp 700w, https:\/\/losbuzos.com\/wp-content\/uploads\/2024\/09\/los-buzos_plan-300x166.webp 300w\" sizes=\"(max-width: 700px) 100vw, 700px\" title=\"Los Buzos: Offshore Fishing &amp; Adventure Resort | Desarrollo Inmobiliario en la Playa\" \/>\t\t\t\t\t\t\t\t\t\t\t\t\t\t\t<\/div>\n\t\t\t\t<\/div>\n\t\t\t\t\t<\/div>\n\t\t<\/div>\n\t\t\t\t\t<\/div>\n\t\t<\/section>\n\t\t\t\t<section class=\"elementor-section elementor-top-section elementor-element elementor-element-2a9a14c elementor-section-boxed elementor-section-height-default elementor-section-height-default\" data-id=\"2a9a14c\" data-element_type=\"section\" data-e-type=\"section\">\n\t\t\t\t\t\t<div class=\"elementor-container elementor-column-gap-default\">\n\t\t\t\t\t<div class=\"elementor-column elementor-col-50 elementor-top-column elementor-element elementor-element-3822277\" data-id=\"3822277\" data-element_type=\"column\" data-e-type=\"column\">\n\t\t\t<div class=\"elementor-widget-wrap elementor-element-populated\">\n\t\t\t\t\t\t<div class=\"elementor-element elementor-element-7835fcf elementor-widget elementor-widget-image\" data-id=\"7835fcf\" data-element_type=\"widget\" data-e-type=\"widget\" data-widget_type=\"image.default\">\n\t\t\t\t<div class=\"elementor-widget-container\">\n\t\t\t\t\t\t\t\t\t\t\t\t\t\t\t\t<a href=\"https:\/\/losbuzos.com\/es\/resort-residential\/\">\n\t\t\t\t\t\t\t<img decoding=\"async\" width=\"523\" height=\"519\" src=\"https:\/\/losbuzos.com\/wp-content\/uploads\/2024\/09\/resort_plan_3.webp\" class=\"attachment-large size-large wp-image-11230\" alt=\"Los Buzos: Offshore Fishing &amp; Adventure Resort|Desarrollo Inmobiliario en la Playa\" srcset=\"https:\/\/losbuzos.com\/wp-content\/uploads\/2024\/09\/resort_plan_3.webp 523w, https:\/\/losbuzos.com\/wp-content\/uploads\/2024\/09\/resort_plan_3-300x298.webp 300w, https:\/\/losbuzos.com\/wp-content\/uploads\/2024\/09\/resort_plan_3-150x150.webp 150w\" sizes=\"(max-width: 523px) 100vw, 523px\" title=\"Los Buzos: Offshore Fishing &amp; Adventure Resort | Desarrollo Inmobiliario en la Playa\" \/>\t\t\t\t\t\t\t\t<\/a>\n\t\t\t\t\t\t\t\t\t\t\t\t\t\t\t<\/div>\n\t\t\t\t<\/div>\n\t\t\t\t<div class=\"elementor-element elementor-element-826235a elementor-widget elementor-widget-heading\" data-id=\"826235a\" data-element_type=\"widget\" data-e-type=\"widget\" data-widget_type=\"heading.default\">\n\t\t\t\t<div class=\"elementor-widget-container\">\n\t\t\t\t\t<h2 class=\"elementor-heading-title elementor-size-default\">Resort Residential<\/h2>\t\t\t\t<\/div>\n\t\t\t\t<\/div>\n\t\t\t\t\t<\/div>\n\t\t<\/div>\n\t\t\t\t<div class=\"elementor-column elementor-col-50 elementor-top-column elementor-element elementor-element-84ae3c7\" data-id=\"84ae3c7\" data-element_type=\"column\" data-e-type=\"column\">\n\t\t\t<div class=\"elementor-widget-wrap elementor-element-populated\">\n\t\t\t\t\t\t<div class=\"elementor-element elementor-element-606ba00 elementor-widget elementor-widget-image\" data-id=\"606ba00\" data-element_type=\"widget\" data-e-type=\"widget\" data-widget_type=\"image.default\">\n\t\t\t\t<div class=\"elementor-widget-container\">\n\t\t\t\t\t\t\t\t\t\t\t\t\t\t\t\t<a href=\"https:\/\/losbuzos.com\/es\/marina-resort-leashold\/\">\n\t\t\t\t\t\t\t<img loading=\"lazy\" decoding=\"async\" width=\"530\" height=\"489\" src=\"https:\/\/losbuzos.com\/wp-content\/uploads\/2024\/09\/resort-leasehold_plan.webp\" class=\"attachment-large size-large wp-image-11225\" alt=\"Los Buzos: Offshore Fishing &amp; Adventure Resort|Desarrollo Inmobiliario en la Playa\" srcset=\"https:\/\/losbuzos.com\/wp-content\/uploads\/2024\/09\/resort-leasehold_plan.webp 530w, https:\/\/losbuzos.com\/wp-content\/uploads\/2024\/09\/resort-leasehold_plan-300x277.webp 300w\" sizes=\"(max-width: 530px) 100vw, 530px\" title=\"Los Buzos: Offshore Fishing &amp; Adventure Resort | Desarrollo Inmobiliario en la Playa\" \/>\t\t\t\t\t\t\t\t<\/a>\n\t\t\t\t\t\t\t\t\t\t\t\t\t\t\t<\/div>\n\t\t\t\t<\/div>\n\t\t\t\t<div class=\"elementor-element elementor-element-1cf2d38 elementor-widget elementor-widget-heading\" data-id=\"1cf2d38\" data-element_type=\"widget\" data-e-type=\"widget\" data-widget_type=\"heading.default\">\n\t\t\t\t<div class=\"elementor-widget-container\">\n\t\t\t\t\t<h2 class=\"elementor-heading-title elementor-size-default\">Marina Resort Leashold<\/h2>\t\t\t\t<\/div>\n\t\t\t\t<\/div>\n\t\t\t\t\t<\/div>\n\t\t<\/div>\n\t\t\t\t\t<\/div>\n\t\t<\/section>\n\t\t\t\t<\/div>\n\t\t","protected":false},"excerpt":{"rendered":"<p>DESARROLLO INMOBILIARIO EN LA PLAYA EN LOS BUZOS De viaje so\u00f1ado a hogar y base de operaciones \u00a1Para m\u00e1s informaci\u00f3n de Bienes Ra\u00edces haz click aqu\u00ed! La ventaja de Los Buzos es vivir en medio de donde est\u00e1n los peces Panam\u00e1 posee actualmente dos de los tres tipos de destinos pesqueros que hist\u00f3ricamente atraen a [&hellip;]<\/p>\n","protected":false},"author":3,"featured_media":0,"parent":0,"menu_order":0,"comment_status":"closed","ping_status":"closed","template":"","meta":{"content-type":"","site-sidebar-layout":"no-sidebar","site-content-layout":"page-builder","ast-site-content-layout":"full-width-container","site-content-style":"default","site-sidebar-style":"default","ast-global-header-display":"","ast-banner-title-visibility":"","ast-main-header-display":"","ast-hfb-above-header-display":"","ast-hfb-below-header-display":"","ast-hfb-mobile-header-display":"","site-post-title":"disabled","ast-breadcrumbs-content":"","ast-featured-img":"disabled","footer-sml-layout":"","ast-disable-related-posts":"","theme-transparent-header-meta":"","adv-header-id-meta":"","stick-header-meta":"","header-above-stick-meta":"","header-main-stick-meta":"","header-below-stick-meta":"","astra-migrate-meta-layouts":"set","ast-page-background-enabled":"default","ast-page-background-meta":{"desktop":{"background-color":"","background-image":"","background-repeat":"repeat","background-position":"center center","background-size":"auto","background-attachment":"scroll","background-type":"","background-media":"","overlay-type":"","overlay-color":"","overlay-opacity":"","overlay-gradient":""},"tablet":{"background-color":"","background-image":"","background-repeat":"repeat","background-position":"center center","background-size":"auto","background-attachment":"scroll","background-type":"","background-media":"","overlay-type":"","overlay-color":"","overlay-opacity":"","overlay-gradient":""},"mobile":{"background-color":"","background-image":"","background-repeat":"repeat","background-position":"center center","background-size":"auto","background-attachment":"scroll","background-type":"","background-media":"","overlay-type":"","overlay-color":"","overlay-opacity":"","overlay-gradient":""}},"ast-content-background-meta":{"desktop":{"background-color":"var(--ast-global-color-5)","background-image":"","background-repeat":"repeat","background-position":"center center","background-size":"auto","background-attachment":"scroll","background-type":"","background-media":"","overlay-type":"","overlay-color":"","overlay-opacity":"","overlay-gradient":""},"tablet":{"background-color":"var(--ast-global-color-5)","background-image":"","background-repeat":"repeat","background-position":"center center","background-size":"auto","background-attachment":"scroll","background-type":"","background-media":"","overlay-type":"","overlay-color":"","overlay-opacity":"","overlay-gradient":""},"mobile":{"background-color":"var(--ast-global-color-5)","background-image":"","background-repeat":"repeat","background-position":"center center","background-size":"auto","background-attachment":"scroll","background-type":"","background-media":"","overlay-type":"","overlay-color":"","overlay-opacity":"","overlay-gradient":""}},"footnotes":""},"class_list":["post-10466","page","type-page","status-publish","hentry"],"_links":{"self":[{"href":"https:\/\/losbuzos.com\/es\/wp-json\/wp\/v2\/pages\/10466","targetHints":{"allow":["GET"]}}],"collection":[{"href":"https:\/\/losbuzos.com\/es\/wp-json\/wp\/v2\/pages"}],"about":[{"href":"https:\/\/losbuzos.com\/es\/wp-json\/wp\/v2\/types\/page"}],"author":[{"embeddable":true,"href":"https:\/\/losbuzos.com\/es\/wp-json\/wp\/v2\/users\/3"}],"replies":[{"embeddable":true,"href":"https:\/\/losbuzos.com\/es\/wp-json\/wp\/v2\/comments?post=10466"}],"version-history":[{"count":16,"href":"https:\/\/losbuzos.com\/es\/wp-json\/wp\/v2\/pages\/10466\/revisions"}],"predecessor-version":[{"id":12765,"href":"https:\/\/losbuzos.com\/es\/wp-json\/wp\/v2\/pages\/10466\/revisions\/12765"}],"wp:attachment":[{"href":"https:\/\/losbuzos.com\/es\/wp-json\/wp\/v2\/media?parent=10466"}],"curies":[{"name":"wp","href":"https:\/\/api.w.org\/{rel}","templated":true}]}}