{"id":8352,"date":"2023-02-28T00:34:09","date_gmt":"2023-02-28T00:34:09","guid":{"rendered":"https:\/\/losbuzos.com\/about-us\/"},"modified":"2026-02-19T06:26:05","modified_gmt":"2026-02-19T06:26:05","slug":"sobre-nosotros","status":"publish","type":"page","link":"https:\/\/losbuzos.com\/es\/sobre-nosotros\/","title":{"rendered":"Sobre Nosotros"},"content":{"rendered":"\t\t<div data-elementor-type=\"wp-page\" data-elementor-id=\"8352\" class=\"elementor elementor-8352 elementor-5467\" data-elementor-post-type=\"page\">\n\t\t\t\t\t\t<section class=\"elementor-section elementor-top-section elementor-element elementor-element-d0e71eb elementor-section-boxed elementor-section-height-default elementor-section-height-default\" data-id=\"d0e71eb\" data-element_type=\"section\" data-e-type=\"section\">\n\t\t\t\t\t\t<div class=\"elementor-container elementor-column-gap-default\">\n\t\t\t\t\t<div class=\"elementor-column elementor-col-100 elementor-top-column elementor-element elementor-element-9b4bbae\" data-id=\"9b4bbae\" data-element_type=\"column\" data-e-type=\"column\">\n\t\t\t<div class=\"elementor-widget-wrap elementor-element-populated\">\n\t\t\t\t\t\t<div class=\"elementor-element elementor-element-515e648 elementor-widget elementor-widget-heading\" data-id=\"515e648\" data-element_type=\"widget\" data-e-type=\"widget\" data-widget_type=\"heading.default\">\n\t\t\t\t<div class=\"elementor-widget-container\">\n\t\t\t\t\t<h1 class=\"elementor-heading-title elementor-size-default\">Sobre Nosotros<\/h1>\t\t\t\t<\/div>\n\t\t\t\t<\/div>\n\t\t\t\t<div class=\"elementor-element elementor-element-07735d9 elementor-widget elementor-widget-text-editor\" data-id=\"07735d9\" data-element_type=\"widget\" data-e-type=\"widget\" data-widget_type=\"text-editor.default\">\n\t\t\t\t<div class=\"elementor-widget-container\">\n\t\t\t\t\t\t\t\t\t<p>Los Buzos Panam\u00e1 fue desarrollado por Eagle Properties de Panam\u00e1, una empresa de desarrollo de propiedad y operaci\u00f3n familiar. Eagle se especializa en desarrollos de uso mixto de poca altura y baja densidad. Despu\u00e9s de haber construido, desarrollado y asesorado a varios propietarios en la costa de Florida y Panam\u00e1 durante m\u00e1s de 30 a\u00f1os, el propietario eligi\u00f3 Los Buzos como el lugar entre todos para retirarse.<\/p><p>El desarrollo de propiedades remotas requiere habilidades y experiencia que son \u00fanicas en la naturaleza. A diferencia de construir en una subdivisi\u00f3n o dentro de los l\u00edmites de una ciudad, el desarrollo remoto requiere un enfoque hol\u00edstico, muy parecido a construir una ciudad desde cero. Si bien siempre es importante comprender los conceptos b\u00e1sicos de las vistas, las densidades y el atractivo exterior que prevalecen en el desarrollo t\u00edpico, el desarrollador remoto tambi\u00e9n debe considerar aspectos tan variados como la recolecci\u00f3n de basura, la construcci\u00f3n de servicios p\u00fablicos, las opciones de env\u00edo, los m\u00e9todos alternativos de construcci\u00f3n y energ\u00eda y otras disciplinas relacionadas. . M\u00e1s que nada, deben ser solucionadores de problemas.<\/p><p>Con antecedentes educativos y a\u00f1os de experiencia en negocios, construcci\u00f3n, educaci\u00f3n y trabajo social, el equipo de Eagle aporta las habilidades necesarias para enfrentar los desaf\u00edos de este tipo de proyecto. Esta es la raz\u00f3n por la que Los Buzos Panam\u00e1 se est\u00e1 convirtiendo r\u00e1pidamente en uno de los principales destinos en Panam\u00e1 para aquellos que buscan vivir, trabajar o vacacionar en un ambiente aut\u00e9ntico, pr\u00edstino y relajado.<\/p><p>Si ha so\u00f1ado con vivir, trabajar o simplemente visitar ese para\u00edso, no dude en enviarnos un correo electr\u00f3nico a sales@losbuzos.com. Hay muchas oportunidades en nuestra \u00e1rea para invertir en un negocio, comprar una casa de vacaciones o de jubilaci\u00f3n, o tomar unas vacaciones prolongadas para disfrutar de una joya rara en Panam\u00e1. Estaremos encantados de ayudarle a empezar.<\/p><p>No tendr\u00edamos el equipo de calidad con el que enviamos a nuestros invitados sin la ayuda de nuestros incre\u00edbles patrocinadores.<\/p>\t\t\t\t\t\t\t\t<\/div>\n\t\t\t\t<\/div>\n\t\t\t\t<div class=\"elementor-element elementor-element-7145b59 elementor-widget elementor-widget-text-editor\" data-id=\"7145b59\" data-element_type=\"widget\" data-e-type=\"widget\" data-widget_type=\"text-editor.default\">\n\t\t\t\t<div class=\"elementor-widget-container\">\n\t\t\t\t\t\t\t\t\t<h2>Cont\u00e1ctenos<\/h2><p>Por favor env\u00edenos un mensaje en caso de que podamos ser de ayuda. Complete el siguiente formulario o env\u00edenos un correo electr\u00f3nico a <a href=\"mailto:sales@losbuzos.com\">sales@losbuzos.com<\/a><\/p><p><em>El acceso a las llamadas telef\u00f3nicas es limitado, env\u00ede un correo electr\u00f3nico primero para programar una hora para una llamada.<\/em><\/p><p>\u00bfQuieres estar al d\u00eda con todas las actualizaciones, fechas disponibles, noticias, informes de viajes y m\u00e1s? <strong>Suscr\u00edbete a nuestro bolet\u00edn de noticias!<\/strong><\/p>\t\t\t\t\t\t\t\t<\/div>\n\t\t\t\t<\/div>\n\t\t\t\t\t<\/div>\n\t\t<\/div>\n\t\t\t\t\t<\/div>\n\t\t<\/section>\n\t\t\t\t<section class=\"elementor-section elementor-top-section elementor-element elementor-element-0a30b05 elementor-section-boxed elementor-section-height-default elementor-section-height-default\" data-id=\"0a30b05\" data-element_type=\"section\" data-e-type=\"section\">\n\t\t\t\t\t\t<div class=\"elementor-container elementor-column-gap-default\">\n\t\t\t\t\t<div class=\"elementor-column elementor-col-100 elementor-top-column elementor-element elementor-element-8557d0d\" data-id=\"8557d0d\" data-element_type=\"column\" data-e-type=\"column\">\n\t\t\t<div class=\"elementor-widget-wrap elementor-element-populated\">\n\t\t\t\t\t\t<div class=\"elementor-element elementor-element-7d92bd0 elementor-widget elementor-widget-text-editor\" data-id=\"7d92bd0\" data-element_type=\"widget\" data-e-type=\"widget\" data-widget_type=\"text-editor.default\">\n\t\t\t\t<div class=\"elementor-widget-container\">\n\t\t\t\t\t\t\t\t\t<h3 class=\"gform_title\">Informaci\u00f3n de Alquiler y Formulario de Reservas<\/h3><p>Para obtener m\u00e1s informaci\u00f3n sobre nuestras casas de alquiler y alojamiento, por favor d\u00e9nos algunos detalles b\u00e1sicos y nos pondremos en contacto con usted a la brevedad.<\/p>\t\t\t\t\t\t\t\t<\/div>\n\t\t\t\t<\/div>\n\t\t\t\t<div class=\"elementor-element elementor-element-d79a100 elementor-widget elementor-widget-template\" data-id=\"d79a100\" data-element_type=\"widget\" data-e-type=\"widget\" data-widget_type=\"template.default\">\n\t\t\t\t<div class=\"elementor-widget-container\">\n\t\t\t\t\t\t\t<div class=\"elementor-template\">\n\t\t\t\t\t<div data-elementor-type=\"section\" data-elementor-id=\"12466\" class=\"elementor elementor-12466 elementor-12396\" data-elementor-post-type=\"elementor_library\">\n\t\t\t\t\t<section class=\"elementor-section elementor-top-section elementor-element elementor-element-b71146c elementor-section-boxed elementor-section-height-default elementor-section-height-default\" data-id=\"b71146c\" data-element_type=\"section\" data-e-type=\"section\">\n\t\t\t\t\t\t<div class=\"elementor-container elementor-column-gap-default\">\n\t\t\t\t\t<div class=\"elementor-column elementor-col-50 elementor-top-column elementor-element elementor-element-7707e42\" data-id=\"7707e42\" data-element_type=\"column\" data-e-type=\"column\">\n\t\t\t<div class=\"elementor-widget-wrap elementor-element-populated\">\n\t\t\t\t\t\t<div class=\"elementor-element elementor-element-47d2c1a elementor-widget__width-inherit elementor-align-center elementor-widget elementor-widget-button\" data-id=\"47d2c1a\" data-element_type=\"widget\" data-e-type=\"widget\" data-widget_type=\"button.default\">\n\t\t\t\t<div class=\"elementor-widget-container\">\n\t\t\t\t\t\t\t\t\t<div class=\"elementor-button-wrapper\">\n\t\t\t\t\t<a class=\"elementor-button elementor-button-link elementor-size-sm\" href=\"https:\/\/losbuzos.com\/es\/reserve-su-viaje\/\">\n\t\t\t\t\t\t<span class=\"elementor-button-content-wrapper\">\n\t\t\t\t\t\t\t\t\t<span class=\"elementor-button-text\">\u00a1Reserva tu viaje aqu\u00ed!<\/span>\n\t\t\t\t\t<\/span>\n\t\t\t\t\t<\/a>\n\t\t\t\t<\/div>\n\t\t\t\t\t\t\t\t<\/div>\n\t\t\t\t<\/div>\n\t\t\t\t\t<\/div>\n\t\t<\/div>\n\t\t\t\t<div class=\"elementor-column elementor-col-50 elementor-top-column elementor-element elementor-element-e840526\" data-id=\"e840526\" data-element_type=\"column\" data-e-type=\"column\">\n\t\t\t<div class=\"elementor-widget-wrap elementor-element-populated\">\n\t\t\t\t\t\t<div class=\"elementor-element elementor-element-acadbdf elementor-align-center elementor-widget elementor-widget-button\" data-id=\"acadbdf\" data-element_type=\"widget\" data-e-type=\"widget\" data-widget_type=\"button.default\">\n\t\t\t\t<div class=\"elementor-widget-container\">\n\t\t\t\t\t\t\t\t\t<div class=\"elementor-button-wrapper\">\n\t\t\t\t\t<a class=\"elementor-button elementor-button-link elementor-size-sm\" href=\"https:\/\/losbuzos.com\/es\/planifica-tu-viaje\/\">\n\t\t\t\t\t\t<span class=\"elementor-button-content-wrapper\">\n\t\t\t\t\t\t\t\t\t<span class=\"elementor-button-text\">\u00a1Planifica tu viaje aqu\u00ed!<\/span>\n\t\t\t\t\t<\/span>\n\t\t\t\t\t<\/a>\n\t\t\t\t<\/div>\n\t\t\t\t\t\t\t\t<\/div>\n\t\t\t\t<\/div>\n\t\t\t\t\t<\/div>\n\t\t<\/div>\n\t\t\t\t\t<\/div>\n\t\t<\/section>\n\t\t\t\t<\/div>\n\t\t\t\t<\/div>\n\t\t\t\t\t\t<\/div>\n\t\t\t\t<\/div>\n\t\t\t\t\t<\/div>\n\t\t<\/div>\n\t\t\t\t\t<\/div>\n\t\t<\/section>\n\t\t\t\t<section class=\"elementor-section elementor-top-section elementor-element elementor-element-f028adf elementor-section-boxed elementor-section-height-default elementor-section-height-default\" data-id=\"f028adf\" data-element_type=\"section\" data-e-type=\"section\">\n\t\t\t\t\t\t<div class=\"elementor-container elementor-column-gap-default\">\n\t\t\t\t\t<div class=\"elementor-column elementor-col-100 elementor-top-column elementor-element elementor-element-7a91eeb\" data-id=\"7a91eeb\" data-element_type=\"column\" data-e-type=\"column\">\n\t\t\t<div class=\"elementor-widget-wrap elementor-element-populated\">\n\t\t\t\t\t\t<div class=\"elementor-element elementor-element-bf18578 elementor-widget elementor-widget-heading\" data-id=\"bf18578\" data-element_type=\"widget\" data-e-type=\"widget\" data-widget_type=\"heading.default\">\n\t\t\t\t<div class=\"elementor-widget-container\">\n\t\t\t\t\t<h2 class=\"elementor-heading-title elementor-size-default\">\u00a1Vis\u00edtanos en nuestras p\u00e1ginas sociales!<\/h2>\t\t\t\t<\/div>\n\t\t\t\t<\/div>\n\t\t\t\t\t<\/div>\n\t\t<\/div>\n\t\t\t\t\t<\/div>\n\t\t<\/section>\n\t\t\t\t<section class=\"elementor-section elementor-top-section elementor-element elementor-element-1659726 elementor-section-boxed elementor-section-height-default elementor-section-height-default\" data-id=\"1659726\" data-element_type=\"section\" data-e-type=\"section\">\n\t\t\t\t\t\t<div class=\"elementor-container elementor-column-gap-default\">\n\t\t\t\t\t<div class=\"elementor-column elementor-col-100 elementor-top-column elementor-element elementor-element-27fcd52\" data-id=\"27fcd52\" data-element_type=\"column\" data-e-type=\"column\">\n\t\t\t<div class=\"elementor-widget-wrap elementor-element-populated\">\n\t\t\t\t\t\t<div class=\"elementor-element elementor-element-c084470 elementor-view-default elementor-widget elementor-widget-icon\" data-id=\"c084470\" data-element_type=\"widget\" data-e-type=\"widget\" data-widget_type=\"icon.default\">\n\t\t\t\t<div class=\"elementor-widget-container\">\n\t\t\t\t\t\t\t<div class=\"elementor-icon-wrapper\">\n\t\t\t<div class=\"elementor-icon\">\n\t\t\t<i aria-hidden=\"true\" class=\"fab fa-facebook\"><\/i>\t\t\t<\/div>\n\t\t<\/div>\n\t\t\t\t\t\t<\/div>\n\t\t\t\t<\/div>\n\t\t\t\t<div class=\"elementor-element elementor-element-6feb11b elementor-widget elementor-widget-text-editor\" data-id=\"6feb11b\" data-element_type=\"widget\" data-e-type=\"widget\" data-widget_type=\"text-editor.default\">\n\t\t\t\t<div class=\"elementor-widget-container\">\n\t\t\t\t\t\t\t\t\t<p style=\"text-align: center;\"><a href=\"https:\/\/www.facebook.com\/LosBuzosPanama\/\" target=\"_blank\" rel=\"noopener\"><span class=\"dsm_icon_list_text\">Los Buzos Panama (Pesca)<\/span><\/a><\/p>\t\t\t\t\t\t\t\t<\/div>\n\t\t\t\t<\/div>\n\t\t\t\t<div class=\"elementor-element elementor-element-0e1737a elementor-view-default elementor-widget elementor-widget-icon\" data-id=\"0e1737a\" data-element_type=\"widget\" data-e-type=\"widget\" data-widget_type=\"icon.default\">\n\t\t\t\t<div class=\"elementor-widget-container\">\n\t\t\t\t\t\t\t<div class=\"elementor-icon-wrapper\">\n\t\t\t<div class=\"elementor-icon\">\n\t\t\t<i aria-hidden=\"true\" class=\"fab fa-facebook\"><\/i>\t\t\t<\/div>\n\t\t<\/div>\n\t\t\t\t\t\t<\/div>\n\t\t\t\t<\/div>\n\t\t\t\t<div class=\"elementor-element elementor-element-9840244 elementor-widget elementor-widget-text-editor\" data-id=\"9840244\" data-element_type=\"widget\" data-e-type=\"widget\" data-widget_type=\"text-editor.default\">\n\t\t\t\t<div class=\"elementor-widget-container\">\n\t\t\t\t\t\t\t\t\t<p style=\"text-align: center;\"><a href=\"https:\/\/www.facebook.com\/losbuzosresort\" target=\"_blank\" rel=\"noopener\"><span class=\"dsm_icon_list_text\">Los Buzos Resort (Estilo de Vida)<\/span><\/a><\/p>\t\t\t\t\t\t\t\t<\/div>\n\t\t\t\t<\/div>\n\t\t\t\t<div class=\"elementor-element elementor-element-f40a02a elementor-view-default elementor-widget elementor-widget-icon\" data-id=\"f40a02a\" data-element_type=\"widget\" data-e-type=\"widget\" data-widget_type=\"icon.default\">\n\t\t\t\t<div class=\"elementor-widget-container\">\n\t\t\t\t\t\t\t<div class=\"elementor-icon-wrapper\">\n\t\t\t<div class=\"elementor-icon\">\n\t\t\t<i aria-hidden=\"true\" class=\"fab fa-instagram\"><\/i>\t\t\t<\/div>\n\t\t<\/div>\n\t\t\t\t\t\t<\/div>\n\t\t\t\t<\/div>\n\t\t\t\t<div class=\"elementor-element elementor-element-ec4d1fd elementor-widget elementor-widget-text-editor\" data-id=\"ec4d1fd\" data-element_type=\"widget\" data-e-type=\"widget\" data-widget_type=\"text-editor.default\">\n\t\t\t\t<div class=\"elementor-widget-container\">\n\t\t\t\t\t\t\t\t\t<p style=\"text-align: center;\"><a href=\"https:\/\/www.instagram.com\/losbuzospanama\/\" target=\"_blank\" rel=\"noopener\"><span class=\"dsm_icon_list_text\">@losbuzospanama<\/span><\/a><\/p>\t\t\t\t\t\t\t\t<\/div>\n\t\t\t\t<\/div>\n\t\t\t\t<div class=\"elementor-element elementor-element-568b742 elementor-view-default elementor-widget elementor-widget-icon\" data-id=\"568b742\" data-element_type=\"widget\" data-e-type=\"widget\" data-widget_type=\"icon.default\">\n\t\t\t\t<div class=\"elementor-widget-container\">\n\t\t\t\t\t\t\t<div class=\"elementor-icon-wrapper\">\n\t\t\t<div class=\"elementor-icon\">\n\t\t\t<i aria-hidden=\"true\" class=\"fab fa-youtube\"><\/i>\t\t\t<\/div>\n\t\t<\/div>\n\t\t\t\t\t\t<\/div>\n\t\t\t\t<\/div>\n\t\t\t\t<div class=\"elementor-element elementor-element-6251391 elementor-widget elementor-widget-text-editor\" data-id=\"6251391\" data-element_type=\"widget\" data-e-type=\"widget\" data-widget_type=\"text-editor.default\">\n\t\t\t\t<div class=\"elementor-widget-container\">\n\t\t\t\t\t\t\t\t\t<p style=\"text-align: center;\"><a href=\"https:\/\/www.youtube.com\/channel\/UCqCCD4WkzmQQlc8Rp7bvF5w\" target=\"_blank\" rel=\"noopener\"><span class=\"dsm_icon_list_text\">Los Buzos Panama<\/span><\/a><\/p>\t\t\t\t\t\t\t\t<\/div>\n\t\t\t\t<\/div>\n\t\t\t\t\t<\/div>\n\t\t<\/div>\n\t\t\t\t\t<\/div>\n\t\t<\/section>\n\t\t\t\t<section class=\"elementor-section elementor-top-section elementor-element elementor-element-bfce714 elementor-section-boxed elementor-section-height-default elementor-section-height-default\" data-id=\"bfce714\" data-element_type=\"section\" data-e-type=\"section\">\n\t\t\t\t\t\t<div class=\"elementor-container elementor-column-gap-default\">\n\t\t\t\t\t<div class=\"elementor-column elementor-col-100 elementor-top-column elementor-element elementor-element-b8f1844\" data-id=\"b8f1844\" data-element_type=\"column\" data-e-type=\"column\">\n\t\t\t<div class=\"elementor-widget-wrap elementor-element-populated\">\n\t\t\t\t\t\t<div class=\"elementor-element elementor-element-690aa6a elementor-widget elementor-widget-html\" data-id=\"690aa6a\" data-element_type=\"widget\" data-e-type=\"widget\" data-widget_type=\"html.default\">\n\t\t\t\t<div class=\"elementor-widget-container\">\n\t\t\t\t\t<iframe src=\"https:\/\/www.google.com\/maps\/embed?pb=!1m14!1m8!1m3!1d6441.908081558485!2d-80.505798!3d7.251274!3m2!1i1024!2i768!4f13.1!3m3!1m2!1s0x0%3A0xafe28924795ac753!2sLos%20Buzos%20Resort!5e1!3m2!1sen!2sus!4v1677857063084!5m2!1sen!2sus\" width=\"600\" height=\"450\" style=\"border:0;\" allowfullscreen=\"\" loading=\"lazy\" referrerpolicy=\"no-referrer-when-downgrade\"><\/iframe>\t\t\t\t<\/div>\n\t\t\t\t<\/div>\n\t\t\t\t\t<\/div>\n\t\t<\/div>\n\t\t\t\t\t<\/div>\n\t\t<\/section>\n\t\t\t\t<\/div>\n\t\t","protected":false},"excerpt":{"rendered":"<p>Sobre Nosotros Los Buzos Panam\u00e1 fue desarrollado por Eagle Properties de Panam\u00e1, una empresa de desarrollo de propiedad y operaci\u00f3n familiar. Eagle se especializa en desarrollos de uso mixto de poca altura y baja densidad. Despu\u00e9s de haber construido, desarrollado y asesorado a varios propietarios en la costa de Florida y Panam\u00e1 durante m\u00e1s de [&hellip;]<\/p>\n","protected":false},"author":3,"featured_media":0,"parent":0,"menu_order":0,"comment_status":"closed","ping_status":"closed","template":"","meta":{"content-type":"","site-sidebar-layout":"no-sidebar","site-content-layout":"page-builder","ast-site-content-layout":"full-width-container","site-content-style":"unboxed","site-sidebar-style":"unboxed","ast-global-header-display":"","ast-banner-title-visibility":"","ast-main-header-display":"","ast-hfb-above-header-display":"","ast-hfb-below-header-display":"","ast-hfb-mobile-header-display":"","site-post-title":"disabled","ast-breadcrumbs-content":"","ast-featured-img":"disabled","footer-sml-layout":"","ast-disable-related-posts":"","theme-transparent-header-meta":"","adv-header-id-meta":"","stick-header-meta":"","header-above-stick-meta":"","header-main-stick-meta":"","header-below-stick-meta":"","astra-migrate-meta-layouts":"set","ast-page-background-enabled":"default","ast-page-background-meta":{"desktop":{"background-color":"","background-image":"","background-repeat":"repeat","background-position":"center center","background-size":"auto","background-attachment":"scroll","background-type":"","background-media":"","overlay-type":"","overlay-color":"","overlay-opacity":"","overlay-gradient":""},"tablet":{"background-color":"","background-image":"","background-repeat":"repeat","background-position":"center center","background-size":"auto","background-attachment":"scroll","background-type":"","background-media":"","overlay-type":"","overlay-color":"","overlay-opacity":"","overlay-gradient":""},"mobile":{"background-color":"","background-image":"","background-repeat":"repeat","background-position":"center center","background-size":"auto","background-attachment":"scroll","background-type":"","background-media":"","overlay-type":"","overlay-color":"","overlay-opacity":"","overlay-gradient":""}},"ast-content-background-meta":{"desktop":{"background-color":"var(--ast-global-color-5)","background-image":"","background-repeat":"repeat","background-position":"center center","background-size":"auto","background-attachment":"scroll","background-type":"","background-media":"","overlay-type":"","overlay-color":"","overlay-opacity":"","overlay-gradient":""},"tablet":{"background-color":"var(--ast-global-color-5)","background-image":"","background-repeat":"repeat","background-position":"center center","background-size":"auto","background-attachment":"scroll","background-type":"","background-media":"","overlay-type":"","overlay-color":"","overlay-opacity":"","overlay-gradient":""},"mobile":{"background-color":"var(--ast-global-color-5)","background-image":"","background-repeat":"repeat","background-position":"center center","background-size":"auto","background-attachment":"scroll","background-type":"","background-media":"","overlay-type":"","overlay-color":"","overlay-opacity":"","overlay-gradient":""}},"footnotes":""},"class_list":["post-8352","page","type-page","status-publish","hentry"],"_links":{"self":[{"href":"https:\/\/losbuzos.com\/es\/wp-json\/wp\/v2\/pages\/8352","targetHints":{"allow":["GET"]}}],"collection":[{"href":"https:\/\/losbuzos.com\/es\/wp-json\/wp\/v2\/pages"}],"about":[{"href":"https:\/\/losbuzos.com\/es\/wp-json\/wp\/v2\/types\/page"}],"author":[{"embeddable":true,"href":"https:\/\/losbuzos.com\/es\/wp-json\/wp\/v2\/users\/3"}],"replies":[{"embeddable":true,"href":"https:\/\/losbuzos.com\/es\/wp-json\/wp\/v2\/comments?post=8352"}],"version-history":[{"count":45,"href":"https:\/\/losbuzos.com\/es\/wp-json\/wp\/v2\/pages\/8352\/revisions"}],"predecessor-version":[{"id":12779,"href":"https:\/\/losbuzos.com\/es\/wp-json\/wp\/v2\/pages\/8352\/revisions\/12779"}],"wp:attachment":[{"href":"https:\/\/losbuzos.com\/es\/wp-json\/wp\/v2\/media?parent=8352"}],"curies":[{"name":"wp","href":"https:\/\/api.w.org\/{rel}","templated":true}]}}