{"id":8356,"date":"2023-03-09T19:38:00","date_gmt":"2023-03-09T19:38:00","guid":{"rendered":"https:\/\/losbuzos.com\/fishing-packages\/"},"modified":"2026-02-17T10:01:01","modified_gmt":"2026-02-17T10:01:01","slug":"paquetes-de-pesca-surf-y-diversion","status":"publish","type":"page","link":"https:\/\/losbuzos.com\/es\/paquetes-de-pesca-surf-y-diversion\/","title":{"rendered":"Paquetes de Pesca, Surf y Diversi\u00f3n"},"content":{"rendered":"\t\t<div data-elementor-type=\"wp-page\" data-elementor-id=\"8356\" class=\"elementor elementor-8356 elementor-6434\" data-elementor-post-type=\"page\">\n\t\t\t\t\t\t<section class=\"elementor-section elementor-top-section elementor-element elementor-element-0342788 elementor-section-full_width elementor-section-height-default elementor-section-height-default\" data-id=\"0342788\" data-element_type=\"section\" data-e-type=\"section\">\n\t\t\t\t\t\t<div class=\"elementor-container elementor-column-gap-no\">\n\t\t\t\t\t<div class=\"elementor-column elementor-col-100 elementor-top-column elementor-element elementor-element-7a194d7\" data-id=\"7a194d7\" data-element_type=\"column\" data-e-type=\"column\">\n\t\t\t<div class=\"elementor-widget-wrap elementor-element-populated\">\n\t\t\t\t\t\t<div class=\"elementor-element elementor-element-34bf584 elementor--h-position-center elementor--v-position-middle elementor-arrows-position-inside elementor-pagination-position-inside elementor-widget elementor-widget-slides\" data-id=\"34bf584\" data-element_type=\"widget\" data-e-type=\"widget\" data-settings=\"{&quot;navigation&quot;:&quot;both&quot;,&quot;autoplay&quot;:&quot;yes&quot;,&quot;pause_on_hover&quot;:&quot;yes&quot;,&quot;pause_on_interaction&quot;:&quot;yes&quot;,&quot;autoplay_speed&quot;:5000,&quot;infinite&quot;:&quot;yes&quot;,&quot;transition&quot;:&quot;slide&quot;,&quot;transition_speed&quot;:500}\" data-widget_type=\"slides.default\">\n\t\t\t\t<div class=\"elementor-widget-container\">\n\t\t\t\t\t\t\t\t\t<div class=\"elementor-swiper\">\n\t\t\t\t\t<div class=\"elementor-slides-wrapper elementor-main-swiper swiper\" role=\"region\" aria-roledescription=\"carousel\" aria-label=\"Diapositivas\" dir=\"ltr\" data-animation=\"fadeInUp\">\n\t\t\t\t<div class=\"swiper-wrapper elementor-slides\">\n\t\t\t\t\t\t\t\t\t\t<div class=\"elementor-repeater-item-ebb5174 swiper-slide\" role=\"group\" aria-roledescription=\"slide\"><div class=\"swiper-slide-bg\" role=\"img\" aria-label=\"slide_2\"><\/div><a class=\"swiper-slide-inner\" href=\"https:\/\/losbuzos.com\/es\/fishing-packages\/kayak-package-details\/\"><div class=\"swiper-slide-contents\"><div class=\"elementor-slide-heading\">Paquetes de Pesca en Kayak<\/div><div  class=\"elementor-button elementor-slide-button elementor-size-sm\">Obtenga Tarifas<\/div><\/div><\/a><\/div><div class=\"elementor-repeater-item-f12958c swiper-slide\" role=\"group\" aria-roledescription=\"slide\"><div class=\"swiper-slide-bg\" role=\"img\" aria-label=\"slide_1\"><\/div><a class=\"swiper-slide-inner\" href=\"https:\/\/losbuzos.com\/es\/fishing-packages\/mixed-sport-fishing-package\/\"><div class=\"swiper-slide-contents\"><div class=\"elementor-slide-heading\">Paquete Pesca Deportiva Mixta<\/div><div  class=\"elementor-button elementor-slide-button elementor-size-sm\">Obtenga Tarifas<\/div><\/div><\/a><\/div><div class=\"elementor-repeater-item-b327a09 swiper-slide\" role=\"group\" aria-roledescription=\"slide\"><div class=\"swiper-slide-bg\" role=\"img\" aria-label=\"slide_4\"><\/div><a class=\"swiper-slide-inner\" href=\"https:\/\/losbuzos.com\/es\/fishing-packages\/fly-fishing-package\/\"><div class=\"swiper-slide-contents\"><div class=\"elementor-slide-heading\">Paquete de Fly Fishing<\/div><div  class=\"elementor-button elementor-slide-button elementor-size-sm\">Obtenga Tarifas<\/div><\/div><\/a><\/div><div class=\"elementor-repeater-item-c90cfa9 swiper-slide\" role=\"group\" aria-roledescription=\"slide\"><div class=\"swiper-slide-bg\" role=\"img\" aria-label=\"slide_3\"><\/div><a class=\"swiper-slide-inner\" href=\"https:\/\/losbuzos.com\/es\/fishing-packages\/slow-pitch-specialty-trip-package\/\"><div class=\"swiper-slide-contents\"><div class=\"elementor-slide-heading\">Paquete de Viaje Especial de Paso Lento<\/div><div  class=\"elementor-button elementor-slide-button elementor-size-sm\">Obtenga Tarifas<\/div><\/div><\/a><\/div>\t\t\t\t<\/div>\n\t\t\t\t\t\t\t\t\t\t\t\t\t\t\t<div class=\"elementor-swiper-button elementor-swiper-button-prev\" role=\"button\" tabindex=\"0\" aria-label=\"Diapositiva anterior\">\n\t\t\t\t\t\t\t<i aria-hidden=\"true\" class=\"eicon-chevron-left\"><\/i>\t\t\t\t\t\t<\/div>\n\t\t\t\t\t\t<div class=\"elementor-swiper-button elementor-swiper-button-next\" role=\"button\" tabindex=\"0\" aria-label=\"Diapositiva siguiente\">\n\t\t\t\t\t\t\t<i aria-hidden=\"true\" class=\"eicon-chevron-right\"><\/i>\t\t\t\t\t\t<\/div>\n\t\t\t\t\t\t\t\t\t\t\t\t\t\t\t\t<div class=\"swiper-pagination\"><\/div>\n\t\t\t\t\t\t\t\t\t\t\t\t<\/div>\n\t\t\t\t<\/div>\n\t\t\t\t\t\t\t\t<\/div>\n\t\t\t\t<\/div>\n\t\t\t\t<div class=\"elementor-element elementor-element-90f84a2 elementor-widget elementor-widget-spacer\" data-id=\"90f84a2\" data-element_type=\"widget\" data-e-type=\"widget\" data-widget_type=\"spacer.default\">\n\t\t\t\t<div class=\"elementor-widget-container\">\n\t\t\t\t\t\t\t<div class=\"elementor-spacer\">\n\t\t\t<div class=\"elementor-spacer-inner\"><\/div>\n\t\t<\/div>\n\t\t\t\t\t\t<\/div>\n\t\t\t\t<\/div>\n\t\t\t\t\t<\/div>\n\t\t<\/div>\n\t\t\t\t\t<\/div>\n\t\t<\/section>\n\t\t\t\t<section class=\"elementor-section elementor-top-section elementor-element elementor-element-de82403 elementor-section-boxed elementor-section-height-default elementor-section-height-default\" data-id=\"de82403\" data-element_type=\"section\" data-e-type=\"section\">\n\t\t\t\t\t\t<div class=\"elementor-container elementor-column-gap-default\">\n\t\t\t\t\t<div class=\"elementor-column elementor-col-50 elementor-top-column elementor-element elementor-element-9a70c38\" data-id=\"9a70c38\" data-element_type=\"column\" data-e-type=\"column\">\n\t\t\t<div class=\"elementor-widget-wrap elementor-element-populated\">\n\t\t\t\t\t\t<div class=\"elementor-element elementor-element-b2e573a elementor-widget elementor-widget-heading\" data-id=\"b2e573a\" data-element_type=\"widget\" data-e-type=\"widget\" data-widget_type=\"heading.default\">\n\t\t\t\t<div class=\"elementor-widget-container\">\n\t\t\t\t\t<h1 class=\"elementor-heading-title elementor-size-default\">PAQUETES DE PESCA LOS BUZOS<\/h1>\t\t\t\t<\/div>\n\t\t\t\t<\/div>\n\t\t\t\t<div class=\"elementor-element elementor-element-e815b11 elementor-widget elementor-widget-text-editor\" data-id=\"e815b11\" data-element_type=\"widget\" data-e-type=\"widget\" data-widget_type=\"text-editor.default\">\n\t\t\t\t<div class=\"elementor-widget-container\">\n\t\t\t\t\t\t\t\t\t<p>En Los Buzos ofrecemos una variedad de opciones para pescadores de todo tipo, desde nuestro exclusivo paquete de pesca grupal en kayak en alta mar, hasta paquetes de pesca en bote m\u00e1s tradicionales que ofrecen variaciones de pesca con mosca, trolling y jigging.<\/p>\t\t\t\t\t\t\t\t<\/div>\n\t\t\t\t<\/div>\n\t\t\t\t<div class=\"elementor-element elementor-element-f99fa4d elementor-widget elementor-widget-heading\" data-id=\"f99fa4d\" data-element_type=\"widget\" data-e-type=\"widget\" data-widget_type=\"heading.default\">\n\t\t\t\t<div class=\"elementor-widget-container\">\n\t\t\t\t\t<h2 class=\"elementor-heading-title elementor-size-default\">Exclusivo grupo de pesca en kayak en alta mar<\/h2>\t\t\t\t<\/div>\n\t\t\t\t<\/div>\n\t\t\t\t<div class=\"elementor-element elementor-element-9835e8d elementor-widget elementor-widget-text-editor\" data-id=\"9835e8d\" data-element_type=\"widget\" data-e-type=\"widget\" data-widget_type=\"text-editor.default\">\n\t\t\t\t<div class=\"elementor-widget-container\">\n\t\t\t\t\t\t\t\t\t<p>Grupos grandes (10 a 12) en kayak donde la pesca predominantemente desde kayaks y algunas cosas como d\u00edas de panga nodriza, equipo, mejoras de habitaci\u00f3n, etc. son opcionales y a la carta. Los solteros o cualquier n\u00famero pueden unirse al grupo, pero el horario diario es menos flexible para acomodar el grupo completo y las condiciones. Esta es la opci\u00f3n m\u00e1s asequible en Los Buzos y est\u00e1 construida espec\u00edficamente en torno al mercado de pesca en kayak en alta mar, donde la mayor\u00eda de los pescadores prefieren su propio equipo (o patrocinadores), sus propios aparejos y alojamiento b\u00e1sico, por lo tanto, el men\u00fa a la carta. Para que esta opci\u00f3n sea m\u00e1s accesible para todos, ofrecemos la opci\u00f3n de alquiler de equipo y opciones diarias para realizar excursiones en panga, venta de aparejos en el lugar y mejoras a los alojamientos b\u00e1sicos. <strong>Esta opci\u00f3n es la mejor para aquellos interesados predominantemente en pescar desde kayaks y para aquellos que prefieren un plan a la carta para mejoras de equipo y alojamiento.<\/strong><\/p>\t\t\t\t\t\t\t\t<\/div>\n\t\t\t\t<\/div>\n\t\t\t\t<div class=\"elementor-element elementor-element-c360add elementor-widget elementor-widget-heading\" data-id=\"c360add\" data-element_type=\"widget\" data-e-type=\"widget\" data-widget_type=\"heading.default\">\n\t\t\t\t<div class=\"elementor-widget-container\">\n\t\t\t\t\t<h2 class=\"elementor-heading-title elementor-size-default\">Pesca Deportiva Mixta<\/h2>\t\t\t\t<\/div>\n\t\t\t\t<\/div>\n\t\t\t\t<div class=\"elementor-element elementor-element-4b5e7cd elementor-widget elementor-widget-text-editor\" data-id=\"4b5e7cd\" data-element_type=\"widget\" data-e-type=\"widget\" data-widget_type=\"text-editor.default\">\n\t\t\t\t<div class=\"elementor-widget-container\">\n\t\t\t\t\t\t\t\t\t<p>Nuestras semanas mixtas de pesca deportiva para grupos peque\u00f1os (6 o menos) son m\u00e1s flexibles y todo incluido, incluido el equipo y una mejora de habitaci\u00f3n. Estos son de nuestras pangas de 27 pies hechas a medida y pueden incluir nuestro t\u00edpico popping, jigging y cebo vivo junto con trolling. Estos viajes los limitamos a 6 pescadores y el itinerario es m\u00e1s flexible. Esto puede incluir una cantidad limitada de pesca en kayak a trav\u00e9s de panga, pero si ese es su principal inter\u00e9s diario, las semanas de grupo en kayak son una mejor opci\u00f3n. Esta opci\u00f3n es la mejor para los pescadores desde embarcaciones de todo tipo, incluidos aquellos nuevos en la pesca en alta mar que desean una experiencia pr\u00e1ctica m\u00e1s t\u00edpica que puede incluir una introducci\u00f3n a la pesca en kayak en alta mar o la pesca diaria en kayak en un barco nodriza.<\/p>\t\t\t\t\t\t\t\t<\/div>\n\t\t\t\t<\/div>\n\t\t\t\t<div class=\"elementor-element elementor-element-672fba2 elementor-widget elementor-widget-heading\" data-id=\"672fba2\" data-element_type=\"widget\" data-e-type=\"widget\" data-widget_type=\"heading.default\">\n\t\t\t\t<div class=\"elementor-widget-container\">\n\t\t\t\t\t<h2 class=\"elementor-heading-title elementor-size-default\">Viajes de Especialidad: <\/br>\nPesca con Mosca y Jigging de Lanzamiento Lento<\/h2>\t\t\t\t<\/div>\n\t\t\t\t<\/div>\n\t\t\t\t<div class=\"elementor-element elementor-element-968ceae elementor-widget elementor-widget-text-editor\" data-id=\"968ceae\" data-element_type=\"widget\" data-e-type=\"widget\" data-widget_type=\"text-editor.default\">\n\t\t\t\t<div class=\"elementor-widget-container\">\n\t\t\t\t\t\t\t\t\t<p>Estos viajes est\u00e1n estructurados como nuestros viajes de grupos m\u00e1s peque\u00f1os (semanas de pesca deportiva mixta), pero incluyen gu\u00edas especializados o equipo para ese tipo de viaje en particular. Estos viajes son para especialistas que quieren centrarse predominantemente en una de estas t\u00e9cnicas espec\u00edficas.<\/p><p><strong>Cada viaje tiene un paquete de informaci\u00f3n disponible con los detalles de ese viaje espec\u00edfico. Es muy importante elegir el viaje que mejor se adapte a su nivel de habilidad y objetivos. Los tipos de viaje var\u00edan significativamente en lo que est\u00e1 incluido en el precio base y con cu\u00e1nta flexibilidad es posible con el horario diario, las \u00e1reas de pesca, las t\u00e9cnicas y las especies objetivo.<\/strong><\/p>\t\t\t\t\t\t\t\t<\/div>\n\t\t\t\t<\/div>\n\t\t\t\t<div class=\"elementor-element elementor-element-2c7020f elementor-widget elementor-widget-heading\" data-id=\"2c7020f\" data-element_type=\"widget\" data-e-type=\"widget\" data-widget_type=\"heading.default\">\n\t\t\t\t<div class=\"elementor-widget-container\">\n\t\t\t\t\t<h2 class=\"elementor-heading-title elementor-size-default\">Viaje Combinado de Surf y Pesca\n<\/h2>\t\t\t\t<\/div>\n\t\t\t\t<\/div>\n\t\t\t\t<div class=\"elementor-element elementor-element-5d3f531 elementor-widget elementor-widget-text-editor\" data-id=\"5d3f531\" data-element_type=\"widget\" data-e-type=\"widget\" data-widget_type=\"text-editor.default\">\n\t\t\t\t<div class=\"elementor-widget-container\">\n\t\t\t\t\t\t\t\t\t<p>Nuestros viajes combinados de surf y pesca est\u00e1n dirigidos a los entusiastas del surf y la pesca que buscan algo diferente al viaje de surf com\u00fan y corriente. Combinando no solo los famosos rompientes locales, sino tambi\u00e9n los remotos a los que solo se puede acceder en barco, combinamos nuestra flota marina especializada y el capit\u00e1n de barco local con conocimientos de toda la costa para crear una experiencia inigualable. T\u00fa eliges todos los d\u00edas: surfea los principales rompientes, encuentra tu propio lugar remoto. o dejar caer una l\u00ednea entre picos de oleaje. Nuestro paquete combinado de surf y surf\/pescado aprovecha al m\u00e1ximo su tiempo en el agua.<\/p>\t\t\t\t\t\t\t\t<\/div>\n\t\t\t\t<\/div>\n\t\t\t\t<div class=\"elementor-element elementor-element-e050826 elementor-widget elementor-widget-heading\" data-id=\"e050826\" data-element_type=\"widget\" data-e-type=\"widget\" data-widget_type=\"heading.default\">\n\t\t\t\t<div class=\"elementor-widget-container\">\n\t\t\t\t\t<h2 class=\"elementor-heading-title elementor-size-default\">D\u00f3nde te hospedar\u00edas<\/h2>\t\t\t\t<\/div>\n\t\t\t\t<\/div>\n\t\t\t\t<div class=\"elementor-element elementor-element-0253883 elementor-widget elementor-widget-text-editor\" data-id=\"0253883\" data-element_type=\"widget\" data-e-type=\"widget\" data-widget_type=\"text-editor.default\">\n\t\t\t\t<div class=\"elementor-widget-container\">\n\t\t\t\t\t\t\t\t\t<p>Las opciones de alojamiento en el resort est\u00e1n organizadas y tienen un precio seg\u00fan el paquete de viaje de pesca que le interese. Los precios de alojamiento se pueden encontrar en su paquete de informaci\u00f3n espec\u00edfico, organizados por tipo de alojamiento y ocupaci\u00f3n.<\/p>\t\t\t\t\t\t\t\t<\/div>\n\t\t\t\t<\/div>\n\t\t\t\t<div class=\"elementor-element elementor-element-a5089a6 elementor-widget elementor-widget-heading\" data-id=\"a5089a6\" data-element_type=\"widget\" data-e-type=\"widget\" data-widget_type=\"heading.default\">\n\t\t\t\t<div class=\"elementor-widget-container\">\n\t\t\t\t\t<h2 class=\"elementor-heading-title elementor-size-default\">Para amigos y familiares que no pescan<\/h2>\t\t\t\t<\/div>\n\t\t\t\t<\/div>\n\t\t\t\t<div class=\"elementor-element elementor-element-fc92a3f elementor-widget elementor-widget-text-editor\" data-id=\"fc92a3f\" data-element_type=\"widget\" data-e-type=\"widget\" data-widget_type=\"text-editor.default\">\n\t\t\t\t<div class=\"elementor-widget-container\">\n\t\t\t\t\t\t\t\t\t<p>Para los que no son pescadores, ofrecemos una variedad de actividades dentro y fuera del agua, que incluyen paseos a caballo y caminatas en nuestro rancho de 400 acres, SUP en nuestra cala, surf, masajes y m\u00e1s. Por lo tanto, no es necesario que deje a su familia o amigos que no pescan en casa. Tenemos varias mejoras de alojamiento disponibles que se adaptan perfectamente a los no pescadores que buscan unas vacaciones m\u00e1s relajantes mientras su c\u00f3nyuge est\u00e1 pescando.<\/p>\t\t\t\t\t\t\t\t<\/div>\n\t\t\t\t<\/div>\n\t\t\t\t\t<\/div>\n\t\t<\/div>\n\t\t\t\t<div class=\"elementor-column elementor-col-50 elementor-top-column elementor-element elementor-element-00ae621\" data-id=\"00ae621\" data-element_type=\"column\" data-e-type=\"column\">\n\t\t\t<div class=\"elementor-widget-wrap elementor-element-populated\">\n\t\t\t\t\t\t<div class=\"elementor-element elementor-element-dbb73a9 elementor-widget elementor-widget-heading\" data-id=\"dbb73a9\" data-element_type=\"widget\" data-e-type=\"widget\" data-widget_type=\"heading.default\">\n\t\t\t\t<div class=\"elementor-widget-container\">\n\t\t\t\t\t<h2 class=\"elementor-heading-title elementor-size-default\">Te espera una aventura de \"lista de deseos\" de una semana de duraci\u00f3n<\/h2>\t\t\t\t<\/div>\n\t\t\t\t<\/div>\n\t\t\t\t<div class=\"elementor-element elementor-element-5eea1a8 elementor-widget elementor-widget-image\" data-id=\"5eea1a8\" data-element_type=\"widget\" data-e-type=\"widget\" data-widget_type=\"image.default\">\n\t\t\t\t<div class=\"elementor-widget-container\">\n\t\t\t\t\t\t\t\t\t\t\t\t\t\t\t<img fetchpriority=\"high\" decoding=\"async\" width=\"1024\" height=\"560\" src=\"https:\/\/losbuzos.com\/wp-content\/uploads\/2023\/03\/ezgif-3-5e9331c97b-1024x560.jpeg\" class=\"attachment-large size-large wp-image-7896\" alt=\"Los Buzos: Offshore Fishing &amp; Adventure Resort|Paquetes de Pesca, Surf y Diversi\u00f3n\" srcset=\"https:\/\/losbuzos.com\/wp-content\/uploads\/2023\/03\/ezgif-3-5e9331c97b-1024x560.jpeg 1024w, https:\/\/losbuzos.com\/wp-content\/uploads\/2023\/03\/ezgif-3-5e9331c97b-300x164.jpeg 300w, https:\/\/losbuzos.com\/wp-content\/uploads\/2023\/03\/ezgif-3-5e9331c97b-768x420.jpeg 768w, https:\/\/losbuzos.com\/wp-content\/uploads\/2023\/03\/ezgif-3-5e9331c97b.jpeg 1280w\" sizes=\"(max-width: 1024px) 100vw, 1024px\" title=\"Los Buzos: Offshore Fishing &amp; Adventure Resort | Paquetes de Pesca, Surf y Diversi\u00f3n\" \/>\t\t\t\t\t\t\t\t\t\t\t\t\t\t\t<\/div>\n\t\t\t\t<\/div>\n\t\t\t\t<div class=\"elementor-element elementor-element-07d88ab elementor-widget elementor-widget-image\" data-id=\"07d88ab\" data-element_type=\"widget\" data-e-type=\"widget\" data-widget_type=\"image.default\">\n\t\t\t\t<div class=\"elementor-widget-container\">\n\t\t\t\t\t\t\t\t\t\t\t\t\t\t\t<img decoding=\"async\" width=\"1024\" height=\"1024\" src=\"https:\/\/losbuzos.com\/wp-content\/uploads\/2023\/03\/WhatsApp-Image-2022-02-04-at-5.53.30-PM-1024x1024.jpg\" class=\"attachment-large size-large wp-image-7897\" alt=\"Los Buzos: Offshore Fishing &amp; Adventure Resort|Paquetes de Pesca, Surf y Diversi\u00f3n\" srcset=\"https:\/\/losbuzos.com\/wp-content\/uploads\/2023\/03\/WhatsApp-Image-2022-02-04-at-5.53.30-PM-1024x1024.jpg 1024w, https:\/\/losbuzos.com\/wp-content\/uploads\/2023\/03\/WhatsApp-Image-2022-02-04-at-5.53.30-PM-300x300.jpg 300w, https:\/\/losbuzos.com\/wp-content\/uploads\/2023\/03\/WhatsApp-Image-2022-02-04-at-5.53.30-PM-150x150.jpg 150w, https:\/\/losbuzos.com\/wp-content\/uploads\/2023\/03\/WhatsApp-Image-2022-02-04-at-5.53.30-PM-768x768.jpg 768w, https:\/\/losbuzos.com\/wp-content\/uploads\/2023\/03\/WhatsApp-Image-2022-02-04-at-5.53.30-PM.jpg 1440w\" sizes=\"(max-width: 1024px) 100vw, 1024px\" title=\"Los Buzos: Offshore Fishing &amp; Adventure Resort | Paquetes de Pesca, Surf y Diversi\u00f3n\" \/>\t\t\t\t\t\t\t\t\t\t\t\t\t\t\t<\/div>\n\t\t\t\t<\/div>\n\t\t\t\t<div class=\"elementor-element elementor-element-a6c3a3c elementor-widget elementor-widget-image\" data-id=\"a6c3a3c\" data-element_type=\"widget\" data-e-type=\"widget\" data-widget_type=\"image.default\">\n\t\t\t\t<div class=\"elementor-widget-container\">\n\t\t\t\t\t\t\t\t\t\t\t\t\t\t\t<img decoding=\"async\" width=\"1024\" height=\"683\" src=\"https:\/\/losbuzos.com\/wp-content\/uploads\/2023\/03\/Bart-Swab-40-Rooster-Fly-From-Below-smaller-1024x683.jpg\" class=\"attachment-large size-large wp-image-7898\" alt=\"Los Buzos: Offshore Fishing &amp; Adventure Resort|Paquetes de Pesca, Surf y Diversi\u00f3n\" srcset=\"https:\/\/losbuzos.com\/wp-content\/uploads\/2023\/03\/Bart-Swab-40-Rooster-Fly-From-Below-smaller-1024x683.jpg 1024w, https:\/\/losbuzos.com\/wp-content\/uploads\/2023\/03\/Bart-Swab-40-Rooster-Fly-From-Below-smaller-300x200.jpg 300w, https:\/\/losbuzos.com\/wp-content\/uploads\/2023\/03\/Bart-Swab-40-Rooster-Fly-From-Below-smaller-768x512.jpg 768w, https:\/\/losbuzos.com\/wp-content\/uploads\/2023\/03\/Bart-Swab-40-Rooster-Fly-From-Below-smaller-1536x1024.jpg 1536w, https:\/\/losbuzos.com\/wp-content\/uploads\/2023\/03\/Bart-Swab-40-Rooster-Fly-From-Below-smaller.jpg 1920w\" sizes=\"(max-width: 1024px) 100vw, 1024px\" title=\"Los Buzos: Offshore Fishing &amp; Adventure Resort | Paquetes de Pesca, Surf y Diversi\u00f3n\" \/>\t\t\t\t\t\t\t\t\t\t\t\t\t\t\t<\/div>\n\t\t\t\t<\/div>\n\t\t\t\t<div class=\"elementor-element elementor-element-933f4d5 elementor-widget elementor-widget-image\" data-id=\"933f4d5\" data-element_type=\"widget\" data-e-type=\"widget\" data-widget_type=\"image.default\">\n\t\t\t\t<div class=\"elementor-widget-container\">\n\t\t\t\t\t\t\t\t\t\t\t\t\t\t\t<img loading=\"lazy\" decoding=\"async\" width=\"1024\" height=\"576\" src=\"https:\/\/losbuzos.com\/wp-content\/uploads\/2023\/03\/ezgif-3-50e97dff04-1024x576.jpeg\" class=\"attachment-large size-large wp-image-7899\" alt=\"Los Buzos: Offshore Fishing &amp; Adventure Resort|Paquetes de Pesca, Surf y Diversi\u00f3n\" srcset=\"https:\/\/losbuzos.com\/wp-content\/uploads\/2023\/03\/ezgif-3-50e97dff04-1024x576.jpeg 1024w, https:\/\/losbuzos.com\/wp-content\/uploads\/2023\/03\/ezgif-3-50e97dff04-300x169.jpeg 300w, https:\/\/losbuzos.com\/wp-content\/uploads\/2023\/03\/ezgif-3-50e97dff04-768x432.jpeg 768w, https:\/\/losbuzos.com\/wp-content\/uploads\/2023\/03\/ezgif-3-50e97dff04-1536x864.jpeg 1536w, https:\/\/losbuzos.com\/wp-content\/uploads\/2023\/03\/ezgif-3-50e97dff04.jpeg 2048w\" sizes=\"(max-width: 1024px) 100vw, 1024px\" title=\"Los Buzos: Offshore Fishing &amp; Adventure Resort | Paquetes de Pesca, Surf y Diversi\u00f3n\" \/>\t\t\t\t\t\t\t\t\t\t\t\t\t\t\t<\/div>\n\t\t\t\t<\/div>\n\t\t\t\t<div class=\"elementor-element elementor-element-5493dc0 elementor-widget elementor-widget-image\" data-id=\"5493dc0\" data-element_type=\"widget\" data-e-type=\"widget\" data-widget_type=\"image.default\">\n\t\t\t\t<div class=\"elementor-widget-container\">\n\t\t\t\t\t\t\t\t\t\t\t\t\t\t\t<img loading=\"lazy\" decoding=\"async\" width=\"980\" height=\"585\" src=\"https:\/\/losbuzos.com\/wp-content\/uploads\/2023\/03\/ezgif-2-b9805f32e9-980x585-1.jpeg\" class=\"attachment-large size-large wp-image-7900\" alt=\"Los Buzos: Offshore Fishing &amp; Adventure Resort|Paquetes de Pesca, Surf y Diversi\u00f3n\" srcset=\"https:\/\/losbuzos.com\/wp-content\/uploads\/2023\/03\/ezgif-2-b9805f32e9-980x585-1.jpeg 980w, https:\/\/losbuzos.com\/wp-content\/uploads\/2023\/03\/ezgif-2-b9805f32e9-980x585-1-300x179.jpeg 300w, https:\/\/losbuzos.com\/wp-content\/uploads\/2023\/03\/ezgif-2-b9805f32e9-980x585-1-768x458.jpeg 768w\" sizes=\"(max-width: 980px) 100vw, 980px\" title=\"Los Buzos: Offshore Fishing &amp; Adventure Resort | Paquetes de Pesca, Surf y Diversi\u00f3n\" \/>\t\t\t\t\t\t\t\t\t\t\t\t\t\t\t<\/div>\n\t\t\t\t<\/div>\n\t\t\t\t\t<\/div>\n\t\t<\/div>\n\t\t\t\t\t<\/div>\n\t\t<\/section>\n\t\t\t\t<\/div>\n\t\t","protected":false},"excerpt":{"rendered":"<p>Paquetes de Pesca en KayakObtenga TarifasPaquete Pesca Deportiva MixtaObtenga TarifasPaquete de Fly FishingObtenga TarifasPaquete de Viaje Especial de Paso LentoObtenga Tarifas Anterior Siguiente PAQUETES DE PESCA LOS BUZOS En Los Buzos ofrecemos una variedad de opciones para pescadores de todo tipo, desde nuestro exclusivo paquete de pesca grupal en kayak en alta mar, hasta paquetes [&hellip;]<\/p>\n","protected":false},"author":3,"featured_media":0,"parent":0,"menu_order":0,"comment_status":"closed","ping_status":"closed","template":"","meta":{"content-type":"","site-sidebar-layout":"no-sidebar","site-content-layout":"page-builder","ast-site-content-layout":"full-width-container","site-content-style":"unboxed","site-sidebar-style":"unboxed","ast-global-header-display":"","ast-banner-title-visibility":"","ast-main-header-display":"","ast-hfb-above-header-display":"","ast-hfb-below-header-display":"","ast-hfb-mobile-header-display":"","site-post-title":"disabled","ast-breadcrumbs-content":"","ast-featured-img":"disabled","footer-sml-layout":"","ast-disable-related-posts":"","theme-transparent-header-meta":"","adv-header-id-meta":"","stick-header-meta":"","header-above-stick-meta":"","header-main-stick-meta":"","header-below-stick-meta":"","astra-migrate-meta-layouts":"set","ast-page-background-enabled":"default","ast-page-background-meta":{"desktop":{"background-color":"","background-image":"","background-repeat":"repeat","background-position":"center center","background-size":"auto","background-attachment":"scroll","background-type":"","background-media":"","overlay-type":"","overlay-color":"","overlay-opacity":"","overlay-gradient":""},"tablet":{"background-color":"","background-image":"","background-repeat":"repeat","background-position":"center center","background-size":"auto","background-attachment":"scroll","background-type":"","background-media":"","overlay-type":"","overlay-color":"","overlay-opacity":"","overlay-gradient":""},"mobile":{"background-color":"","background-image":"","background-repeat":"repeat","background-position":"center center","background-size":"auto","background-attachment":"scroll","background-type":"","background-media":"","overlay-type":"","overlay-color":"","overlay-opacity":"","overlay-gradient":""}},"ast-content-background-meta":{"desktop":{"background-color":"var(--ast-global-color-5)","background-image":"","background-repeat":"repeat","background-position":"center center","background-size":"auto","background-attachment":"scroll","background-type":"","background-media":"","overlay-type":"","overlay-color":"","overlay-opacity":"","overlay-gradient":""},"tablet":{"background-color":"var(--ast-global-color-5)","background-image":"","background-repeat":"repeat","background-position":"center center","background-size":"auto","background-attachment":"scroll","background-type":"","background-media":"","overlay-type":"","overlay-color":"","overlay-opacity":"","overlay-gradient":""},"mobile":{"background-color":"var(--ast-global-color-5)","background-image":"","background-repeat":"repeat","background-position":"center center","background-size":"auto","background-attachment":"scroll","background-type":"","background-media":"","overlay-type":"","overlay-color":"","overlay-opacity":"","overlay-gradient":""}},"footnotes":""},"class_list":["post-8356","page","type-page","status-publish","hentry"],"_links":{"self":[{"href":"https:\/\/losbuzos.com\/es\/wp-json\/wp\/v2\/pages\/8356","targetHints":{"allow":["GET"]}}],"collection":[{"href":"https:\/\/losbuzos.com\/es\/wp-json\/wp\/v2\/pages"}],"about":[{"href":"https:\/\/losbuzos.com\/es\/wp-json\/wp\/v2\/types\/page"}],"author":[{"embeddable":true,"href":"https:\/\/losbuzos.com\/es\/wp-json\/wp\/v2\/users\/3"}],"replies":[{"embeddable":true,"href":"https:\/\/losbuzos.com\/es\/wp-json\/wp\/v2\/comments?post=8356"}],"version-history":[{"count":22,"href":"https:\/\/losbuzos.com\/es\/wp-json\/wp\/v2\/pages\/8356\/revisions"}],"predecessor-version":[{"id":12591,"href":"https:\/\/losbuzos.com\/es\/wp-json\/wp\/v2\/pages\/8356\/revisions\/12591"}],"wp:attachment":[{"href":"https:\/\/losbuzos.com\/es\/wp-json\/wp\/v2\/media?parent=8356"}],"curies":[{"name":"wp","href":"https:\/\/api.w.org\/{rel}","templated":true}]}}