{"id":8360,"date":"2023-03-09T20:31:29","date_gmt":"2023-03-09T20:31:29","guid":{"rendered":"https:\/\/losbuzos.com\/fishing-packages\/fly-fishing-package\/"},"modified":"2026-02-17T10:03:22","modified_gmt":"2026-02-17T10:03:22","slug":"paquete-fly-fishing","status":"publish","type":"page","link":"https:\/\/losbuzos.com\/es\/paquetes-de-pesca-surf-y-diversion\/paquete-fly-fishing\/","title":{"rendered":"paquete fly fishing"},"content":{"rendered":"\t\t<div data-elementor-type=\"wp-page\" data-elementor-id=\"8360\" class=\"elementor elementor-8360 elementor-6453\" data-elementor-post-type=\"page\">\n\t\t\t\t\t\t<section class=\"elementor-section elementor-top-section elementor-element elementor-element-9a3e2e6 elementor-section-boxed elementor-section-height-default elementor-section-height-default\" data-id=\"9a3e2e6\" data-element_type=\"section\" data-e-type=\"section\">\n\t\t\t\t\t\t<div class=\"elementor-container elementor-column-gap-default\">\n\t\t\t\t\t<div class=\"elementor-column elementor-col-50 elementor-top-column elementor-element elementor-element-e17cbe6\" data-id=\"e17cbe6\" data-element_type=\"column\" data-e-type=\"column\">\n\t\t\t<div class=\"elementor-widget-wrap elementor-element-populated\">\n\t\t\t\t\t\t<div class=\"elementor-element elementor-element-ac17873 elementor-widget elementor-widget-text-editor\" data-id=\"ac17873\" data-element_type=\"widget\" data-e-type=\"widget\" data-widget_type=\"text-editor.default\">\n\t\t\t\t<div class=\"elementor-widget-container\">\n\t\t\t\t\t\t\t\t\t<h2>Paquete Todo Incluido \u2013<br \/>Correo electr\u00f3nico para precios en<br \/><a href=\"mailto:sales@losbuzos.com\">sales@losbuzos.com<\/a><\/h2>\t\t\t\t\t\t\t\t<\/div>\n\t\t\t\t<\/div>\n\t\t\t\t<div class=\"elementor-element elementor-element-7430b8b elementor-widget elementor-widget-text-editor\" data-id=\"7430b8b\" data-element_type=\"widget\" data-e-type=\"widget\" data-widget_type=\"text-editor.default\">\n\t\t\t\t<div class=\"elementor-widget-container\">\n\t\t\t\t\t\t\t\t\t<p><strong>Los viajes en grupo duran una semana (recogida el domingo por la ma\u00f1ana &#8211; regreso el s\u00e1bado por la ma\u00f1ana) paquete todo incluido de pesca con mosca en nuestro albergue aqu\u00ed en Panam\u00e1. Cualquier pescador puede unirse a uno de nuestros grupos de pesca con mosca. \u00a1Consulta nuestro\u00a0<a href=\"https:\/\/losbuzos.com\/es\/fishing-packages\/calendar\/\" target=\"_blank\" rel=\"noopener\">calendario<\/a>\u00a0y reserva tu viaje ahora!<\/strong><\/p><p><strong>Inclu\u00eddo:<\/strong><\/p><ul><li><strong>Alojamiento:<\/strong> cada hu\u00e9sped tendr\u00e1 una habitaci\u00f3n frente al mar o en primer nivel con camas queen, aire acondicionado y agua caliente. Las habitaciones son de ocupaci\u00f3n doble con ba\u00f1o privado.<\/li><li><strong>5 d\u00edas completos de pesca con mosca guiada<\/strong>: pescamos todos los d\u00edas durante 6 horas o m\u00e1s.<ul><li>Pescado desde nuestros botes de panga personalizados durante 5 d\u00edas con un gu\u00eda de habla hispana.<\/li><li>2 pescadores por panga<\/li><li>L\u00edderes empalmados<\/li><li>Tippets<\/li><li>Una mosca popper y 2 kits de inicio de agua salada<\/li><\/ul><\/li><li><strong>Comidas<\/strong>:\u00a0desayuno diario, almuerzo para llevar, meriendas y cena (servidos todos los d\u00edas en Los Buzos).<\/li><li><strong>Bebidas<\/strong>:\u00a0cerveza nacional ilimitada, gatorade, t\u00e9 y agua de cortes\u00eda en el albergue. Cash Bar para licores y refrescos.<\/li><li><strong>Transporte<\/strong>: traslados en camioneta privada desde la ciudad de Panam\u00e1 a Los Buzos y de regreso. Recogida el domingo por la ma\u00f1ana (10h) y s\u00e1bado por la ma\u00f1ana regreso a la ciudad.<\/li><li><strong>Wifi<\/strong>:\u00a0wifi ilimitado disponible en nuestro lodge<\/li><\/ul><p>No est\u00e1n incluidos en nuestra tarifa el pasaje a\u00e9reo a Panam\u00e1, el transporte entre el aeropuerto y el hotel, la habitaci\u00f3n y las comidas por las noches que pase en la Ciudad de Panam\u00e1.<\/p>\t\t\t\t\t\t\t\t<\/div>\n\t\t\t\t<\/div>\n\t\t\t\t<div class=\"elementor-element elementor-element-d1b05cf elementor-widget elementor-widget-image\" data-id=\"d1b05cf\" data-element_type=\"widget\" data-e-type=\"widget\" data-widget_type=\"image.default\">\n\t\t\t\t<div class=\"elementor-widget-container\">\n\t\t\t\t\t\t\t\t\t\t\t\t\t\t\t<img fetchpriority=\"high\" decoding=\"async\" width=\"696\" height=\"792\" src=\"https:\/\/losbuzos.com\/wp-content\/uploads\/2023\/03\/Screenshot-2022-07-29-at-22.51.12.jpg\" class=\"attachment-large size-large wp-image-7901\" alt=\"Los Buzos: Offshore Fishing &amp; Adventure Resort|paquete fly fishing\" srcset=\"https:\/\/losbuzos.com\/wp-content\/uploads\/2023\/03\/Screenshot-2022-07-29-at-22.51.12.jpg 696w, https:\/\/losbuzos.com\/wp-content\/uploads\/2023\/03\/Screenshot-2022-07-29-at-22.51.12-264x300.jpg 264w\" sizes=\"(max-width: 696px) 100vw, 696px\" title=\"Los Buzos: Offshore Fishing &amp; Adventure Resort | paquete fly fishing\" \/>\t\t\t\t\t\t\t\t\t\t\t\t\t\t\t<\/div>\n\t\t\t\t<\/div>\n\t\t\t\t\t<\/div>\n\t\t<\/div>\n\t\t\t\t<div class=\"elementor-column elementor-col-50 elementor-top-column elementor-element elementor-element-9694fdd\" data-id=\"9694fdd\" data-element_type=\"column\" data-e-type=\"column\">\n\t\t\t<div class=\"elementor-widget-wrap elementor-element-populated\">\n\t\t\t\t\t\t<div class=\"elementor-element elementor-element-e802e89 elementor-widget elementor-widget-heading\" data-id=\"e802e89\" data-element_type=\"widget\" data-e-type=\"widget\" data-widget_type=\"heading.default\">\n\t\t\t\t<div class=\"elementor-widget-container\">\n\t\t\t\t\t<h1 class=\"elementor-heading-title elementor-size-default\">DETALLES DEL PAQUETE DE PESCA CON MOSCA<\/h1>\t\t\t\t<\/div>\n\t\t\t\t<\/div>\n\t\t\t\t<div class=\"elementor-element elementor-element-6012be1 elementor-widget elementor-widget-image\" data-id=\"6012be1\" data-element_type=\"widget\" data-e-type=\"widget\" data-widget_type=\"image.default\">\n\t\t\t\t<div class=\"elementor-widget-container\">\n\t\t\t\t\t\t\t\t\t\t\t\t\t\t\t<img decoding=\"async\" width=\"1024\" height=\"683\" src=\"https:\/\/losbuzos.com\/wp-content\/uploads\/2023\/03\/Bart-Swab-40-Rooster-Fly-From-Below-smaller-1024x683.jpg\" class=\"attachment-large size-large wp-image-7898\" alt=\"Los Buzos: Offshore Fishing &amp; Adventure Resort|paquete fly fishing\" srcset=\"https:\/\/losbuzos.com\/wp-content\/uploads\/2023\/03\/Bart-Swab-40-Rooster-Fly-From-Below-smaller-1024x683.jpg 1024w, https:\/\/losbuzos.com\/wp-content\/uploads\/2023\/03\/Bart-Swab-40-Rooster-Fly-From-Below-smaller-300x200.jpg 300w, https:\/\/losbuzos.com\/wp-content\/uploads\/2023\/03\/Bart-Swab-40-Rooster-Fly-From-Below-smaller-768x512.jpg 768w, https:\/\/losbuzos.com\/wp-content\/uploads\/2023\/03\/Bart-Swab-40-Rooster-Fly-From-Below-smaller-1536x1024.jpg 1536w, https:\/\/losbuzos.com\/wp-content\/uploads\/2023\/03\/Bart-Swab-40-Rooster-Fly-From-Below-smaller.jpg 1920w\" sizes=\"(max-width: 1024px) 100vw, 1024px\" title=\"Los Buzos: Offshore Fishing &amp; Adventure Resort | paquete fly fishing\" \/>\t\t\t\t\t\t\t\t\t\t\t\t\t\t\t<\/div>\n\t\t\t\t<\/div>\n\t\t\t\t<div class=\"elementor-element elementor-element-35fbe97 elementor-widget elementor-widget-image\" data-id=\"35fbe97\" data-element_type=\"widget\" data-e-type=\"widget\" data-widget_type=\"image.default\">\n\t\t\t\t<div class=\"elementor-widget-container\">\n\t\t\t\t\t\t\t\t\t\t\t\t\t\t\t<img decoding=\"async\" width=\"1024\" height=\"771\" src=\"https:\/\/losbuzos.com\/wp-content\/uploads\/2023\/03\/ezgif-3-8a274d2f1d-1024x771.jpeg\" class=\"attachment-large size-large wp-image-7903\" alt=\"Los Buzos: Offshore Fishing &amp; Adventure Resort|paquete fly fishing\" srcset=\"https:\/\/losbuzos.com\/wp-content\/uploads\/2023\/03\/ezgif-3-8a274d2f1d-1024x771.jpeg 1024w, https:\/\/losbuzos.com\/wp-content\/uploads\/2023\/03\/ezgif-3-8a274d2f1d-300x226.jpeg 300w, https:\/\/losbuzos.com\/wp-content\/uploads\/2023\/03\/ezgif-3-8a274d2f1d-768x578.jpeg 768w, https:\/\/losbuzos.com\/wp-content\/uploads\/2023\/03\/ezgif-3-8a274d2f1d-1536x1156.jpeg 1536w, https:\/\/losbuzos.com\/wp-content\/uploads\/2023\/03\/ezgif-3-8a274d2f1d.jpeg 1600w\" sizes=\"(max-width: 1024px) 100vw, 1024px\" title=\"Los Buzos: Offshore Fishing &amp; Adventure Resort | paquete fly fishing\" \/>\t\t\t\t\t\t\t\t\t\t\t\t\t\t\t<\/div>\n\t\t\t\t<\/div>\n\t\t\t\t<div class=\"elementor-element elementor-element-94b054a elementor-widget elementor-widget-image\" data-id=\"94b054a\" data-element_type=\"widget\" data-e-type=\"widget\" data-widget_type=\"image.default\">\n\t\t\t\t<div class=\"elementor-widget-container\">\n\t\t\t\t\t\t\t\t\t\t\t\t\t\t\t<img loading=\"lazy\" decoding=\"async\" width=\"564\" height=\"604\" src=\"https:\/\/losbuzos.com\/wp-content\/uploads\/2023\/03\/Screenshot-2022-07-29-at-22.53.26.png\" class=\"attachment-large size-large wp-image-7902\" alt=\"Los Buzos: Offshore Fishing &amp; Adventure Resort|paquete fly fishing\" srcset=\"https:\/\/losbuzos.com\/wp-content\/uploads\/2023\/03\/Screenshot-2022-07-29-at-22.53.26.png 564w, https:\/\/losbuzos.com\/wp-content\/uploads\/2023\/03\/Screenshot-2022-07-29-at-22.53.26-280x300.png 280w\" sizes=\"(max-width: 564px) 100vw, 564px\" title=\"Los Buzos: Offshore Fishing &amp; Adventure Resort | paquete fly fishing\" \/>\t\t\t\t\t\t\t\t\t\t\t\t\t\t\t<\/div>\n\t\t\t\t<\/div>\n\t\t\t\t\t<\/div>\n\t\t<\/div>\n\t\t\t\t\t<\/div>\n\t\t<\/section>\n\t\t\t\t<section class=\"elementor-section elementor-top-section elementor-element elementor-element-10248a1 elementor-section-boxed elementor-section-height-default elementor-section-height-default\" data-id=\"10248a1\" data-element_type=\"section\" data-e-type=\"section\">\n\t\t\t\t\t\t<div class=\"elementor-container elementor-column-gap-default\">\n\t\t\t\t\t<div class=\"elementor-column elementor-col-100 elementor-top-column elementor-element elementor-element-2713506\" data-id=\"2713506\" data-element_type=\"column\" data-e-type=\"column\">\n\t\t\t<div class=\"elementor-widget-wrap elementor-element-populated\">\n\t\t\t\t\t\t<div class=\"elementor-element elementor-element-a5148ea elementor-widget elementor-widget-heading\" data-id=\"a5148ea\" data-element_type=\"widget\" data-e-type=\"widget\" data-widget_type=\"heading.default\">\n\t\t\t\t<div class=\"elementor-widget-container\">\n\t\t\t\t\t<h2 class=\"elementor-heading-title elementor-size-default\">\u00bfListo para reservar tu lugar?<\/h2>\t\t\t\t<\/div>\n\t\t\t\t<\/div>\n\t\t\t\t<div class=\"elementor-element elementor-element-b6be9a2 elementor-widget elementor-widget-text-editor\" data-id=\"b6be9a2\" data-element_type=\"widget\" data-e-type=\"widget\" data-widget_type=\"text-editor.default\">\n\t\t\t\t<div class=\"elementor-widget-container\">\n\t\t\t\t\t\t\t\t\t<p style=\"text-align: center;\">Env\u00ede un correo electr\u00f3nico a\u00a0<a href=\"mailto:sales@losbuzos.com\">sales@losbuzos.com<\/a>\u00a0para precios y reservas. Los dep\u00f3sitos para reservar un lugar son $1000 del precio total del paquete. El saldo se facturar\u00e1 aproximadamente 60 d\u00edas antes de su viaje. Todos los pagos en el sitio son en efectivo o con tarjeta de cr\u00e9dito (solo Visa o Mastercard). \u00a1Consulta nuestro\u00a0<a href=\"https:\/\/losbuzos.com\/es\/fishing-packages\/calendar\/\" target=\"_blank\" rel=\"noopener\">calendario<\/a>!<\/p>\t\t\t\t\t\t\t\t<\/div>\n\t\t\t\t<\/div>\n\t\t\t\t<div class=\"elementor-element elementor-element-39d4f52 elementor-widget elementor-widget-template\" data-id=\"39d4f52\" data-element_type=\"widget\" data-e-type=\"widget\" data-widget_type=\"template.default\">\n\t\t\t\t<div class=\"elementor-widget-container\">\n\t\t\t\t\t\t\t<div class=\"elementor-template\">\n\t\t\t\t\t<div data-elementor-type=\"section\" data-elementor-id=\"12466\" class=\"elementor elementor-12466 elementor-12396\" data-elementor-post-type=\"elementor_library\">\n\t\t\t\t\t<section class=\"elementor-section elementor-top-section elementor-element elementor-element-b71146c elementor-section-boxed elementor-section-height-default elementor-section-height-default\" data-id=\"b71146c\" data-element_type=\"section\" data-e-type=\"section\">\n\t\t\t\t\t\t<div class=\"elementor-container elementor-column-gap-default\">\n\t\t\t\t\t<div class=\"elementor-column elementor-col-50 elementor-top-column elementor-element elementor-element-7707e42\" data-id=\"7707e42\" data-element_type=\"column\" data-e-type=\"column\">\n\t\t\t<div class=\"elementor-widget-wrap elementor-element-populated\">\n\t\t\t\t\t\t<div class=\"elementor-element elementor-element-47d2c1a elementor-widget__width-inherit elementor-align-center elementor-widget elementor-widget-button\" data-id=\"47d2c1a\" data-element_type=\"widget\" data-e-type=\"widget\" data-widget_type=\"button.default\">\n\t\t\t\t<div class=\"elementor-widget-container\">\n\t\t\t\t\t\t\t\t\t<div class=\"elementor-button-wrapper\">\n\t\t\t\t\t<a class=\"elementor-button elementor-button-link elementor-size-sm\" href=\"https:\/\/losbuzos.com\/es\/reserve-su-viaje\/\">\n\t\t\t\t\t\t<span class=\"elementor-button-content-wrapper\">\n\t\t\t\t\t\t\t\t\t<span class=\"elementor-button-text\">\u00a1Reserva tu viaje aqu\u00ed!<\/span>\n\t\t\t\t\t<\/span>\n\t\t\t\t\t<\/a>\n\t\t\t\t<\/div>\n\t\t\t\t\t\t\t\t<\/div>\n\t\t\t\t<\/div>\n\t\t\t\t\t<\/div>\n\t\t<\/div>\n\t\t\t\t<div class=\"elementor-column elementor-col-50 elementor-top-column elementor-element elementor-element-e840526\" data-id=\"e840526\" data-element_type=\"column\" data-e-type=\"column\">\n\t\t\t<div class=\"elementor-widget-wrap elementor-element-populated\">\n\t\t\t\t\t\t<div class=\"elementor-element elementor-element-acadbdf elementor-align-center elementor-widget elementor-widget-button\" data-id=\"acadbdf\" data-element_type=\"widget\" data-e-type=\"widget\" data-widget_type=\"button.default\">\n\t\t\t\t<div class=\"elementor-widget-container\">\n\t\t\t\t\t\t\t\t\t<div class=\"elementor-button-wrapper\">\n\t\t\t\t\t<a class=\"elementor-button elementor-button-link elementor-size-sm\" href=\"https:\/\/losbuzos.com\/es\/planifica-tu-viaje\/\">\n\t\t\t\t\t\t<span class=\"elementor-button-content-wrapper\">\n\t\t\t\t\t\t\t\t\t<span class=\"elementor-button-text\">\u00a1Planifica tu viaje aqu\u00ed!<\/span>\n\t\t\t\t\t<\/span>\n\t\t\t\t\t<\/a>\n\t\t\t\t<\/div>\n\t\t\t\t\t\t\t\t<\/div>\n\t\t\t\t<\/div>\n\t\t\t\t\t<\/div>\n\t\t<\/div>\n\t\t\t\t\t<\/div>\n\t\t<\/section>\n\t\t\t\t<\/div>\n\t\t\t\t<\/div>\n\t\t\t\t\t\t<\/div>\n\t\t\t\t<\/div>\n\t\t\t\t\t<\/div>\n\t\t<\/div>\n\t\t\t\t\t<\/div>\n\t\t<\/section>\n\t\t\t\t<section class=\"elementor-section elementor-top-section elementor-element elementor-element-f2fc053 elementor-section-boxed elementor-section-height-default elementor-section-height-default\" data-id=\"f2fc053\" data-element_type=\"section\" data-e-type=\"section\">\n\t\t\t\t\t\t<div class=\"elementor-container elementor-column-gap-default\">\n\t\t\t\t\t<div class=\"elementor-column elementor-col-50 elementor-top-column elementor-element elementor-element-8724fa5\" data-id=\"8724fa5\" data-element_type=\"column\" data-e-type=\"column\">\n\t\t\t<div class=\"elementor-widget-wrap elementor-element-populated\">\n\t\t\t\t\t\t<div class=\"elementor-element elementor-element-e260d26 elementor-widget elementor-widget-text-editor\" data-id=\"e260d26\" data-element_type=\"widget\" data-e-type=\"widget\" data-widget_type=\"text-editor.default\">\n\t\t\t\t<div class=\"elementor-widget-container\">\n\t\t\t\t\t\t\t\t\t<div class=\"et_pb_column et_pb_column_3_5 et_pb_column_3 et_pb_css_mix_blend_mode_passthrough\"><div class=\"et_pb_module et_pb_text et_pb_text_4 et_pb_text_align_left et_pb_bg_layout_light\"><div class=\"et_pb_text_inner\"><p>Nuestros dep\u00f3sitos de viaje no son reembolsables y las fechas de viaje no se pueden reprogramar, por lo tanto, recomendamos proteger el costo de su viaje y otros gastos de viaje no reembolsables con un seguro de viaje. El seguro de viaje exclusivo de Global Rescue le permite asegurar todos sus gastos y cubre todas las actividades de pesca. Si bien se puede comprar una p\u00f3liza de seguro de viaje Signature en cualquier momento, l<strong>a compra de una p\u00f3liza dentro de los 20 d\u00edas posteriores a la realizaci\u00f3n del dep\u00f3sito inicial del viaje le brinda la gama m\u00e1s amplia de opciones de p\u00f3lizas, incluida la pol\u00edtica de \u00abcancelar por cualquier motivo\u00bb<\/strong> <a href=\"https:\/\/partner.globalrescue.com\/losbuzosresortpanama\/\" target=\"_blank\" rel=\"noopener\">haga clic aqu\u00ed<\/a> o llame al +1-617- 459-4200.<\/p><p>Estamos constantemente actualizando nuestra pol\u00edtica de cancelaci\u00f3n y los detalles del viaje con base en las comunicaciones del Ministerio de Salud de Panam\u00e1. Las Leyes de la Rep\u00fablica de Panam\u00e1 nos eximen de toda responsabilidad ante casos de fuerza mayor, fen\u00f3menos meteorol\u00f3gicos y desastres naturales.<\/p><\/div><\/div><\/div>\t\t\t\t\t\t\t\t<\/div>\n\t\t\t\t<\/div>\n\t\t\t\t\t<\/div>\n\t\t<\/div>\n\t\t\t\t<div class=\"elementor-column elementor-col-50 elementor-top-column elementor-element elementor-element-c1125ad\" data-id=\"c1125ad\" data-element_type=\"column\" data-e-type=\"column\">\n\t\t\t<div class=\"elementor-widget-wrap elementor-element-populated\">\n\t\t\t\t\t\t<div class=\"elementor-element elementor-element-3b3318d elementor-widget elementor-widget-image\" data-id=\"3b3318d\" data-element_type=\"widget\" data-e-type=\"widget\" data-widget_type=\"image.default\">\n\t\t\t\t<div class=\"elementor-widget-container\">\n\t\t\t\t\t\t\t\t\t\t\t\t\t\t\t<img loading=\"lazy\" decoding=\"async\" width=\"300\" height=\"300\" src=\"https:\/\/losbuzos.com\/wp-content\/uploads\/2023\/03\/GRBadgeColor-1-1024x1024-1-980x980-1-300x300.png\" class=\"attachment-medium size-medium wp-image-7904\" alt=\"Los Buzos: Offshore Fishing &amp; Adventure Resort|paquete fly fishing\" srcset=\"https:\/\/losbuzos.com\/wp-content\/uploads\/2023\/03\/GRBadgeColor-1-1024x1024-1-980x980-1-300x300.png 300w, https:\/\/losbuzos.com\/wp-content\/uploads\/2023\/03\/GRBadgeColor-1-1024x1024-1-980x980-1-150x150.png 150w, https:\/\/losbuzos.com\/wp-content\/uploads\/2023\/03\/GRBadgeColor-1-1024x1024-1-980x980-1-768x768.png 768w, https:\/\/losbuzos.com\/wp-content\/uploads\/2023\/03\/GRBadgeColor-1-1024x1024-1-980x980-1.png 800w\" sizes=\"(max-width: 300px) 100vw, 300px\" title=\"Los Buzos: Offshore Fishing &amp; Adventure Resort | paquete fly fishing\" \/>\t\t\t\t\t\t\t\t\t\t\t\t\t\t\t<\/div>\n\t\t\t\t<\/div>\n\t\t\t\t\t<\/div>\n\t\t<\/div>\n\t\t\t\t\t<\/div>\n\t\t<\/section>\n\t\t\t\t<section class=\"elementor-section elementor-top-section elementor-element elementor-element-0069139 elementor-section-boxed elementor-section-height-default elementor-section-height-default\" data-id=\"0069139\" data-element_type=\"section\" data-e-type=\"section\">\n\t\t\t\t\t\t<div class=\"elementor-container elementor-column-gap-default\">\n\t\t\t\t\t<div class=\"elementor-column elementor-col-50 elementor-top-column elementor-element elementor-element-ed59dff\" data-id=\"ed59dff\" data-element_type=\"column\" data-e-type=\"column\">\n\t\t\t<div class=\"elementor-widget-wrap elementor-element-populated\">\n\t\t\t\t\t\t<div class=\"elementor-element elementor-element-f1bb102 elementor-widget elementor-widget-image\" data-id=\"f1bb102\" data-element_type=\"widget\" data-e-type=\"widget\" data-widget_type=\"image.default\">\n\t\t\t\t<div class=\"elementor-widget-container\">\n\t\t\t\t\t\t\t\t\t\t\t\t\t\t\t<img loading=\"lazy\" decoding=\"async\" width=\"592\" height=\"394\" src=\"https:\/\/losbuzos.com\/wp-content\/uploads\/2023\/03\/Screenshot-2022-07-29-at-22.57.29.png\" class=\"attachment-large size-large wp-image-7905\" alt=\"Los Buzos: Offshore Fishing &amp; Adventure Resort|paquete fly fishing\" srcset=\"https:\/\/losbuzos.com\/wp-content\/uploads\/2023\/03\/Screenshot-2022-07-29-at-22.57.29.png 592w, https:\/\/losbuzos.com\/wp-content\/uploads\/2023\/03\/Screenshot-2022-07-29-at-22.57.29-300x200.png 300w\" sizes=\"(max-width: 592px) 100vw, 592px\" title=\"Los Buzos: Offshore Fishing &amp; Adventure Resort | paquete fly fishing\" \/>\t\t\t\t\t\t\t\t\t\t\t\t\t\t\t<\/div>\n\t\t\t\t<\/div>\n\t\t\t\t\t<\/div>\n\t\t<\/div>\n\t\t\t\t<div class=\"elementor-column elementor-col-50 elementor-top-column elementor-element elementor-element-5079056\" data-id=\"5079056\" data-element_type=\"column\" data-e-type=\"column\">\n\t\t\t<div class=\"elementor-widget-wrap elementor-element-populated\">\n\t\t\t\t\t\t<div class=\"elementor-element elementor-element-46f914d elementor-widget elementor-widget-image\" data-id=\"46f914d\" data-element_type=\"widget\" data-e-type=\"widget\" data-widget_type=\"image.default\">\n\t\t\t\t<div class=\"elementor-widget-container\">\n\t\t\t\t\t\t\t\t\t\t\t\t\t\t\t<img loading=\"lazy\" decoding=\"async\" width=\"1024\" height=\"818\" src=\"https:\/\/losbuzos.com\/wp-content\/uploads\/2023\/03\/Cort-Fly-Fishing-1024x818.jpg\" class=\"attachment-large size-large wp-image-7906\" alt=\"Los Buzos: Offshore Fishing &amp; Adventure Resort|paquete fly fishing\" srcset=\"https:\/\/losbuzos.com\/wp-content\/uploads\/2023\/03\/Cort-Fly-Fishing-1024x818.jpg 1024w, https:\/\/losbuzos.com\/wp-content\/uploads\/2023\/03\/Cort-Fly-Fishing-300x240.jpg 300w, https:\/\/losbuzos.com\/wp-content\/uploads\/2023\/03\/Cort-Fly-Fishing-768x614.jpg 768w, https:\/\/losbuzos.com\/wp-content\/uploads\/2023\/03\/Cort-Fly-Fishing.jpg 1440w\" sizes=\"(max-width: 1024px) 100vw, 1024px\" title=\"Los Buzos: Offshore Fishing &amp; Adventure Resort | paquete fly fishing\" \/>\t\t\t\t\t\t\t\t\t\t\t\t\t\t\t<\/div>\n\t\t\t\t<\/div>\n\t\t\t\t\t<\/div>\n\t\t<\/div>\n\t\t\t\t\t<\/div>\n\t\t<\/section>\n\t\t\t\t<\/div>\n\t\t","protected":false},"excerpt":{"rendered":"<p>Paquete Todo Incluido \u2013Correo electr\u00f3nico para precios ensales@losbuzos.com Los viajes en grupo duran una semana (recogida el domingo por la ma\u00f1ana &#8211; regreso el s\u00e1bado por la ma\u00f1ana) paquete todo incluido de pesca con mosca en nuestro albergue aqu\u00ed en Panam\u00e1. Cualquier pescador puede unirse a uno de nuestros grupos de pesca con mosca. \u00a1Consulta [&hellip;]<\/p>\n","protected":false},"author":3,"featured_media":0,"parent":8356,"menu_order":0,"comment_status":"closed","ping_status":"closed","template":"","meta":{"content-type":"","site-sidebar-layout":"no-sidebar","site-content-layout":"page-builder","ast-site-content-layout":"full-width-container","site-content-style":"unboxed","site-sidebar-style":"unboxed","ast-global-header-display":"","ast-banner-title-visibility":"","ast-main-header-display":"","ast-hfb-above-header-display":"","ast-hfb-below-header-display":"","ast-hfb-mobile-header-display":"","site-post-title":"disabled","ast-breadcrumbs-content":"","ast-featured-img":"disabled","footer-sml-layout":"","ast-disable-related-posts":"","theme-transparent-header-meta":"","adv-header-id-meta":"","stick-header-meta":"","header-above-stick-meta":"","header-main-stick-meta":"","header-below-stick-meta":"","astra-migrate-meta-layouts":"set","ast-page-background-enabled":"default","ast-page-background-meta":{"desktop":{"background-color":"","background-image":"","background-repeat":"repeat","background-position":"center center","background-size":"auto","background-attachment":"scroll","background-type":"","background-media":"","overlay-type":"","overlay-color":"","overlay-opacity":"","overlay-gradient":""},"tablet":{"background-color":"","background-image":"","background-repeat":"repeat","background-position":"center center","background-size":"auto","background-attachment":"scroll","background-type":"","background-media":"","overlay-type":"","overlay-color":"","overlay-opacity":"","overlay-gradient":""},"mobile":{"background-color":"","background-image":"","background-repeat":"repeat","background-position":"center center","background-size":"auto","background-attachment":"scroll","background-type":"","background-media":"","overlay-type":"","overlay-color":"","overlay-opacity":"","overlay-gradient":""}},"ast-content-background-meta":{"desktop":{"background-color":"var(--ast-global-color-5)","background-image":"","background-repeat":"repeat","background-position":"center center","background-size":"auto","background-attachment":"scroll","background-type":"","background-media":"","overlay-type":"","overlay-color":"","overlay-opacity":"","overlay-gradient":""},"tablet":{"background-color":"var(--ast-global-color-5)","background-image":"","background-repeat":"repeat","background-position":"center center","background-size":"auto","background-attachment":"scroll","background-type":"","background-media":"","overlay-type":"","overlay-color":"","overlay-opacity":"","overlay-gradient":""},"mobile":{"background-color":"var(--ast-global-color-5)","background-image":"","background-repeat":"repeat","background-position":"center center","background-size":"auto","background-attachment":"scroll","background-type":"","background-media":"","overlay-type":"","overlay-color":"","overlay-opacity":"","overlay-gradient":""}},"footnotes":""},"class_list":["post-8360","page","type-page","status-publish","hentry"],"_links":{"self":[{"href":"https:\/\/losbuzos.com\/es\/wp-json\/wp\/v2\/pages\/8360","targetHints":{"allow":["GET"]}}],"collection":[{"href":"https:\/\/losbuzos.com\/es\/wp-json\/wp\/v2\/pages"}],"about":[{"href":"https:\/\/losbuzos.com\/es\/wp-json\/wp\/v2\/types\/page"}],"author":[{"embeddable":true,"href":"https:\/\/losbuzos.com\/es\/wp-json\/wp\/v2\/users\/3"}],"replies":[{"embeddable":true,"href":"https:\/\/losbuzos.com\/es\/wp-json\/wp\/v2\/comments?post=8360"}],"version-history":[{"count":21,"href":"https:\/\/losbuzos.com\/es\/wp-json\/wp\/v2\/pages\/8360\/revisions"}],"predecessor-version":[{"id":12594,"href":"https:\/\/losbuzos.com\/es\/wp-json\/wp\/v2\/pages\/8360\/revisions\/12594"}],"up":[{"embeddable":true,"href":"https:\/\/losbuzos.com\/es\/wp-json\/wp\/v2\/pages\/8356"}],"wp:attachment":[{"href":"https:\/\/losbuzos.com\/es\/wp-json\/wp\/v2\/media?parent=8360"}],"curies":[{"name":"wp","href":"https:\/\/api.w.org\/{rel}","templated":true}]}}