{"id":8363,"date":"2023-03-01T11:16:40","date_gmt":"2023-03-01T11:16:40","guid":{"rendered":"https:\/\/losbuzos.com\/fishing-packages\/mixed-sport-fishing-package\/"},"modified":"2026-02-17T10:03:36","modified_gmt":"2026-02-17T10:03:36","slug":"paquete-de-pesca-de-deporte-mixto","status":"publish","type":"page","link":"https:\/\/losbuzos.com\/es\/paquetes-de-pesca-surf-y-diversion\/paquete-de-pesca-de-deporte-mixto\/","title":{"rendered":"Paquete de Pesca de Deporte Mixto"},"content":{"rendered":"\t\t<div data-elementor-type=\"wp-page\" data-elementor-id=\"8363\" class=\"elementor elementor-8363 elementor-5697\" data-elementor-post-type=\"page\">\n\t\t\t\t\t\t<section class=\"elementor-section elementor-top-section elementor-element elementor-element-e411e80 elementor-section-boxed elementor-section-height-default elementor-section-height-default\" data-id=\"e411e80\" data-element_type=\"section\" data-e-type=\"section\" data-settings=\"{&quot;background_background&quot;:&quot;classic&quot;}\">\n\t\t\t\t\t\t<div class=\"elementor-container elementor-column-gap-default\">\n\t\t\t\t\t<div class=\"elementor-column elementor-col-50 elementor-top-column elementor-element elementor-element-62c8a4b\" data-id=\"62c8a4b\" data-element_type=\"column\" data-e-type=\"column\">\n\t\t\t<div class=\"elementor-widget-wrap elementor-element-populated\">\n\t\t\t\t\t\t<div class=\"elementor-element elementor-element-a611fd4 elementor-widget elementor-widget-text-editor\" data-id=\"a611fd4\" data-element_type=\"widget\" data-e-type=\"widget\" data-widget_type=\"text-editor.default\">\n\t\t\t\t<div class=\"elementor-widget-container\">\n\t\t\t\t\t\t\t\t\t<h2>Paquete Todo Incluido \u2013\nPara precios env\u00eda un correo electr\u00f3nico a <a href=\"mailto:sales@losbuzos.com\">sales@losbuzos.com<\/a><\/h2>\t\t\t\t\t\t\t\t<\/div>\n\t\t\t\t<\/div>\n\t\t\t\t<div class=\"elementor-element elementor-element-304c281 elementor-widget elementor-widget-text-editor\" data-id=\"304c281\" data-element_type=\"widget\" data-e-type=\"widget\" data-widget_type=\"text-editor.default\">\n\t\t\t\t<div class=\"elementor-widget-container\">\n\t\t\t\t\t\t\t\t\t<p><strong>Los viajes en <\/strong>grupo<strong> duran una semana (recogida el domingo por la ma\u00f1ana &#8211; regreso el s\u00e1bado por la ma\u00f1ana) paquete de pesca deportiva todo incluido en nuestro albergue aqu\u00ed en Panam\u00e1. Cualquier pescador puede unirse a uno de nuestros Grupos de Pesca Deportiva. \u00a1Consulta nuestro\u00a0<a href=\"https:\/\/losbuzos.com\/es\/fishing-packages\/calendar\/\">calendario<\/a>\u00a0y reserva tu viaje ahora!<\/strong><\/p><p><strong><span style=\"text-decoration: underline;\">Inclu\u00eddo:<\/span><\/strong><\/p><ul><li><strong>Alojamiento: cada hu\u00e9sped tendr\u00e1 una habitaci\u00f3n frente al mar o en primer nivel con camas queen, aire acondicionado y agua caliente. Las habitaciones son de ocupaci\u00f3n doble con ba\u00f1o privado.<\/strong><\/li><li><strong>5 d\u00edas completos de pesca guiada: pescamos todos los d\u00edas durante 6 a 8 horas.<\/strong><\/li><li><strong>Aparejos de pesca en barco y aparejos para cebo vivo, cebo muerto y curric\u00e1n con se\u00f1uelos y kits de inicio para viajes de jigging y popping (se venden jigs y poppers adicionales en el sitio). Equipo de pesca en kayak no incluido.<\/strong><\/li><li><strong>Comidas:\u00a0desayuno diario, almuerzo para llevar, meriendas y cena (servidos todos los d\u00edas en Los Buzos).<\/strong><\/li><li><strong>Bebidas:\u00a0cerveza nacional ilimitada, gatorade, t\u00e9 y agua de cortes\u00eda en el albergue. Cash Bar de combinados y refrescos.<\/strong><\/li><li><strong>Transporte: traslados privados desde la ciudad de Panam\u00e1 a Los Buzos y viceversa. Recogida el domingo por la ma\u00f1ana (10h) y s\u00e1bado por la ma\u00f1ana regreso a la ciudad.<\/strong><\/li><li><strong>WIFI: wifi ilimitado disponible en nuestro albergue.<\/strong><\/li><\/ul><p><strong>No est\u00e1n incluidos en nuestra tarifa el pasaje a\u00e9reo a Panam\u00e1, el transporte entre el aeropuerto y el hotel, la habitaci\u00f3n y las comidas por las noches que pase en la Ciudad de Panam\u00e1.<\/strong><\/p>\t\t\t\t\t\t\t\t<\/div>\n\t\t\t\t<\/div>\n\t\t\t\t\t<\/div>\n\t\t<\/div>\n\t\t\t\t<div class=\"elementor-column elementor-col-50 elementor-top-column elementor-element elementor-element-f702a85\" data-id=\"f702a85\" data-element_type=\"column\" data-e-type=\"column\">\n\t\t\t<div class=\"elementor-widget-wrap elementor-element-populated\">\n\t\t\t\t\t\t<div class=\"elementor-element elementor-element-c871ee0 elementor-widget elementor-widget-text-editor\" data-id=\"c871ee0\" data-element_type=\"widget\" data-e-type=\"widget\" data-widget_type=\"text-editor.default\">\n\t\t\t\t<div class=\"elementor-widget-container\">\n\t\t\t\t\t\t\t\t\t<h1 style=\"text-align: center;\">DETALLES DE\u00a0<\/h1><h1 style=\"text-align: center;\">PAQUETE DE PESCA<\/h1><h1 style=\"text-align: center;\">&amp; DEPORTE MIXTO<br \/><br \/><br \/><\/h1>\t\t\t\t\t\t\t\t<\/div>\n\t\t\t\t<\/div>\n\t\t\t\t<div class=\"elementor-element elementor-element-04019ef elementor-widget elementor-widget-image\" data-id=\"04019ef\" data-element_type=\"widget\" data-e-type=\"widget\" data-widget_type=\"image.default\">\n\t\t\t\t<div class=\"elementor-widget-container\">\n\t\t\t\t\t\t\t\t\t\t\t\t\t\t\t<img decoding=\"async\" src=\"https:\/\/losbuzos.com\/wp-content\/uploads\/elementor\/thumbs\/ezgif-3-d4a4930ade-q2vecma56zzin4l83pf2ap83mt2psar1oliw3lk6ps.jpeg\" title=\"ezgif-3-d4a4930ade\" alt=\"ezgif-3-d4a4930ade\" loading=\"lazy\" \/>\t\t\t\t\t\t\t\t\t\t\t\t\t\t\t<\/div>\n\t\t\t\t<\/div>\n\t\t\t\t<div class=\"elementor-element elementor-element-55ba160 elementor-widget elementor-widget-image\" data-id=\"55ba160\" data-element_type=\"widget\" data-e-type=\"widget\" data-widget_type=\"image.default\">\n\t\t\t\t<div class=\"elementor-widget-container\">\n\t\t\t\t\t\t\t\t\t\t\t\t\t\t\t<img decoding=\"async\" src=\"https:\/\/losbuzos.com\/wp-content\/uploads\/elementor\/thumbs\/WhatsApp-Image-2022-02-04-at-7.02.56-PM-q2vedl267vbaib7r0oo2mtfuxa2bd7gk3outue7yf4.jpg\" title=\"WhatsApp-Image-2022-02-04-at-7.02.56-PM\" alt=\"WhatsApp-Image-2022-02-04-at-7.02.56-PM\" loading=\"lazy\" \/>\t\t\t\t\t\t\t\t\t\t\t\t\t\t\t<\/div>\n\t\t\t\t<\/div>\n\t\t\t\t\t<\/div>\n\t\t<\/div>\n\t\t\t\t\t<\/div>\n\t\t<\/section>\n\t\t\t\t<section class=\"elementor-section elementor-top-section elementor-element elementor-element-7d14199 elementor-section-boxed elementor-section-height-default elementor-section-height-default\" data-id=\"7d14199\" data-element_type=\"section\" data-e-type=\"section\" data-settings=\"{&quot;background_background&quot;:&quot;classic&quot;}\">\n\t\t\t\t\t\t<div class=\"elementor-container elementor-column-gap-default\">\n\t\t\t\t\t<div class=\"elementor-column elementor-col-100 elementor-top-column elementor-element elementor-element-8e3fc9b\" data-id=\"8e3fc9b\" data-element_type=\"column\" data-e-type=\"column\">\n\t\t\t<div class=\"elementor-widget-wrap elementor-element-populated\">\n\t\t\t\t\t\t<div class=\"elementor-element elementor-element-eb42cd8 elementor-widget elementor-widget-image\" data-id=\"eb42cd8\" data-element_type=\"widget\" data-e-type=\"widget\" data-widget_type=\"image.default\">\n\t\t\t\t<div class=\"elementor-widget-container\">\n\t\t\t\t\t\t\t\t\t\t\t\t\t\t\t<img fetchpriority=\"high\" decoding=\"async\" width=\"1024\" height=\"576\" src=\"https:\/\/losbuzos.com\/wp-content\/uploads\/2023\/03\/Panga-Ocean-Shot-png-1024x576.png\" class=\"attachment-large size-large wp-image-7640\" alt=\"Los Buzos: Offshore Fishing &amp; Adventure Resort|Paquete de Pesca de Deporte Mixto\" srcset=\"https:\/\/losbuzos.com\/wp-content\/uploads\/2023\/03\/Panga-Ocean-Shot-png-1024x576.png 1024w, https:\/\/losbuzos.com\/wp-content\/uploads\/2023\/03\/Panga-Ocean-Shot-png-300x169.png 300w, https:\/\/losbuzos.com\/wp-content\/uploads\/2023\/03\/Panga-Ocean-Shot-png-768x432.png 768w, https:\/\/losbuzos.com\/wp-content\/uploads\/2023\/03\/Panga-Ocean-Shot-png-1536x864.png 1536w, https:\/\/losbuzos.com\/wp-content\/uploads\/2023\/03\/Panga-Ocean-Shot-png-2048x1152.png 2048w\" sizes=\"(max-width: 1024px) 100vw, 1024px\" title=\"Los Buzos: Offshore Fishing &amp; Adventure Resort | Paquete de Pesca de Deporte Mixto\" \/>\t\t\t\t\t\t\t\t\t\t\t\t\t\t\t<\/div>\n\t\t\t\t<\/div>\n\t\t\t\t\t<\/div>\n\t\t<\/div>\n\t\t\t\t\t<\/div>\n\t\t<\/section>\n\t\t\t\t<section class=\"elementor-section elementor-top-section elementor-element elementor-element-d16f79e elementor-section-boxed elementor-section-height-default elementor-section-height-default\" data-id=\"d16f79e\" data-element_type=\"section\" data-e-type=\"section\" data-settings=\"{&quot;background_background&quot;:&quot;classic&quot;}\">\n\t\t\t\t\t\t<div class=\"elementor-container elementor-column-gap-default\">\n\t\t\t\t\t<div class=\"elementor-column elementor-col-100 elementor-top-column elementor-element elementor-element-9c07f4c\" data-id=\"9c07f4c\" data-element_type=\"column\" data-e-type=\"column\">\n\t\t\t<div class=\"elementor-widget-wrap elementor-element-populated\">\n\t\t\t\t\t\t<div class=\"elementor-element elementor-element-c90f586 elementor-widget elementor-widget-text-editor\" data-id=\"c90f586\" data-element_type=\"widget\" data-e-type=\"widget\" data-widget_type=\"text-editor.default\">\n\t\t\t\t<div class=\"elementor-widget-container\">\n\t\t\t\t\t\t\t\t\t<h2 style=\"text-align: center;\">\u00bfListo para reservar tu lugar?<\/h2><p style=\"text-align: center;\">Env\u00ede un correo electr\u00f3nico a\u00a0<a href=\"mailto:sales@losbuzos.com\">sales@losbuzos.com<\/a>\u00a0para precios y reservas. Los dep\u00f3sitos para reservar un lugar son $1000 del precio total del paquete. El saldo se facturar\u00e1 aproximadamente 60 d\u00edas antes de su viaje. Todos los pagos en el sitio son en efectivo o con tarjeta de cr\u00e9dito (solo Visa o Mastercard). \u00a1Consulta nuestro\u00a0<a href=\"https:\/\/losbuzos.com\/es\/fishing-packages\/calendar\/\" target=\"_blank\" rel=\"noopener\">calendario<\/a>!<\/p>\t\t\t\t\t\t\t\t<\/div>\n\t\t\t\t<\/div>\n\t\t\t\t<div class=\"elementor-element elementor-element-19ea7a4 elementor-widget elementor-widget-template\" data-id=\"19ea7a4\" data-element_type=\"widget\" data-e-type=\"widget\" data-widget_type=\"template.default\">\n\t\t\t\t<div class=\"elementor-widget-container\">\n\t\t\t\t\t\t\t<div class=\"elementor-template\">\n\t\t\t\t\t<div data-elementor-type=\"section\" data-elementor-id=\"12466\" class=\"elementor elementor-12466 elementor-12396\" data-elementor-post-type=\"elementor_library\">\n\t\t\t\t\t<section class=\"elementor-section elementor-top-section elementor-element elementor-element-b71146c elementor-section-boxed elementor-section-height-default elementor-section-height-default\" data-id=\"b71146c\" data-element_type=\"section\" data-e-type=\"section\">\n\t\t\t\t\t\t<div class=\"elementor-container elementor-column-gap-default\">\n\t\t\t\t\t<div class=\"elementor-column elementor-col-50 elementor-top-column elementor-element elementor-element-7707e42\" data-id=\"7707e42\" data-element_type=\"column\" data-e-type=\"column\">\n\t\t\t<div class=\"elementor-widget-wrap elementor-element-populated\">\n\t\t\t\t\t\t<div class=\"elementor-element elementor-element-47d2c1a elementor-widget__width-inherit elementor-align-center elementor-widget elementor-widget-button\" data-id=\"47d2c1a\" data-element_type=\"widget\" data-e-type=\"widget\" data-widget_type=\"button.default\">\n\t\t\t\t<div class=\"elementor-widget-container\">\n\t\t\t\t\t\t\t\t\t<div class=\"elementor-button-wrapper\">\n\t\t\t\t\t<a class=\"elementor-button elementor-button-link elementor-size-sm\" href=\"https:\/\/losbuzos.com\/es\/reserve-su-viaje\/\">\n\t\t\t\t\t\t<span class=\"elementor-button-content-wrapper\">\n\t\t\t\t\t\t\t\t\t<span class=\"elementor-button-text\">\u00a1Reserva tu viaje aqu\u00ed!<\/span>\n\t\t\t\t\t<\/span>\n\t\t\t\t\t<\/a>\n\t\t\t\t<\/div>\n\t\t\t\t\t\t\t\t<\/div>\n\t\t\t\t<\/div>\n\t\t\t\t\t<\/div>\n\t\t<\/div>\n\t\t\t\t<div class=\"elementor-column elementor-col-50 elementor-top-column elementor-element elementor-element-e840526\" data-id=\"e840526\" data-element_type=\"column\" data-e-type=\"column\">\n\t\t\t<div class=\"elementor-widget-wrap elementor-element-populated\">\n\t\t\t\t\t\t<div class=\"elementor-element elementor-element-acadbdf elementor-align-center elementor-widget elementor-widget-button\" data-id=\"acadbdf\" data-element_type=\"widget\" data-e-type=\"widget\" data-widget_type=\"button.default\">\n\t\t\t\t<div class=\"elementor-widget-container\">\n\t\t\t\t\t\t\t\t\t<div class=\"elementor-button-wrapper\">\n\t\t\t\t\t<a class=\"elementor-button elementor-button-link elementor-size-sm\" href=\"https:\/\/losbuzos.com\/es\/planifica-tu-viaje\/\">\n\t\t\t\t\t\t<span class=\"elementor-button-content-wrapper\">\n\t\t\t\t\t\t\t\t\t<span class=\"elementor-button-text\">\u00a1Planifica tu viaje aqu\u00ed!<\/span>\n\t\t\t\t\t<\/span>\n\t\t\t\t\t<\/a>\n\t\t\t\t<\/div>\n\t\t\t\t\t\t\t\t<\/div>\n\t\t\t\t<\/div>\n\t\t\t\t\t<\/div>\n\t\t<\/div>\n\t\t\t\t\t<\/div>\n\t\t<\/section>\n\t\t\t\t<\/div>\n\t\t\t\t<\/div>\n\t\t\t\t\t\t<\/div>\n\t\t\t\t<\/div>\n\t\t\t\t\t<\/div>\n\t\t<\/div>\n\t\t\t\t\t<\/div>\n\t\t<\/section>\n\t\t\t\t<section class=\"elementor-section elementor-top-section elementor-element elementor-element-6ec6f24 elementor-section-boxed elementor-section-height-default elementor-section-height-default\" data-id=\"6ec6f24\" data-element_type=\"section\" data-e-type=\"section\" data-settings=\"{&quot;background_background&quot;:&quot;classic&quot;}\">\n\t\t\t\t\t\t<div class=\"elementor-container elementor-column-gap-default\">\n\t\t\t\t\t<div class=\"elementor-column elementor-col-50 elementor-top-column elementor-element elementor-element-b74dda2\" data-id=\"b74dda2\" data-element_type=\"column\" data-e-type=\"column\">\n\t\t\t<div class=\"elementor-widget-wrap elementor-element-populated\">\n\t\t\t\t\t\t<div class=\"elementor-element elementor-element-70a58a1 elementor-widget elementor-widget-text-editor\" data-id=\"70a58a1\" data-element_type=\"widget\" data-e-type=\"widget\" data-widget_type=\"text-editor.default\">\n\t\t\t\t<div class=\"elementor-widget-container\">\n\t\t\t\t\t\t\t\t\t<p>Nuestros dep\u00f3sitos de viaje no son reembolsables y las fechas de viaje no se pueden reprogramar, por lo tanto, recomendamos proteger el costo de su viaje y otros gastos de viaje no reembolsables con un seguro de viaje. El seguro de viaje exclusivo de Global Rescue le permite asegurar todos sus gastos y cubre todas las actividades de pesca. Si bien se puede comprar una p\u00f3liza de seguro de viaje Signature en cualquier momento, l<strong>a compra de una p\u00f3liza dentro de los 20 d\u00edas posteriores a la realizaci\u00f3n del dep\u00f3sito inicial del viaje le brinda la gama m\u00e1s amplia de opciones de p\u00f3lizas, incluida la pol\u00edtica de \u00abcancelar por cualquier motivo\u00bb<\/strong> <a href=\"https:\/\/partner.globalrescue.com\/losbuzosresortpanama\/\" target=\"_blank\" rel=\"noopener\">haga clic aqu\u00ed<\/a> o llame al +1-617- 459-4200.<\/p><p>Estamos constantemente actualizando nuestra pol\u00edtica de cancelaci\u00f3n y los detalles del viaje con base en las comunicaciones del Ministerio de Salud de Panam\u00e1. Las Leyes de la Rep\u00fablica de Panam\u00e1 nos eximen de toda responsabilidad ante casos de fuerza mayor, fen\u00f3menos meteorol\u00f3gicos y desastres naturales.<\/p>\t\t\t\t\t\t\t\t<\/div>\n\t\t\t\t<\/div>\n\t\t\t\t\t<\/div>\n\t\t<\/div>\n\t\t\t\t<div class=\"elementor-column elementor-col-50 elementor-top-column elementor-element elementor-element-433a5cb\" data-id=\"433a5cb\" data-element_type=\"column\" data-e-type=\"column\">\n\t\t\t<div class=\"elementor-widget-wrap elementor-element-populated\">\n\t\t\t\t\t\t<div class=\"elementor-element elementor-element-af7641a elementor-widget elementor-widget-image\" data-id=\"af7641a\" data-element_type=\"widget\" data-e-type=\"widget\" data-widget_type=\"image.default\">\n\t\t\t\t<div class=\"elementor-widget-container\">\n\t\t\t\t\t\t\t\t\t\t\t\t\t\t\t<img decoding=\"async\" width=\"300\" height=\"300\" src=\"https:\/\/losbuzos.com\/wp-content\/uploads\/2023\/03\/GRBadgeColor-1-1024x1024-1-1024x1024-1-300x300.png\" class=\"attachment-medium size-medium wp-image-7631\" alt=\"Los Buzos: Offshore Fishing &amp; Adventure Resort|Paquete de Pesca de Deporte Mixto\" srcset=\"https:\/\/losbuzos.com\/wp-content\/uploads\/2023\/03\/GRBadgeColor-1-1024x1024-1-1024x1024-1-300x300.png 300w, https:\/\/losbuzos.com\/wp-content\/uploads\/2023\/03\/GRBadgeColor-1-1024x1024-1-1024x1024-1-150x150.png 150w, https:\/\/losbuzos.com\/wp-content\/uploads\/2023\/03\/GRBadgeColor-1-1024x1024-1-1024x1024-1-768x768.png 768w, https:\/\/losbuzos.com\/wp-content\/uploads\/2023\/03\/GRBadgeColor-1-1024x1024-1-1024x1024-1.png 1024w\" sizes=\"(max-width: 300px) 100vw, 300px\" title=\"Los Buzos: Offshore Fishing &amp; Adventure Resort | Paquete de Pesca de Deporte Mixto\" \/>\t\t\t\t\t\t\t\t\t\t\t\t\t\t\t<\/div>\n\t\t\t\t<\/div>\n\t\t\t\t\t<\/div>\n\t\t<\/div>\n\t\t\t\t\t<\/div>\n\t\t<\/section>\n\t\t\t\t<section class=\"elementor-section elementor-top-section elementor-element elementor-element-058bbfd elementor-section-boxed elementor-section-height-default elementor-section-height-default\" data-id=\"058bbfd\" data-element_type=\"section\" data-e-type=\"section\" data-settings=\"{&quot;background_background&quot;:&quot;classic&quot;}\">\n\t\t\t\t\t\t<div class=\"elementor-container elementor-column-gap-wide\">\n\t\t\t\t\t<div class=\"elementor-column elementor-col-50 elementor-top-column elementor-element elementor-element-bd9f194\" data-id=\"bd9f194\" data-element_type=\"column\" data-e-type=\"column\">\n\t\t\t<div class=\"elementor-widget-wrap elementor-element-populated\">\n\t\t\t\t\t\t<div class=\"elementor-element elementor-element-7f4b3fe elementor-widget elementor-widget-image\" data-id=\"7f4b3fe\" data-element_type=\"widget\" data-e-type=\"widget\" data-widget_type=\"image.default\">\n\t\t\t\t<div class=\"elementor-widget-container\">\n\t\t\t\t\t\t\t\t\t\t\t\t\t\t\t<img decoding=\"async\" width=\"1024\" height=\"682\" src=\"https:\/\/losbuzos.com\/wp-content\/uploads\/2023\/03\/Blue-Marlin.jpg\" class=\"attachment-large size-large wp-image-7637\" alt=\"Los Buzos: Offshore Fishing &amp; Adventure Resort|Paquete de Pesca de Deporte Mixto\" srcset=\"https:\/\/losbuzos.com\/wp-content\/uploads\/2023\/03\/Blue-Marlin.jpg 1024w, https:\/\/losbuzos.com\/wp-content\/uploads\/2023\/03\/Blue-Marlin-300x200.jpg 300w, https:\/\/losbuzos.com\/wp-content\/uploads\/2023\/03\/Blue-Marlin-768x512.jpg 768w\" sizes=\"(max-width: 1024px) 100vw, 1024px\" title=\"Los Buzos: Offshore Fishing &amp; Adventure Resort | Paquete de Pesca de Deporte Mixto\" \/>\t\t\t\t\t\t\t\t\t\t\t\t\t\t\t<\/div>\n\t\t\t\t<\/div>\n\t\t\t\t\t<\/div>\n\t\t<\/div>\n\t\t\t\t<div class=\"elementor-column elementor-col-50 elementor-top-column elementor-element elementor-element-3f958aa\" data-id=\"3f958aa\" data-element_type=\"column\" data-e-type=\"column\">\n\t\t\t<div class=\"elementor-widget-wrap elementor-element-populated\">\n\t\t\t\t\t\t<div class=\"elementor-element elementor-element-bceaacd elementor-widget elementor-widget-image\" data-id=\"bceaacd\" data-element_type=\"widget\" data-e-type=\"widget\" data-widget_type=\"image.default\">\n\t\t\t\t<div class=\"elementor-widget-container\">\n\t\t\t\t\t\t\t\t\t\t\t\t\t\t\t<img loading=\"lazy\" decoding=\"async\" width=\"1024\" height=\"682\" src=\"https:\/\/losbuzos.com\/wp-content\/uploads\/2023\/03\/ezgif-3-0c83f32725-1024x682.jpeg\" class=\"attachment-large size-large wp-image-7638\" alt=\"Los Buzos: Offshore Fishing &amp; Adventure Resort|Paquete de Pesca de Deporte Mixto\" srcset=\"https:\/\/losbuzos.com\/wp-content\/uploads\/2023\/03\/ezgif-3-0c83f32725-1024x682.jpeg 1024w, https:\/\/losbuzos.com\/wp-content\/uploads\/2023\/03\/ezgif-3-0c83f32725-300x200.jpeg 300w, https:\/\/losbuzos.com\/wp-content\/uploads\/2023\/03\/ezgif-3-0c83f32725-768x511.jpeg 768w, https:\/\/losbuzos.com\/wp-content\/uploads\/2023\/03\/ezgif-3-0c83f32725.jpeg 1280w\" sizes=\"(max-width: 1024px) 100vw, 1024px\" title=\"Los Buzos: Offshore Fishing &amp; Adventure Resort | Paquete de Pesca de Deporte Mixto\" \/>\t\t\t\t\t\t\t\t\t\t\t\t\t\t\t<\/div>\n\t\t\t\t<\/div>\n\t\t\t\t\t<\/div>\n\t\t<\/div>\n\t\t\t\t\t<\/div>\n\t\t<\/section>\n\t\t\t\t<section class=\"elementor-section elementor-top-section elementor-element elementor-element-feae2cd elementor-section-boxed elementor-section-height-default elementor-section-height-default\" data-id=\"feae2cd\" data-element_type=\"section\" data-e-type=\"section\" data-settings=\"{&quot;background_background&quot;:&quot;classic&quot;}\">\n\t\t\t\t\t\t<div class=\"elementor-container elementor-column-gap-default\">\n\t\t\t\t\t<div class=\"elementor-column elementor-col-100 elementor-top-column elementor-element elementor-element-8621353\" data-id=\"8621353\" data-element_type=\"column\" data-e-type=\"column\">\n\t\t\t<div class=\"elementor-widget-wrap elementor-element-populated\">\n\t\t\t\t\t\t<div class=\"elementor-element elementor-element-44a2cc7 elementor-widget elementor-widget-spacer\" data-id=\"44a2cc7\" data-element_type=\"widget\" data-e-type=\"widget\" data-widget_type=\"spacer.default\">\n\t\t\t\t<div class=\"elementor-widget-container\">\n\t\t\t\t\t\t\t<div class=\"elementor-spacer\">\n\t\t\t<div class=\"elementor-spacer-inner\"><\/div>\n\t\t<\/div>\n\t\t\t\t\t\t<\/div>\n\t\t\t\t<\/div>\n\t\t\t\t\t<\/div>\n\t\t<\/div>\n\t\t\t\t\t<\/div>\n\t\t<\/section>\n\t\t\t\t<\/div>\n\t\t","protected":false},"excerpt":{"rendered":"<p>Paquete Todo Incluido \u2013 Para precios env\u00eda un correo electr\u00f3nico a sales@losbuzos.com Los viajes en grupo duran una semana (recogida el domingo por la ma\u00f1ana &#8211; regreso el s\u00e1bado por la ma\u00f1ana) paquete de pesca deportiva todo incluido en nuestro albergue aqu\u00ed en Panam\u00e1. Cualquier pescador puede unirse a uno de nuestros Grupos de Pesca [&hellip;]<\/p>\n","protected":false},"author":3,"featured_media":0,"parent":8356,"menu_order":0,"comment_status":"closed","ping_status":"closed","template":"","meta":{"content-type":"","site-sidebar-layout":"no-sidebar","site-content-layout":"page-builder","ast-site-content-layout":"full-width-container","site-content-style":"unboxed","site-sidebar-style":"unboxed","ast-global-header-display":"","ast-banner-title-visibility":"","ast-main-header-display":"","ast-hfb-above-header-display":"","ast-hfb-below-header-display":"","ast-hfb-mobile-header-display":"","site-post-title":"disabled","ast-breadcrumbs-content":"","ast-featured-img":"disabled","footer-sml-layout":"","ast-disable-related-posts":"","theme-transparent-header-meta":"","adv-header-id-meta":"","stick-header-meta":"","header-above-stick-meta":"","header-main-stick-meta":"","header-below-stick-meta":"","astra-migrate-meta-layouts":"set","ast-page-background-enabled":"default","ast-page-background-meta":{"desktop":{"background-color":"","background-image":"","background-repeat":"repeat","background-position":"center center","background-size":"auto","background-attachment":"scroll","background-type":"","background-media":"","overlay-type":"","overlay-color":"","overlay-opacity":"","overlay-gradient":""},"tablet":{"background-color":"","background-image":"","background-repeat":"repeat","background-position":"center center","background-size":"auto","background-attachment":"scroll","background-type":"","background-media":"","overlay-type":"","overlay-color":"","overlay-opacity":"","overlay-gradient":""},"mobile":{"background-color":"","background-image":"","background-repeat":"repeat","background-position":"center center","background-size":"auto","background-attachment":"scroll","background-type":"","background-media":"","overlay-type":"","overlay-color":"","overlay-opacity":"","overlay-gradient":""}},"ast-content-background-meta":{"desktop":{"background-color":"var(--ast-global-color-5)","background-image":"","background-repeat":"repeat","background-position":"center center","background-size":"auto","background-attachment":"scroll","background-type":"","background-media":"","overlay-type":"","overlay-color":"","overlay-opacity":"","overlay-gradient":""},"tablet":{"background-color":"var(--ast-global-color-5)","background-image":"","background-repeat":"repeat","background-position":"center center","background-size":"auto","background-attachment":"scroll","background-type":"","background-media":"","overlay-type":"","overlay-color":"","overlay-opacity":"","overlay-gradient":""},"mobile":{"background-color":"var(--ast-global-color-5)","background-image":"","background-repeat":"repeat","background-position":"center center","background-size":"auto","background-attachment":"scroll","background-type":"","background-media":"","overlay-type":"","overlay-color":"","overlay-opacity":"","overlay-gradient":""}},"footnotes":""},"class_list":["post-8363","page","type-page","status-publish","hentry"],"_links":{"self":[{"href":"https:\/\/losbuzos.com\/es\/wp-json\/wp\/v2\/pages\/8363","targetHints":{"allow":["GET"]}}],"collection":[{"href":"https:\/\/losbuzos.com\/es\/wp-json\/wp\/v2\/pages"}],"about":[{"href":"https:\/\/losbuzos.com\/es\/wp-json\/wp\/v2\/types\/page"}],"author":[{"embeddable":true,"href":"https:\/\/losbuzos.com\/es\/wp-json\/wp\/v2\/users\/3"}],"replies":[{"embeddable":true,"href":"https:\/\/losbuzos.com\/es\/wp-json\/wp\/v2\/comments?post=8363"}],"version-history":[{"count":33,"href":"https:\/\/losbuzos.com\/es\/wp-json\/wp\/v2\/pages\/8363\/revisions"}],"predecessor-version":[{"id":12595,"href":"https:\/\/losbuzos.com\/es\/wp-json\/wp\/v2\/pages\/8363\/revisions\/12595"}],"up":[{"embeddable":true,"href":"https:\/\/losbuzos.com\/es\/wp-json\/wp\/v2\/pages\/8356"}],"wp:attachment":[{"href":"https:\/\/losbuzos.com\/es\/wp-json\/wp\/v2\/media?parent=8363"}],"curies":[{"name":"wp","href":"https:\/\/api.w.org\/{rel}","templated":true}]}}