{"id":8378,"date":"2023-02-21T08:56:07","date_gmt":"2023-02-21T08:56:07","guid":{"rendered":"https:\/\/losbuzos.com\/privacy-policy\/"},"modified":"2026-02-17T10:13:21","modified_gmt":"2026-02-17T10:13:21","slug":"politica-de-privacidad","status":"publish","type":"page","link":"https:\/\/losbuzos.com\/es\/politica-de-privacidad\/","title":{"rendered":"Pol\u00edtica de Privacidad"},"content":{"rendered":"\n<p>Fecha de vigencia: enero de 2020<\/p>\n\n\n\n<ol class=\"wp-block-list\">\n<li>En cumplimiento con el deber de informaci\u00f3n recogido en el art\u00edculo 1 de la Ley 6 de 2002, de Acceso a la Informaci\u00f3n y de Comercio Electr\u00f3nico, losbuzos.com, presenta la siguiente informaci\u00f3n; Somos una sociedad perteneciente a Resort Management, SA, Sociedad An\u00f3nima constituida de conformidad con las leyes de la Rep\u00fablica de Panam\u00e1, Sociedad An\u00f3nima constituida de conformidad con las leyes de la Rep\u00fablica de Panam\u00e1 y registrada a Folio 586580, Secci\u00f3n de Personas Comerciales de el Registro P\u00fablico de Panam\u00e1, con domicilio en Los Buzos Resort, Cambutal de Tonos\u00ed, Provincia de Los Santos, (en adelante \u201cLOS BUZOS\u201d, \u201cEMPRESA\u201d, \u201cNOSOTROS\u201d, \u201cNUESTRO\u201d o \u201cNUESTRA\u201d).<\/li>\n\n\n\n<li>Se atribuye la condici\u00f3n de USUARIO a toda persona que acceda a este sitio web, quien acepta, adem\u00e1s, desde dicho acceso y\/o uso, las Pol\u00edticas de Privacidad, los T\u00e9rminos y Condiciones de los Servicios y las Pol\u00edticas de Cancelaci\u00f3n y Reembolso. Los cuales pueden o no estar relacionados entre s\u00ed y son obligatorios.<\/li>\n\n\n\n<li>Nuestro sitio web losbuzos.com confiere el acceso a multitud de informaciones, servicios y planes de LOS BUZOS o de sus licenciantes a los que el USUARIO puede tener acceso. El USUARIO es responsable del uso que haga del sitio web. Dicha responsabilidad se extiende al registro que fuese necesario para acceder a determinados servicios o contenidos. En dicho registro el USUARIO ser\u00e1 responsable de aportar informaci\u00f3n veraz y l\u00edcita. Como consecuencia de este registro, al USUARIO se le puede proporcionar una contrase\u00f1a de la que ser\u00e1 responsable, comprometi\u00e9ndose a hacer un uso correcto y confidencial de la misma. El USUARIO se obliga a hacer un uso adecuado de las publicaciones y servicios que LOS BUZOS ofrece a trav\u00e9s de su sitio web, entre los que se indican, a t\u00edtulo enunciativo pero no limitativo, (a) la realizaci\u00f3n de actividades il\u00edcitas, o contrarias a la buena fe y al orden. p\u00fablico; (b) difundir contenidos o propaganda de car\u00e1cter racista, xen\u00f3fobo, pornogr\u00e1fico, de apolog\u00eda del terrorismo o que atente contra los derechos humanos; (c) provocar da\u00f1os en los equipos y programas de LOS BUZOS, de sus proveedores o de terceras personas, introducir o difundir virus inform\u00e1ticos o cualesquiera otros sistemas f\u00edsicos o l\u00f3gicos que sean susceptibles de provocar los da\u00f1os anteriormente mencionados; (d) intentar acceder y, en su caso, utilizar las cuentas de correo electr\u00f3nico de otros usuarios y modificar o manipular sus mensajes. LOS BUZOS se reserva el derecho de eliminar todos los comentarios y aportaciones que atenten contra el respeto a la dignidad de la persona, que sean discriminatorios, xen\u00f3fobos, racistas, pornogr\u00e1ficos, que atenten contra la juventud o la infancia, el orden o la seguridad p\u00fablica o que, a su juicio, no sean adecuado para la publicaci\u00f3n. En cualquier caso, LOS BUZOS no es ni ser\u00e1 responsable de las opiniones vertidas por los usuarios a trav\u00e9s de los foros, chats, u otras herramientas de participaci\u00f3n.<\/li>\n\n\n\n<li>Nuestro sitio web puede almacenar informaci\u00f3n personal como: Nombre, informaci\u00f3n de contacto como su direcci\u00f3n de correo electr\u00f3nico e informaci\u00f3n demogr\u00e1fica. Asimismo, cuando sea necesario, se podr\u00e1 requerir informaci\u00f3n espec\u00edfica para procesar una compra.<\/li>\n\n\n\n<li>LOS BUZOS tratar\u00e1 sus datos personales recabados a trav\u00e9s de losbuzos.com con las siguientes finalidades:\n<ul class=\"wp-block-list\">\n<li>En el caso de contrataci\u00f3n de los bienes y servicios ofrecidos a trav\u00e9s de nuestra p\u00e1gina web, para mantener la relaci\u00f3n contractual, as\u00ed como la gesti\u00f3n, administraci\u00f3n, informaci\u00f3n, prestaci\u00f3n y mejora del servicio.<\/li>\n\n\n\n<li>Env\u00edo de informaci\u00f3n solicitada a trav\u00e9s de los formularios habilitados en losbuzos.com<\/li>\n\n\n\n<li>Remitir newsletters, as\u00ed como comunicaciones comerciales de promociones y\/o publicidad de LOS BUZOS y del sector.<\/li>\n<\/ul>\n<\/li>\n<\/ol>\n\n\n\n<p>Le recordamos que puede oponerse al env\u00edo de comunicaciones comerciales por cualquier medio y en cualquier momento, enviando un correo electr\u00f3nico a nuestro oficial de cumplimiento de privacidad en la direcci\u00f3n sales@losbuzos.com. Los campos de dichos registros son obligatorios, siendo imposible llevar a cabo las finalidades indicadas si no se facilitan estos datos.<\/p>\n\n\n\n<ol class=\"wp-block-list\" start=\"6\">\n<li>Los datos personales proporcionados se conservar\u00e1n mientras se mantenga la relaci\u00f3n comercial, o no solicite su supresi\u00f3n y durante el plazo en que pudieran derivarse responsabilidades legales por los servicios prestados.<\/li>\n\n\n\n<li>El uso de sus datos se realiza con las siguientes bases legales que legitiman el mismo:<\/li>\n<\/ol>\n\n\n\n<ul class=\"wp-block-list\">\n<li>La solicitud de informaci\u00f3n y\/o la contrataci\u00f3n de los servicios de LOS BUZOS, cuyos t\u00e9rminos y condiciones se pondr\u00e1n a su disposici\u00f3n en todo caso, con car\u00e1cter previo a una posible contrataci\u00f3n.<\/li>\n<\/ul>\n\n\n\n<ul class=\"wp-block-list\">\n<li>Consentimiento libre, espec\u00edfico, informado e inequ\u00edvoco, tal y como te informamos poniendo a tu disposici\u00f3n esta pol\u00edtica de privacidad, que tras su lectura, si est\u00e1s de acuerdo, puedes aceptar mediante una declaraci\u00f3n o una clara acci\u00f3n afirmativa, como puede ser el marcado de un recuadro previsto para tal fin.<\/li>\n<\/ul>\n\n\n\n<p>Si no nos facilita sus datos o lo hace de forma err\u00f3nea o incompleta, no podremos atender su solicitud, siendo completamente imposible facilitarle la informaci\u00f3n solicitada o realizar la contrataci\u00f3n de servicios.<\/p>\n\n\n\n<ol class=\"wp-block-list\" start=\"8\">\n<li>Los datos o informaci\u00f3n personal no ser\u00e1n comunicados a ning\u00fan tercero ajeno a LOS BUZOS, salvo obligaci\u00f3n legal.<\/li>\n\n\n\n<li>LOS BUZOS es titular de todos los derechos de autor, propiedad intelectual e industrial, \u201cknow how\u201d y cuantos otros derechos guardan relaci\u00f3n con los contenidos del sitio web losbuzos.com y los servicios ofertados en el mismo, as\u00ed como de los programas necesarios para su implementaci\u00f3n y la informaci\u00f3n relacionada. . No se permite la reproducci\u00f3n, publicaci\u00f3n y\/o uso no estrictamente privado de los contenidos, totales o parciales, del sitio web losbuzos.com sin el consentimiento previo y por escrito.<\/li>\n\n\n\n<li>El usuario es responsable de las leyes y reglamentos vigentes y de las normas que tengan que ver con el funcionamiento del servicio en l\u00ednea, el comercio electr\u00f3nico, los derechos de autor, el mantenimiento del orden p\u00fablico, as\u00ed como los principios universales del uso de Internet. El usuario indemnizar\u00e1 a LOS BUZOS por los gastos que genere la imputaci\u00f3n de LOS BUZOS en cualquier causa cuya responsabilidad fuera imputable al usuario, incluidos los honorarios y gastos de defensa jur\u00eddica, incluso en el caso de sentencia judicial no firme.<\/li>\n\n\n\n<li>LOS BUZOS perseguir\u00e1 el incumplimiento de las presentes cl\u00e1usulas de la presente pol\u00edtica de privacidad as\u00ed como cualquier utilizaci\u00f3n indebida de su portal ejerciendo todas las acciones civiles y penales que le puedan corresponder en derecho.<\/li>\n\n\n\n<li>LOS BUZOS podr\u00e1 modificar en cualquier momento las condiciones aqu\u00ed determinadas, siendo debidamente publicadas como aqu\u00ed aparecen. La vigencia de las citadas condiciones ir\u00e1 en funci\u00f3n de su exposici\u00f3n y estar\u00e1n vigentes hasta que sean modificadas por otras debidamente publicadas. Si se realizan cambios, le enviaremos un aviso revisado que describe los cambios y enmiendas.<\/li>\n\n\n\n<li>La relaci\u00f3n entre LOS BUZOS y el USUARIO se regir\u00e1 por la normativa paname\u00f1a vigente y cualquier controversia se someter\u00e1 a los Juzgados y tribunales de la ciudad de Panam\u00e1.<\/li>\n\n\n\n<li>La transmisi\u00f3n de datos personales tal y como se describe en esta Pol\u00edtica de Privacidad puede incluir transferencias de datos personales al extranjero, a pa\u00edses cuya legislaci\u00f3n en materia de protecci\u00f3n de datos no es tan exhaustiva como la de los pa\u00edses de la Uni\u00f3n Europea. Cuando lo exija la legislaci\u00f3n europea, solo transferiremos datos personales a destinatarios que ofrezcan un nivel adecuado de protecci\u00f3n de datos. En estas situaciones, celebramos acuerdos contractuales para garantizar que sus datos personales contin\u00faen protegidos de acuerdo con la normativa europea. Si desea ver una copia de estas cl\u00e1usulas, puede solicitarla al correo electr\u00f3nico sales@losbuzos.com.<\/li>\n<\/ol>\n\n\n\n<p><strong>Base Legal:<\/strong><\/p>\n\n\n\n<p>Ley 81 del 26 de marzo de 2019, (que entrar\u00e1 en vigencia 2 a\u00f1os despu\u00e9s de su promulgaci\u00f3n el 26 de marzo de 2021).<\/p>\n\n\n\n<p>Ley 45 de 31 de octubre de 2007.<\/p>\n","protected":false},"excerpt":{"rendered":"<p>Fecha de vigencia: enero de 2020 Le recordamos que puede oponerse al env\u00edo de comunicaciones comerciales por cualquier medio y en cualquier momento, enviando un correo electr\u00f3nico a nuestro oficial de cumplimiento de privacidad en la direcci\u00f3n sales@losbuzos.com. Los campos de dichos registros son obligatorios, siendo imposible llevar a cabo las finalidades indicadas si no [&hellip;]<\/p>\n","protected":false},"author":3,"featured_media":0,"parent":0,"menu_order":0,"comment_status":"closed","ping_status":"closed","template":"","meta":{"content-type":"","site-sidebar-layout":"default","site-content-layout":"","ast-site-content-layout":"default","site-content-style":"default","site-sidebar-style":"default","ast-global-header-display":"","ast-banner-title-visibility":"","ast-main-header-display":"","ast-hfb-above-header-display":"","ast-hfb-below-header-display":"","ast-hfb-mobile-header-display":"","site-post-title":"","ast-breadcrumbs-content":"","ast-featured-img":"","footer-sml-layout":"","ast-disable-related-posts":"","theme-transparent-header-meta":"","adv-header-id-meta":"","stick-header-meta":"","header-above-stick-meta":"","header-main-stick-meta":"","header-below-stick-meta":"","astra-migrate-meta-layouts":"set","ast-page-background-enabled":"default","ast-page-background-meta":{"desktop":{"background-color":"","background-image":"","background-repeat":"repeat","background-position":"center center","background-size":"auto","background-attachment":"scroll","background-type":"","background-media":"","overlay-type":"","overlay-color":"","overlay-opacity":"","overlay-gradient":""},"tablet":{"background-color":"","background-image":"","background-repeat":"repeat","background-position":"center center","background-size":"auto","background-attachment":"scroll","background-type":"","background-media":"","overlay-type":"","overlay-color":"","overlay-opacity":"","overlay-gradient":""},"mobile":{"background-color":"","background-image":"","background-repeat":"repeat","background-position":"center center","background-size":"auto","background-attachment":"scroll","background-type":"","background-media":"","overlay-type":"","overlay-color":"","overlay-opacity":"","overlay-gradient":""}},"ast-content-background-meta":{"desktop":{"background-color":"var(--ast-global-color-5)","background-image":"","background-repeat":"repeat","background-position":"center center","background-size":"auto","background-attachment":"scroll","background-type":"","background-media":"","overlay-type":"","overlay-color":"","overlay-opacity":"","overlay-gradient":""},"tablet":{"background-color":"var(--ast-global-color-5)","background-image":"","background-repeat":"repeat","background-position":"center center","background-size":"auto","background-attachment":"scroll","background-type":"","background-media":"","overlay-type":"","overlay-color":"","overlay-opacity":"","overlay-gradient":""},"mobile":{"background-color":"var(--ast-global-color-5)","background-image":"","background-repeat":"repeat","background-position":"center center","background-size":"auto","background-attachment":"scroll","background-type":"","background-media":"","overlay-type":"","overlay-color":"","overlay-opacity":"","overlay-gradient":""}},"footnotes":""},"class_list":["post-8378","page","type-page","status-publish","hentry"],"_links":{"self":[{"href":"https:\/\/losbuzos.com\/es\/wp-json\/wp\/v2\/pages\/8378","targetHints":{"allow":["GET"]}}],"collection":[{"href":"https:\/\/losbuzos.com\/es\/wp-json\/wp\/v2\/pages"}],"about":[{"href":"https:\/\/losbuzos.com\/es\/wp-json\/wp\/v2\/types\/page"}],"author":[{"embeddable":true,"href":"https:\/\/losbuzos.com\/es\/wp-json\/wp\/v2\/users\/3"}],"replies":[{"embeddable":true,"href":"https:\/\/losbuzos.com\/es\/wp-json\/wp\/v2\/comments?post=8378"}],"version-history":[{"count":10,"href":"https:\/\/losbuzos.com\/es\/wp-json\/wp\/v2\/pages\/8378\/revisions"}],"predecessor-version":[{"id":12603,"href":"https:\/\/losbuzos.com\/es\/wp-json\/wp\/v2\/pages\/8378\/revisions\/12603"}],"wp:attachment":[{"href":"https:\/\/losbuzos.com\/es\/wp-json\/wp\/v2\/media?parent=8378"}],"curies":[{"name":"wp","href":"https:\/\/api.w.org\/{rel}","templated":true}]}}