{"id":8385,"date":"2023-03-06T12:18:22","date_gmt":"2023-03-06T12:18:22","guid":{"rendered":"https:\/\/losbuzos.com\/azuero-outfitters\/"},"modified":"2026-02-16T07:39:55","modified_gmt":"2026-02-16T07:39:55","slug":"proveedores-de-azuero","status":"publish","type":"page","link":"https:\/\/losbuzos.com\/es\/proveedores-de-azuero\/","title":{"rendered":"Proveedores de Azuero"},"content":{"rendered":"\t\t<div data-elementor-type=\"wp-page\" data-elementor-id=\"8385\" class=\"elementor elementor-8385 elementor-6321\" data-elementor-post-type=\"page\">\n\t\t\t\t\t\t<section class=\"elementor-section elementor-top-section elementor-element elementor-element-4273a9c elementor-section-boxed elementor-section-height-default elementor-section-height-default\" data-id=\"4273a9c\" data-element_type=\"section\" data-e-type=\"section\">\n\t\t\t\t\t\t<div class=\"elementor-container elementor-column-gap-default\">\n\t\t\t\t\t<div class=\"elementor-column elementor-col-50 elementor-top-column elementor-element elementor-element-9f7d089\" data-id=\"9f7d089\" data-element_type=\"column\" data-e-type=\"column\">\n\t\t\t<div class=\"elementor-widget-wrap elementor-element-populated\">\n\t\t\t\t\t\t<div class=\"elementor-element elementor-element-abea331 elementor-widget elementor-widget-heading\" data-id=\"abea331\" data-element_type=\"widget\" data-e-type=\"widget\" data-widget_type=\"heading.default\">\n\t\t\t\t<div class=\"elementor-widget-container\">\n\t\t\t\t\t<h2 class=\"elementor-heading-title elementor-size-default\">Azuero Outfitters<\/h2>\t\t\t\t<\/div>\n\t\t\t\t<\/div>\n\t\t\t\t<div class=\"elementor-element elementor-element-ec255df elementor-widget elementor-widget-text-editor\" data-id=\"ec255df\" data-element_type=\"widget\" data-e-type=\"widget\" data-widget_type=\"text-editor.default\">\n\t\t\t\t<div class=\"elementor-widget-container\">\n\t\t\t\t\t\t\t\t\t<p>Azuero Outfitters es el alma de Los Buzos. Desde el d\u00eda en que descubrimos este Para\u00edso, todo se ha centrado en la Aventura de todo: las aventuras de Azuero \u00fanicas en esta parte del mundo.<\/p><p>Desde el primer d\u00eda en Cambutal tuvimos una lista de deseos de cosas que quer\u00edamos lograr. A muchos les gusta pescar un Black Marlin en kayak y romper el r\u00e9cord mundial de pez gallo ahora son leyendas en los c\u00edrculos de pesca, pero otros, como subir a la cima del Cerro Hoya, encontrar el raro periquito de Azuero y capturar al escurridizo ocelote en una pel\u00edcula en nuestra propiedad, han sido silenciosamente marcados. A trav\u00e9s de los a\u00f1os.<\/p><p>Azuero Outfitters es nuestra forma de hacer que ese sentido de la aventura est\u00e9 disponible para todos nuestros hu\u00e9spedes. Con nuestras ofertas inigualables en alta mar, nuestra larga historia de exploraci\u00f3n de los confines remotos de Panam\u00e1 y nuestro exclusivo Parque Los Buzos con 20 a\u00f1os de desarrollo, nadie puede ponerlo en contacto con el latido del coraz\u00f3n de la Pen\u00ednsula de Azuero como Azuero Outfitters.<\/p><p>Con nuestra reserva privada de 400 acres, 30 km de senderos mantenidos, nuestro equipo interno de expertos en senderos, caballos criollos de andar suave, XUV&#8217;s lado a lado aptos para familias y nuestra electr\u00f3nica de seguridad de rescate y senderismo de \u00faltima generaci\u00f3n, reconocer\u00e1 que Azuero Outfitters en Los Buzos est\u00e1 completamente equipado para ayudarlo a experimentar un viaje como ning\u00fan otro proveedor.<\/p><p>Como solemos se\u00f1alar, Parque Los Buzos es la joya de nuestras propiedades. Pero debemos tener en cuenta que la inspiraci\u00f3n para el Parque Los Buzos vino de nuestros primeros viajes al incre\u00edble Parque Nacional Cerro Hoya.<\/p>\t\t\t\t\t\t\t\t<\/div>\n\t\t\t\t<\/div>\n\t\t\t\t<div class=\"elementor-element elementor-element-fec45cf elementor-arrows-position-inside elementor-pagination-position-outside elementor-widget elementor-widget-image-carousel\" data-id=\"fec45cf\" data-element_type=\"widget\" data-e-type=\"widget\" data-settings=\"{&quot;slides_to_show&quot;:&quot;1&quot;,&quot;navigation&quot;:&quot;both&quot;,&quot;autoplay&quot;:&quot;yes&quot;,&quot;pause_on_hover&quot;:&quot;yes&quot;,&quot;pause_on_interaction&quot;:&quot;yes&quot;,&quot;autoplay_speed&quot;:5000,&quot;infinite&quot;:&quot;yes&quot;,&quot;effect&quot;:&quot;slide&quot;,&quot;speed&quot;:500}\" data-widget_type=\"image-carousel.default\">\n\t\t\t\t<div class=\"elementor-widget-container\">\n\t\t\t\t\t\t\t<div class=\"elementor-image-carousel-wrapper swiper\" role=\"region\" aria-roledescription=\"carousel\" aria-label=\"Carrusel de im\u00e1genes\" dir=\"ltr\">\n\t\t\t<div class=\"elementor-image-carousel swiper-wrapper\" aria-live=\"off\">\n\t\t\t\t\t\t\t\t<div class=\"swiper-slide\" role=\"group\" aria-roledescription=\"slide\" aria-label=\"1 de 2\"><figure class=\"swiper-slide-inner\"><img decoding=\"async\" class=\"swiper-slide-image\" src=\"https:\/\/losbuzos.com\/wp-content\/uploads\/2023\/03\/DJI_0185-1024x576-1.jpeg\" alt=\"DCIM100MEDIADJI_0185.JPG\" \/><\/figure><\/div><div class=\"swiper-slide\" role=\"group\" aria-roledescription=\"slide\" aria-label=\"2 de 2\"><figure class=\"swiper-slide-inner\"><img decoding=\"async\" class=\"swiper-slide-image\" src=\"https:\/\/losbuzos.com\/wp-content\/uploads\/2023\/03\/DJI_0298-scaled-1-1.jpg\" alt=\"DCIM100MEDIADJI_0298.JPG\" \/><\/figure><\/div>\t\t\t<\/div>\n\t\t\t\t\t\t\t\t\t\t\t\t<div class=\"elementor-swiper-button elementor-swiper-button-prev\" role=\"button\" tabindex=\"0\">\n\t\t\t\t\t\t<i aria-hidden=\"true\" class=\"eicon-chevron-left\"><\/i>\t\t\t\t\t<\/div>\n\t\t\t\t\t<div class=\"elementor-swiper-button elementor-swiper-button-next\" role=\"button\" tabindex=\"0\">\n\t\t\t\t\t\t<i aria-hidden=\"true\" class=\"eicon-chevron-right\"><\/i>\t\t\t\t\t<\/div>\n\t\t\t\t\n\t\t\t\t\t\t\t\t\t<div class=\"swiper-pagination\"><\/div>\n\t\t\t\t\t\t\t\t\t<\/div>\n\t\t\t\t\t\t<\/div>\n\t\t\t\t<\/div>\n\t\t\t\t\t<\/div>\n\t\t<\/div>\n\t\t\t\t<div class=\"elementor-column elementor-col-50 elementor-top-column elementor-element elementor-element-ed815b9\" data-id=\"ed815b9\" data-element_type=\"column\" data-e-type=\"column\">\n\t\t\t<div class=\"elementor-widget-wrap elementor-element-populated\">\n\t\t\t\t\t\t<div class=\"elementor-element elementor-element-3b751bd elementor-widget elementor-widget-heading\" data-id=\"3b751bd\" data-element_type=\"widget\" data-e-type=\"widget\" data-widget_type=\"heading.default\">\n\t\t\t\t<div class=\"elementor-widget-container\">\n\t\t\t\t\t<h1 class=\"elementor-heading-title elementor-size-default\">LOS BUZOS, PANAM\u00c1\n<\/h1>\t\t\t\t<\/div>\n\t\t\t\t<\/div>\n\t\t\t\t<div class=\"elementor-element elementor-element-f7348c2 elementor-widget elementor-widget-image\" data-id=\"f7348c2\" data-element_type=\"widget\" data-e-type=\"widget\" data-widget_type=\"image.default\">\n\t\t\t\t<div class=\"elementor-widget-container\">\n\t\t\t\t\t\t\t\t\t\t\t\t\t\t\t<img fetchpriority=\"high\" decoding=\"async\" width=\"1024\" height=\"576\" src=\"https:\/\/losbuzos.com\/wp-content\/uploads\/2023\/03\/sd-scaled-1-1024x576.jpg\" class=\"attachment-large size-large wp-image-7856\" alt=\"Los Buzos: Offshore Fishing &amp; Adventure Resort|Proveedores de Azuero\" srcset=\"https:\/\/losbuzos.com\/wp-content\/uploads\/2023\/03\/sd-scaled-1-1024x576.jpg 1024w, https:\/\/losbuzos.com\/wp-content\/uploads\/2023\/03\/sd-scaled-1-300x169.jpg 300w, https:\/\/losbuzos.com\/wp-content\/uploads\/2023\/03\/sd-scaled-1-768x432.jpg 768w, https:\/\/losbuzos.com\/wp-content\/uploads\/2023\/03\/sd-scaled-1-1536x864.jpg 1536w, https:\/\/losbuzos.com\/wp-content\/uploads\/2023\/03\/sd-scaled-1-2048x1152.jpg 2048w\" sizes=\"(max-width: 1024px) 100vw, 1024px\" title=\"Los Buzos: Offshore Fishing &amp; Adventure Resort | Proveedores de Azuero\" \/>\t\t\t\t\t\t\t\t\t\t\t\t\t\t\t<\/div>\n\t\t\t\t<\/div>\n\t\t\t\t<div class=\"elementor-element elementor-element-8a75d39 elementor-widget elementor-widget-image\" data-id=\"8a75d39\" data-element_type=\"widget\" data-e-type=\"widget\" data-widget_type=\"image.default\">\n\t\t\t\t<div class=\"elementor-widget-container\">\n\t\t\t\t\t\t\t\t\t\t\t\t\t\t\t<img decoding=\"async\" width=\"1024\" height=\"576\" src=\"https:\/\/losbuzos.com\/wp-content\/uploads\/2023\/03\/DJI_0298-scaled-1-1024x576.jpg\" class=\"attachment-large size-large wp-image-7857\" alt=\"Los Buzos: Offshore Fishing &amp; Adventure Resort|Proveedores de Azuero\" srcset=\"https:\/\/losbuzos.com\/wp-content\/uploads\/2023\/03\/DJI_0298-scaled-1-1024x576.jpg 1024w, https:\/\/losbuzos.com\/wp-content\/uploads\/2023\/03\/DJI_0298-scaled-1-300x169.jpg 300w, https:\/\/losbuzos.com\/wp-content\/uploads\/2023\/03\/DJI_0298-scaled-1-768x432.jpg 768w, https:\/\/losbuzos.com\/wp-content\/uploads\/2023\/03\/DJI_0298-scaled-1-1536x864.jpg 1536w, https:\/\/losbuzos.com\/wp-content\/uploads\/2023\/03\/DJI_0298-scaled-1-2048x1152.jpg 2048w\" sizes=\"(max-width: 1024px) 100vw, 1024px\" title=\"Los Buzos: Offshore Fishing &amp; Adventure Resort | Proveedores de Azuero\" \/>\t\t\t\t\t\t\t\t\t\t\t\t\t\t\t<\/div>\n\t\t\t\t<\/div>\n\t\t\t\t<div class=\"elementor-element elementor-element-b94b9db elementor-widget elementor-widget-image\" data-id=\"b94b9db\" data-element_type=\"widget\" data-e-type=\"widget\" data-widget_type=\"image.default\">\n\t\t\t\t<div class=\"elementor-widget-container\">\n\t\t\t\t\t\t\t\t\t\t\t\t\t\t\t<img decoding=\"async\" width=\"576\" height=\"1024\" src=\"https:\/\/losbuzos.com\/wp-content\/uploads\/2023\/03\/DJI_0425-scaled-1-576x1024.jpg\" class=\"attachment-large size-large wp-image-7858\" alt=\"Los Buzos: Offshore Fishing &amp; Adventure Resort|Proveedores de Azuero\" srcset=\"https:\/\/losbuzos.com\/wp-content\/uploads\/2023\/03\/DJI_0425-scaled-1-576x1024.jpg 576w, https:\/\/losbuzos.com\/wp-content\/uploads\/2023\/03\/DJI_0425-scaled-1-169x300.jpg 169w, https:\/\/losbuzos.com\/wp-content\/uploads\/2023\/03\/DJI_0425-scaled-1-768x1365.jpg 768w, https:\/\/losbuzos.com\/wp-content\/uploads\/2023\/03\/DJI_0425-scaled-1-864x1536.jpg 864w, https:\/\/losbuzos.com\/wp-content\/uploads\/2023\/03\/DJI_0425-scaled-1-1152x2048.jpg 1152w, https:\/\/losbuzos.com\/wp-content\/uploads\/2023\/03\/DJI_0425-scaled-1.jpg 1440w\" sizes=\"(max-width: 576px) 100vw, 576px\" title=\"Los Buzos: Offshore Fishing &amp; Adventure Resort | Proveedores de Azuero\" \/>\t\t\t\t\t\t\t\t\t\t\t\t\t\t\t<\/div>\n\t\t\t\t<\/div>\n\t\t\t\t\t<\/div>\n\t\t<\/div>\n\t\t\t\t\t<\/div>\n\t\t<\/section>\n\t\t\t\t<section class=\"elementor-section elementor-top-section elementor-element elementor-element-d8b0cd0 elementor-section-boxed elementor-section-height-default elementor-section-height-default\" data-id=\"d8b0cd0\" data-element_type=\"section\" data-e-type=\"section\">\n\t\t\t\t\t\t<div class=\"elementor-container elementor-column-gap-default\">\n\t\t\t\t\t<div class=\"elementor-column elementor-col-25 elementor-top-column elementor-element elementor-element-d245e98\" data-id=\"d245e98\" data-element_type=\"column\" data-e-type=\"column\">\n\t\t\t<div class=\"elementor-widget-wrap elementor-element-populated\">\n\t\t\t\t\t\t<div class=\"elementor-element elementor-element-176a656 elementor-widget elementor-widget-image\" data-id=\"176a656\" data-element_type=\"widget\" data-e-type=\"widget\" data-widget_type=\"image.default\">\n\t\t\t\t<div class=\"elementor-widget-container\">\n\t\t\t\t\t\t\t\t\t\t\t\t\t\t\t<img loading=\"lazy\" decoding=\"async\" width=\"400\" height=\"284\" src=\"https:\/\/losbuzos.com\/wp-content\/uploads\/2023\/03\/Ocelot-Pair-Side-by-Side-400x284-1.jpg\" class=\"attachment-large size-large wp-image-7863\" alt=\"Los Buzos: Offshore Fishing &amp; Adventure Resort|Proveedores de Azuero\" srcset=\"https:\/\/losbuzos.com\/wp-content\/uploads\/2023\/03\/Ocelot-Pair-Side-by-Side-400x284-1.jpg 400w, https:\/\/losbuzos.com\/wp-content\/uploads\/2023\/03\/Ocelot-Pair-Side-by-Side-400x284-1-300x213.jpg 300w\" sizes=\"(max-width: 400px) 100vw, 400px\" title=\"Los Buzos: Offshore Fishing &amp; Adventure Resort | Proveedores de Azuero\" \/>\t\t\t\t\t\t\t\t\t\t\t\t\t\t\t<\/div>\n\t\t\t\t<\/div>\n\t\t\t\t\t<\/div>\n\t\t<\/div>\n\t\t\t\t<div class=\"elementor-column elementor-col-25 elementor-top-column elementor-element elementor-element-f1f9daf\" data-id=\"f1f9daf\" data-element_type=\"column\" data-e-type=\"column\">\n\t\t\t<div class=\"elementor-widget-wrap elementor-element-populated\">\n\t\t\t\t\t\t<div class=\"elementor-element elementor-element-e82ef75 elementor-widget elementor-widget-image\" data-id=\"e82ef75\" data-element_type=\"widget\" data-e-type=\"widget\" data-widget_type=\"image.default\">\n\t\t\t\t<div class=\"elementor-widget-container\">\n\t\t\t\t\t\t\t\t\t\t\t\t\t\t\t<img loading=\"lazy\" decoding=\"async\" width=\"400\" height=\"284\" src=\"https:\/\/losbuzos.com\/wp-content\/uploads\/2023\/03\/Whales-by-Butch-400x284-1.jpg\" class=\"attachment-large size-large wp-image-7864\" alt=\"Los Buzos: Offshore Fishing &amp; Adventure Resort|Proveedores de Azuero\" srcset=\"https:\/\/losbuzos.com\/wp-content\/uploads\/2023\/03\/Whales-by-Butch-400x284-1.jpg 400w, https:\/\/losbuzos.com\/wp-content\/uploads\/2023\/03\/Whales-by-Butch-400x284-1-300x213.jpg 300w\" sizes=\"(max-width: 400px) 100vw, 400px\" title=\"Los Buzos: Offshore Fishing &amp; Adventure Resort | Proveedores de Azuero\" \/>\t\t\t\t\t\t\t\t\t\t\t\t\t\t\t<\/div>\n\t\t\t\t<\/div>\n\t\t\t\t\t<\/div>\n\t\t<\/div>\n\t\t\t\t<div class=\"elementor-column elementor-col-25 elementor-top-column elementor-element elementor-element-233e863\" data-id=\"233e863\" data-element_type=\"column\" data-e-type=\"column\">\n\t\t\t<div class=\"elementor-widget-wrap elementor-element-populated\">\n\t\t\t\t\t\t<div class=\"elementor-element elementor-element-44f1873 elementor-widget elementor-widget-image\" data-id=\"44f1873\" data-element_type=\"widget\" data-e-type=\"widget\" data-widget_type=\"image.default\">\n\t\t\t\t<div class=\"elementor-widget-container\">\n\t\t\t\t\t\t\t\t\t\t\t\t\t\t\t<img loading=\"lazy\" decoding=\"async\" width=\"400\" height=\"284\" src=\"https:\/\/losbuzos.com\/wp-content\/uploads\/2023\/03\/IMG_6728-400x284-1.jpg\" class=\"attachment-large size-large wp-image-7862\" alt=\"Los Buzos: Offshore Fishing &amp; Adventure Resort|Proveedores de Azuero\" srcset=\"https:\/\/losbuzos.com\/wp-content\/uploads\/2023\/03\/IMG_6728-400x284-1.jpg 400w, https:\/\/losbuzos.com\/wp-content\/uploads\/2023\/03\/IMG_6728-400x284-1-300x213.jpg 300w\" sizes=\"(max-width: 400px) 100vw, 400px\" title=\"Los Buzos: Offshore Fishing &amp; Adventure Resort | Proveedores de Azuero\" \/>\t\t\t\t\t\t\t\t\t\t\t\t\t\t\t<\/div>\n\t\t\t\t<\/div>\n\t\t\t\t\t<\/div>\n\t\t<\/div>\n\t\t\t\t<div class=\"elementor-column elementor-col-25 elementor-top-column elementor-element elementor-element-acd65ff\" data-id=\"acd65ff\" data-element_type=\"column\" data-e-type=\"column\">\n\t\t\t<div class=\"elementor-widget-wrap elementor-element-populated\">\n\t\t\t\t\t\t<div class=\"elementor-element elementor-element-a631e89 elementor-widget elementor-widget-image\" data-id=\"a631e89\" data-element_type=\"widget\" data-e-type=\"widget\" data-widget_type=\"image.default\">\n\t\t\t\t<div class=\"elementor-widget-container\">\n\t\t\t\t\t\t\t\t\t\t\t\t\t\t\t<img loading=\"lazy\" decoding=\"async\" width=\"400\" height=\"284\" src=\"https:\/\/losbuzos.com\/wp-content\/uploads\/2023\/03\/IMG_5969-400x284-1.jpg\" class=\"attachment-large size-large wp-image-7861\" alt=\"Los Buzos: Offshore Fishing &amp; Adventure Resort|Proveedores de Azuero\" srcset=\"https:\/\/losbuzos.com\/wp-content\/uploads\/2023\/03\/IMG_5969-400x284-1.jpg 400w, https:\/\/losbuzos.com\/wp-content\/uploads\/2023\/03\/IMG_5969-400x284-1-300x213.jpg 300w\" sizes=\"(max-width: 400px) 100vw, 400px\" title=\"Los Buzos: Offshore Fishing &amp; Adventure Resort | Proveedores de Azuero\" \/>\t\t\t\t\t\t\t\t\t\t\t\t\t\t\t<\/div>\n\t\t\t\t<\/div>\n\t\t\t\t\t<\/div>\n\t\t<\/div>\n\t\t\t\t\t<\/div>\n\t\t<\/section>\n\t\t\t\t<section class=\"elementor-section elementor-top-section elementor-element elementor-element-f62351f elementor-section-boxed elementor-section-height-default elementor-section-height-default\" data-id=\"f62351f\" data-element_type=\"section\" data-e-type=\"section\">\n\t\t\t\t\t\t<div class=\"elementor-container elementor-column-gap-default\">\n\t\t\t\t\t<div class=\"elementor-column elementor-col-25 elementor-top-column elementor-element elementor-element-52349df\" data-id=\"52349df\" data-element_type=\"column\" data-e-type=\"column\">\n\t\t\t<div class=\"elementor-widget-wrap elementor-element-populated\">\n\t\t\t\t\t\t<div class=\"elementor-element elementor-element-96fc046 elementor-widget elementor-widget-image\" data-id=\"96fc046\" data-element_type=\"widget\" data-e-type=\"widget\" data-widget_type=\"image.default\">\n\t\t\t\t<div class=\"elementor-widget-container\">\n\t\t\t\t\t\t\t\t\t\t\t\t\t\t\t<img loading=\"lazy\" decoding=\"async\" width=\"400\" height=\"284\" src=\"https:\/\/losbuzos.com\/wp-content\/uploads\/2023\/03\/IMG_3342-400x284-1.jpg\" class=\"attachment-large size-large wp-image-7860\" alt=\"Los Buzos: Offshore Fishing &amp; Adventure Resort|Proveedores de Azuero\" srcset=\"https:\/\/losbuzos.com\/wp-content\/uploads\/2023\/03\/IMG_3342-400x284-1.jpg 400w, https:\/\/losbuzos.com\/wp-content\/uploads\/2023\/03\/IMG_3342-400x284-1-300x213.jpg 300w\" sizes=\"(max-width: 400px) 100vw, 400px\" title=\"Los Buzos: Offshore Fishing &amp; Adventure Resort | Proveedores de Azuero\" \/>\t\t\t\t\t\t\t\t\t\t\t\t\t\t\t<\/div>\n\t\t\t\t<\/div>\n\t\t\t\t\t<\/div>\n\t\t<\/div>\n\t\t\t\t<div class=\"elementor-column elementor-col-25 elementor-top-column elementor-element elementor-element-249f5dc\" data-id=\"249f5dc\" data-element_type=\"column\" data-e-type=\"column\">\n\t\t\t<div class=\"elementor-widget-wrap elementor-element-populated\">\n\t\t\t\t\t\t<div class=\"elementor-element elementor-element-a906703 elementor-widget elementor-widget-image\" data-id=\"a906703\" data-element_type=\"widget\" data-e-type=\"widget\" data-widget_type=\"image.default\">\n\t\t\t\t<div class=\"elementor-widget-container\">\n\t\t\t\t\t\t\t\t\t\t\t\t\t\t\t<img loading=\"lazy\" decoding=\"async\" width=\"400\" height=\"284\" src=\"https:\/\/losbuzos.com\/wp-content\/uploads\/2023\/03\/IMG_3262-400x284-1.jpg\" class=\"attachment-large size-large wp-image-7859\" alt=\"Los Buzos: Offshore Fishing &amp; Adventure Resort|Proveedores de Azuero\" srcset=\"https:\/\/losbuzos.com\/wp-content\/uploads\/2023\/03\/IMG_3262-400x284-1.jpg 400w, https:\/\/losbuzos.com\/wp-content\/uploads\/2023\/03\/IMG_3262-400x284-1-300x213.jpg 300w\" sizes=\"(max-width: 400px) 100vw, 400px\" title=\"Los Buzos: Offshore Fishing &amp; Adventure Resort | Proveedores de Azuero\" \/>\t\t\t\t\t\t\t\t\t\t\t\t\t\t\t<\/div>\n\t\t\t\t<\/div>\n\t\t\t\t\t<\/div>\n\t\t<\/div>\n\t\t\t\t<div class=\"elementor-column elementor-col-25 elementor-top-column elementor-element elementor-element-4a71378\" data-id=\"4a71378\" data-element_type=\"column\" data-e-type=\"column\">\n\t\t\t<div class=\"elementor-widget-wrap\">\n\t\t\t\t\t\t\t<\/div>\n\t\t<\/div>\n\t\t\t\t<div class=\"elementor-column elementor-col-25 elementor-top-column elementor-element elementor-element-f1464a6\" data-id=\"f1464a6\" data-element_type=\"column\" data-e-type=\"column\">\n\t\t\t<div class=\"elementor-widget-wrap\">\n\t\t\t\t\t\t\t<\/div>\n\t\t<\/div>\n\t\t\t\t\t<\/div>\n\t\t<\/section>\n\t\t\t\t<section class=\"elementor-section elementor-top-section elementor-element elementor-element-bc97994 elementor-section-boxed elementor-section-height-default elementor-section-height-default\" data-id=\"bc97994\" data-element_type=\"section\" data-e-type=\"section\">\n\t\t\t\t\t\t<div class=\"elementor-container elementor-column-gap-default\">\n\t\t\t\t\t<div class=\"elementor-column elementor-col-100 elementor-top-column elementor-element elementor-element-732db13\" data-id=\"732db13\" data-element_type=\"column\" data-e-type=\"column\">\n\t\t\t<div class=\"elementor-widget-wrap elementor-element-populated\">\n\t\t\t\t\t\t<div class=\"elementor-element elementor-element-d892bc5 elementor-widget elementor-widget-text-editor\" data-id=\"d892bc5\" data-element_type=\"widget\" data-e-type=\"widget\" data-widget_type=\"text-editor.default\">\n\t\t\t\t<div class=\"elementor-widget-container\">\n\t\t\t\t\t\t\t\t\t<p><strong>Nuestro Vecino Parque Cerro Hoya<\/strong><\/p><p>A solo unas pocas millas de la parte trasera del Parque Los Buzos, o m\u00e1s hacia la costa, se encuentra uno de los tesoros nacionales de Panam\u00e1, el hermoso y remoto Parque Nacional Cerro Hoya. Cerro Hoya abarca desde los bosques h\u00famedos tropicales, cayos y arrecifes de coral de la costa hasta los bosques secos caducifolios de las monta\u00f1as m\u00e1s altas de la pen\u00ednsula de Azuero. El parque contiene las cabeceras de los r\u00edos Tonosi, Portobelo y Pavo, sustentando la vida debajo y creando espectaculares cascadas en el camino.<\/p><p>Con su amplia gama de microclimas, Cerro Hoya es un semillero de biodiversidad: variedad a trav\u00e9s de la variaci\u00f3n del paisaje. Como es cierto para Panam\u00e1 en general, las secciones de Cerro Hoya separadas por solo 50 kil\u00f3metros son menos parecidas que las secciones del Amazonas occidental que est\u00e1n 30 veces m\u00e1s distantes entre s\u00ed. Esta incre\u00edble y din\u00e1mica riqueza de vida, junto con su estado natural e intacto, hacen de Cerro Hoya un destino imperdible para los amantes de la naturaleza y la ecolog\u00eda en acci\u00f3n.<\/p><p>Cerro Hoya es el hogar de m\u00e1s de 95 especies de aves, incluidas especies end\u00e9micas de Panam\u00e1, incluidas especies raras como la cotorra de Azuero, la t\u00f3rtola dorsimarr\u00f3n, las guacamayas verdes y rojas, y especies m\u00e1s comunes como el mart\u00edn pescador, el guacamayo mayor, el guacamayo mayor Tinamou y Saltar\u00edn cola de lanza. Cerro Hoya es tambi\u00e9n refugio de aves rapaces como el enorme Zopilote Rey, el \u00c1guila Pescadora y el Gavil\u00e1n Negro de Manglar.<\/p><p>Los mam\u00edferos de Cerro Hoya incluyen osos hormigueros, perezosos, agut\u00edes, pacas, venados de cola blanca, ardillas, ocelotes, jaguares, capuchinos de cara blanca y monos aulladores. El delf\u00edn moteado pantropical ha sido reportado cerca de la costa.<\/p><p>El parque cuenta con unas 30 especies de plantas end\u00e9micas. Orqu\u00eddeas, helechos y musgos crecen en abundancia. Las especies forestales m\u00e1s comunes son la caoba, el espave, el guayac\u00e1n, el cuipo, el roble, el cedro espinoso y el barrigon. La rara y ex\u00f3tica especie de madera dura monterillo tambi\u00e9n se ha visto aqu\u00ed.<\/p><p>Cerro Hoya contiene la mayor \u00e1rea restante de bosque seco caducifolio intacto en Panam\u00e1, lo que brinda oportunidades \u00fanicas para las expediciones.<\/p><p>Azuero Outfitters ha estado liderando excursiones al Cerro Hoya desde 2008 y trabajamos constantemente para que este incre\u00edble parque sea m\u00e1s accesible para los visitantes. \u00danase a nosotros para su pr\u00f3xima aventura en Azuero.<\/p>\t\t\t\t\t\t\t\t<\/div>\n\t\t\t\t<\/div>\n\t\t\t\t\t<\/div>\n\t\t<\/div>\n\t\t\t\t\t<\/div>\n\t\t<\/section>\n\t\t\t\t<\/div>\n\t\t","protected":false},"excerpt":{"rendered":"<p>Azuero Outfitters Azuero Outfitters es el alma de Los Buzos. Desde el d\u00eda en que descubrimos este Para\u00edso, todo se ha centrado en la Aventura de todo: las aventuras de Azuero \u00fanicas en esta parte del mundo. Desde el primer d\u00eda en Cambutal tuvimos una lista de deseos de cosas que quer\u00edamos lograr. A muchos [&hellip;]<\/p>\n","protected":false},"author":3,"featured_media":7856,"parent":0,"menu_order":0,"comment_status":"closed","ping_status":"closed","template":"","meta":{"content-type":"","site-sidebar-layout":"no-sidebar","site-content-layout":"page-builder","ast-site-content-layout":"full-width-container","site-content-style":"unboxed","site-sidebar-style":"unboxed","ast-global-header-display":"","ast-banner-title-visibility":"","ast-main-header-display":"","ast-hfb-above-header-display":"","ast-hfb-below-header-display":"","ast-hfb-mobile-header-display":"","site-post-title":"disabled","ast-breadcrumbs-content":"","ast-featured-img":"disabled","footer-sml-layout":"","ast-disable-related-posts":"","theme-transparent-header-meta":"","adv-header-id-meta":"","stick-header-meta":"","header-above-stick-meta":"","header-main-stick-meta":"","header-below-stick-meta":"","astra-migrate-meta-layouts":"set","ast-page-background-enabled":"default","ast-page-background-meta":{"desktop":{"background-color":"","background-image":"","background-repeat":"repeat","background-position":"center center","background-size":"auto","background-attachment":"scroll","background-type":"","background-media":"","overlay-type":"","overlay-color":"","overlay-opacity":"","overlay-gradient":""},"tablet":{"background-color":"","background-image":"","background-repeat":"repeat","background-position":"center center","background-size":"auto","background-attachment":"scroll","background-type":"","background-media":"","overlay-type":"","overlay-color":"","overlay-opacity":"","overlay-gradient":""},"mobile":{"background-color":"","background-image":"","background-repeat":"repeat","background-position":"center center","background-size":"auto","background-attachment":"scroll","background-type":"","background-media":"","overlay-type":"","overlay-color":"","overlay-opacity":"","overlay-gradient":""}},"ast-content-background-meta":{"desktop":{"background-color":"var(--ast-global-color-5)","background-image":"","background-repeat":"repeat","background-position":"center center","background-size":"auto","background-attachment":"scroll","background-type":"","background-media":"","overlay-type":"","overlay-color":"","overlay-opacity":"","overlay-gradient":""},"tablet":{"background-color":"var(--ast-global-color-5)","background-image":"","background-repeat":"repeat","background-position":"center center","background-size":"auto","background-attachment":"scroll","background-type":"","background-media":"","overlay-type":"","overlay-color":"","overlay-opacity":"","overlay-gradient":""},"mobile":{"background-color":"var(--ast-global-color-5)","background-image":"","background-repeat":"repeat","background-position":"center center","background-size":"auto","background-attachment":"scroll","background-type":"","background-media":"","overlay-type":"","overlay-color":"","overlay-opacity":"","overlay-gradient":""}},"footnotes":""},"class_list":["post-8385","page","type-page","status-publish","has-post-thumbnail","hentry"],"_links":{"self":[{"href":"https:\/\/losbuzos.com\/es\/wp-json\/wp\/v2\/pages\/8385","targetHints":{"allow":["GET"]}}],"collection":[{"href":"https:\/\/losbuzos.com\/es\/wp-json\/wp\/v2\/pages"}],"about":[{"href":"https:\/\/losbuzos.com\/es\/wp-json\/wp\/v2\/types\/page"}],"author":[{"embeddable":true,"href":"https:\/\/losbuzos.com\/es\/wp-json\/wp\/v2\/users\/3"}],"replies":[{"embeddable":true,"href":"https:\/\/losbuzos.com\/es\/wp-json\/wp\/v2\/comments?post=8385"}],"version-history":[{"count":6,"href":"https:\/\/losbuzos.com\/es\/wp-json\/wp\/v2\/pages\/8385\/revisions"}],"predecessor-version":[{"id":12601,"href":"https:\/\/losbuzos.com\/es\/wp-json\/wp\/v2\/pages\/8385\/revisions\/12601"}],"wp:featuredmedia":[{"embeddable":true,"href":"https:\/\/losbuzos.com\/es\/wp-json\/wp\/v2\/media\/7856"}],"wp:attachment":[{"href":"https:\/\/losbuzos.com\/es\/wp-json\/wp\/v2\/media?parent=8385"}],"curies":[{"name":"wp","href":"https:\/\/api.w.org\/{rel}","templated":true}]}}