{"id":8389,"date":"2023-02-28T02:09:44","date_gmt":"2023-02-28T02:09:44","guid":{"rendered":"https:\/\/losbuzos.com\/refund-policies\/"},"modified":"2026-02-17T10:13:35","modified_gmt":"2026-02-17T10:13:35","slug":"politicas-de-reembolso","status":"publish","type":"page","link":"https:\/\/losbuzos.com\/es\/politicas-de-reembolso\/","title":{"rendered":"Pol\u00edticas de Reembolso"},"content":{"rendered":"\t\t<div data-elementor-type=\"wp-page\" data-elementor-id=\"8389\" class=\"elementor elementor-8389 elementor-5539\" data-elementor-post-type=\"page\">\n\t\t\t\t\t\t<section class=\"elementor-section elementor-top-section elementor-element elementor-element-0395399 elementor-section-boxed elementor-section-height-default elementor-section-height-default\" data-id=\"0395399\" data-element_type=\"section\" data-e-type=\"section\">\n\t\t\t\t\t\t<div class=\"elementor-container elementor-column-gap-default\">\n\t\t\t\t\t<div class=\"elementor-column elementor-col-100 elementor-top-column elementor-element elementor-element-857cdbc\" data-id=\"857cdbc\" data-element_type=\"column\" data-e-type=\"column\">\n\t\t\t<div class=\"elementor-widget-wrap elementor-element-populated\">\n\t\t\t\t\t\t<div class=\"elementor-element elementor-element-f364d9e elementor-widget elementor-widget-text-editor\" data-id=\"f364d9e\" data-element_type=\"widget\" data-e-type=\"widget\" data-widget_type=\"text-editor.default\">\n\t\t\t\t<div class=\"elementor-widget-container\">\n\t\t\t\t\t\t\t\t\t<h1>Pol\u00edticas de Reembolso<\/h1>\nFecha de vigencia: enero de 2020\n\nEl reembolso es una solicitud de un cliente para recibir la cantidad que ha pagado por un art\u00edculo o servicio.\n\nLos dep\u00f3sitos realizados en relaci\u00f3n con nuestros paquetes de viaje NO SON REEMBOLSABLES, por lo que le recomendamos enf\u00e1ticamente que proteja su costo de viaje y otros gastos de viaje no reembolsables con un seguro de viaje. El seguro de viaje exclusivo de Global Rescue le permite asegurar todos sus gastos y cubre todas las actividades de pesca. Si bien se puede comprar una p\u00f3liza de seguro de viaje dedicada en cualquier momento, comprar una p\u00f3liza dentro de los 20 d\u00edas de haber realizado el dep\u00f3sito de viaje inicial le brinda la gama m\u00e1s amplia de opciones de p\u00f3liza. Para comprar una p\u00f3liza, haga clic o llame al + 1-617-459-4200.\n\nSi reside en Panam\u00e1 y est\u00e1 interesado en un seguro para su reserva, cont\u00e1ctenos a sales@losbuzos.com.\n\nLOS BUZOS se exime de cualquier responsabilidad derivada de casos de fuerza mayor, fen\u00f3menos meteorol\u00f3gicos o cat\u00e1strofes naturales.\n\nEstas Pol\u00edticas son v\u00e1lidas para el sitio web losbuzos.com y se entiende que al adquirir cualquiera de nuestros productos o servicios, el cliente acepta los t\u00e9rminos, condiciones, pol\u00edticas de uso y reembolso especificados anteriormente.\t\t\t\t\t\t\t\t<\/div>\n\t\t\t\t<\/div>\n\t\t\t\t\t<\/div>\n\t\t<\/div>\n\t\t\t\t\t<\/div>\n\t\t<\/section>\n\t\t\t\t<\/div>\n\t\t","protected":false},"excerpt":{"rendered":"<p>Pol\u00edticas de Reembolso Fecha de vigencia: enero de 2020 El reembolso es una solicitud de un cliente para recibir la cantidad que ha pagado por un art\u00edculo o servicio. Los dep\u00f3sitos realizados en relaci\u00f3n con nuestros paquetes de viaje NO SON REEMBOLSABLES, por lo que le recomendamos enf\u00e1ticamente que proteja su costo de viaje y [&hellip;]<\/p>\n","protected":false},"author":3,"featured_media":0,"parent":0,"menu_order":0,"comment_status":"closed","ping_status":"closed","template":"","meta":{"content-type":"","site-sidebar-layout":"no-sidebar","site-content-layout":"page-builder","ast-site-content-layout":"full-width-container","site-content-style":"unboxed","site-sidebar-style":"unboxed","ast-global-header-display":"","ast-banner-title-visibility":"","ast-main-header-display":"","ast-hfb-above-header-display":"","ast-hfb-below-header-display":"","ast-hfb-mobile-header-display":"","site-post-title":"disabled","ast-breadcrumbs-content":"","ast-featured-img":"disabled","footer-sml-layout":"","ast-disable-related-posts":"","theme-transparent-header-meta":"","adv-header-id-meta":"","stick-header-meta":"","header-above-stick-meta":"","header-main-stick-meta":"","header-below-stick-meta":"","astra-migrate-meta-layouts":"set","ast-page-background-enabled":"default","ast-page-background-meta":{"desktop":{"background-color":"","background-image":"","background-repeat":"repeat","background-position":"center center","background-size":"auto","background-attachment":"scroll","background-type":"","background-media":"","overlay-type":"","overlay-color":"","overlay-opacity":"","overlay-gradient":""},"tablet":{"background-color":"","background-image":"","background-repeat":"repeat","background-position":"center center","background-size":"auto","background-attachment":"scroll","background-type":"","background-media":"","overlay-type":"","overlay-color":"","overlay-opacity":"","overlay-gradient":""},"mobile":{"background-color":"","background-image":"","background-repeat":"repeat","background-position":"center center","background-size":"auto","background-attachment":"scroll","background-type":"","background-media":"","overlay-type":"","overlay-color":"","overlay-opacity":"","overlay-gradient":""}},"ast-content-background-meta":{"desktop":{"background-color":"var(--ast-global-color-5)","background-image":"","background-repeat":"repeat","background-position":"center center","background-size":"auto","background-attachment":"scroll","background-type":"","background-media":"","overlay-type":"","overlay-color":"","overlay-opacity":"","overlay-gradient":""},"tablet":{"background-color":"var(--ast-global-color-5)","background-image":"","background-repeat":"repeat","background-position":"center center","background-size":"auto","background-attachment":"scroll","background-type":"","background-media":"","overlay-type":"","overlay-color":"","overlay-opacity":"","overlay-gradient":""},"mobile":{"background-color":"var(--ast-global-color-5)","background-image":"","background-repeat":"repeat","background-position":"center center","background-size":"auto","background-attachment":"scroll","background-type":"","background-media":"","overlay-type":"","overlay-color":"","overlay-opacity":"","overlay-gradient":""}},"footnotes":""},"class_list":["post-8389","page","type-page","status-publish","hentry"],"_links":{"self":[{"href":"https:\/\/losbuzos.com\/es\/wp-json\/wp\/v2\/pages\/8389","targetHints":{"allow":["GET"]}}],"collection":[{"href":"https:\/\/losbuzos.com\/es\/wp-json\/wp\/v2\/pages"}],"about":[{"href":"https:\/\/losbuzos.com\/es\/wp-json\/wp\/v2\/types\/page"}],"author":[{"embeddable":true,"href":"https:\/\/losbuzos.com\/es\/wp-json\/wp\/v2\/users\/3"}],"replies":[{"embeddable":true,"href":"https:\/\/losbuzos.com\/es\/wp-json\/wp\/v2\/comments?post=8389"}],"version-history":[{"count":9,"href":"https:\/\/losbuzos.com\/es\/wp-json\/wp\/v2\/pages\/8389\/revisions"}],"predecessor-version":[{"id":12723,"href":"https:\/\/losbuzos.com\/es\/wp-json\/wp\/v2\/pages\/8389\/revisions\/12723"}],"wp:attachment":[{"href":"https:\/\/losbuzos.com\/es\/wp-json\/wp\/v2\/media?parent=8389"}],"curies":[{"name":"wp","href":"https:\/\/api.w.org\/{rel}","templated":true}]}}