{"id":8390,"date":"2023-02-28T02:08:41","date_gmt":"2023-02-28T02:08:41","guid":{"rendered":"https:\/\/losbuzos.com\/terms-and-conditions-of-use\/"},"modified":"2026-02-17T10:13:07","modified_gmt":"2026-02-17T10:13:07","slug":"terminos-y-condiciones-de-uso","status":"publish","type":"page","link":"https:\/\/losbuzos.com\/es\/terminos-y-condiciones-de-uso\/","title":{"rendered":"T\u00e9rminos y Condiciones de Uso"},"content":{"rendered":"\t\t<div data-elementor-type=\"wp-page\" data-elementor-id=\"8390\" class=\"elementor elementor-8390 elementor-5536\" data-elementor-post-type=\"page\">\n\t\t\t\t\t\t<section class=\"elementor-section elementor-top-section elementor-element elementor-element-d1962dd elementor-section-boxed elementor-section-height-default elementor-section-height-default\" data-id=\"d1962dd\" data-element_type=\"section\" data-e-type=\"section\">\n\t\t\t\t\t\t<div class=\"elementor-container elementor-column-gap-default\">\n\t\t\t\t\t<div class=\"elementor-column elementor-col-100 elementor-top-column elementor-element elementor-element-7cafa88\" data-id=\"7cafa88\" data-element_type=\"column\" data-e-type=\"column\">\n\t\t\t<div class=\"elementor-widget-wrap elementor-element-populated\">\n\t\t\t\t\t\t<div class=\"elementor-element elementor-element-88df445 elementor-widget elementor-widget-text-editor\" data-id=\"88df445\" data-element_type=\"widget\" data-e-type=\"widget\" data-widget_type=\"text-editor.default\">\n\t\t\t\t<div class=\"elementor-widget-container\">\n\t\t\t\t\t\t\t\t\t<h1>T\u00e9rminos y Condiciones de Uso<\/h1><div class=\"entry-content\"><p>Fecha de vigencia: enero de 2020<\/p><p><strong>Propiedad del sitio y aceptaci\u00f3n de los T\u00e9rminos y Condiciones de Uso<\/strong><\/p><p>Estos T\u00e9rminos y Condiciones de uso (en adelante, las \u201ccondiciones de uso\u201d) se aplican al sitio web LOS BUZOS, cuyo dominio es losbuzos.com, a todos sus sitios relacionados o enlazados desde losbuzos.com por LOS BUZOS. El sitio es propiedad de LOS BUZOS y sus licenciatarios. AL UTILIZAR EL SITIO, USTED ACEPTA ESTAR OBLIGADO POR ESTOS T\u00c9RMINOS Y CONDICIONES DE USO. SI NO EST\u00c1 DE ACUERDO, LE SOLICITAMOS QUE SE ABSTENGA DE UTILIZARLO.<\/p><p>LOS BUZOS se reserva el derecho, a su sola discreci\u00f3n, de cambiar, modificar, agregar o eliminar fragmentos de las condiciones de uso en cualquier momento. Es su responsabilidad consultar estos T\u00e9rminos y Condiciones de uso peri\u00f3dicamente para verificar si hay actualizaciones. Si contin\u00faa utilizando el sitio despu\u00e9s de la publicaci\u00f3n de las modificaciones, se entender\u00e1 que las acepta. Siempre que usted cumpla con estas condiciones de uso, LOS BUZOS le otorga un privilegio personal, limitado, intransferible y no exclusivo para que pueda acceder y utilizar el sitio.<\/p><p><strong>Contenido<\/strong><\/p><p>Todos los textos, gr\u00e1ficos, interfaces de usuario, interfaces visuales, fotograf\u00edas, marcas comerciales, logotipos, sonidos, canciones, ilustraciones y c\u00f3digo de programaci\u00f3n (en adelante, el \u201ccontenido\u201d), incluidos, entre otros, el dise\u00f1o, la estructura, la selecci\u00f3n, la coordinaci\u00f3n, la expresi\u00f3n, el estilo y organizaci\u00f3n de dichos contenidos, incluidos en el sitio, pertenecen a LOS BUZOS, quien es quien los controla y autoriza, y se encuentran protegidos por las leyes de imagen comercial, derechos de autor, patentes y marcas, as\u00ed como por otras leyes de propiedad intelectual. derechos y competencia desleal.<\/p><p>A menos que estos t\u00e9rminos de uso indiquen expl\u00edcitamente lo contrario, no se le permite copiar, reproducir, volver a publicar, cargar, publicar, exhibir p\u00fablicamente, codificar, traducir, transmitir o distribuir cualquier parte o contenido del sitio en cualquier lugar. otra computadora, servidor, p\u00e1gina web u otro medio de publicaci\u00f3n o distribuci\u00f3n sin el consentimiento previo por escrito de LOS BUZOS.<\/p><p>Usted puede utilizar la informaci\u00f3n sobre los productos y servicios de LOS BUZOS disponibles en el sitio siempre y cuando (1) no elimine ning\u00fan aviso sobre la propiedad en las copias de los documentos, (2) utilice dicha informaci\u00f3n para fines personales y no comerciales prop\u00f3sitos, y no hacer copias ni publicarlo en ninguna computadora en red u otro medio, (3) no alterarlo, y (4) no hacer ninguna representaci\u00f3n o garant\u00eda adicional con respecto a dichos documentos.<\/p><p><strong>Uso del Sitio<\/strong><\/p><p>El uso de robots, ara\u00f1as (spiders) u otros dispositivos autom\u00e1ticos, programas, algoritmos, metodolog\u00edas o procesos manuales similares para acceder, adquirir, copiar o monitorear parte del sitio o su contenido con el fin de obtener o intentar obtener materiales, documentos o informaci\u00f3n no disponible a trav\u00e9s de ella. LOS BUZOS se reserva el derecho de prohibir cualquier actividad de esta naturaleza.<\/p><p>Est\u00e1 prohibido explorar, escanear o evaluar la vulnerabilidad del sitio o cualquier red conectada a \u00e9l, as\u00ed como romper las medidas de seguridad o autenticaci\u00f3n del sitio o cualquier red conectada a \u00e9l. No se permite el rastreo o b\u00fasqueda de datos de usuarios, visitantes del sitio u otros clientes de LOS BUZOS. Tampoco est\u00e1 permitido explotar de ninguna manera el sitio o cualquier otro servicio o informaci\u00f3n disponible u ofrecida a trav\u00e9s del mismo con el prop\u00f3sito de revelar informaci\u00f3n, incluyendo, sin limitaci\u00f3n, identificaci\u00f3n personal o informaci\u00f3n que no sea de propiedad proporcionada por el sitio.<\/p><p>Usted se compromete a no realizar ninguna acci\u00f3n que provoque una saturaci\u00f3n desproporcionada o innecesaria en la infraestructura del sitio o en los sistemas o redes de LOS BUZOS<\/p><p>Te comprometes a no utilizar ning\u00fan dispositivo, programa o rutina con el fin de intentar interferir en el buen funcionamiento del sitio o cualquier transacci\u00f3n que se realice en \u00e9l, as\u00ed como en el uso que otras personas est\u00e9n haciendo del sitio.<\/p><p>El uso del sitio o su contenido para fines ilegales o il\u00edcitos no est\u00e1 permitido bajo estos t\u00e9rminos de uso. Tampoco se permite la comisi\u00f3n de ninguna actividad il\u00edcita o que infrinja los derechos de LOS BUZOS o de terceros.<\/p><p><strong>T\u00e9rminos y condiciones adicionales para compras<\/strong><\/p><p>La moneda con la que se procesar\u00e1n todas las transacciones dentro del sitio web es el D\u00f3lar Estadounidense (USD) o Balboas (PAB), moneda de la Rep\u00fablica de Panam\u00e1.<\/p><p>Se aplicar\u00e1n T\u00e9rminos y Condiciones adicionales para la adquisici\u00f3n de bienes, as\u00ed como para \u00e1reas o beneficios espec\u00edficos del sitio, promociones o similares, que forman parte de estas condiciones de uso. Usted acepta cumplir con dichos T\u00e9rminos y condiciones adicionales, incluido, cuando corresponda, el requisito de la mayor\u00eda de edad para usar o participar en dichos servicios o beneficios. En caso de conflicto entre estas condiciones de uso y los T\u00e9rminos y Condiciones que rigen una parte o servicio particular del sitio, prevalecer\u00e1 lo que se especifica en los T\u00e9rminos y Condiciones para esa parte o servicio en particular.<\/p><p>Las obligaciones de LOS BUZOS, si las hubiere, con respecto a sus productos y servicios se rigen \u00fanicamente por los acuerdos bajo los cuales se venden o proporcionan, y nada puede inferirse del sitio para alterar tales acuerdos.<\/p><p>LOS BUZOS podr\u00e1 aplicar cambios en los productos y servicios ofrecidos en el sitio, o en los precios aplicables a los mismos, en cualquier momento y sin previo aviso. Los materiales en el sitio con respecto a productos y servicios pueden estar desactualizados, y LOS BUZOS no se compromete a actualizarlos.<\/p><p>Cada una de estas pol\u00edticas podr\u00e1 ser actualizada peri\u00f3dicamente, en cuyo caso entrar\u00e1 en vigor inmediatamente despu\u00e9s de la publicaci\u00f3n de los cambios en el sitio y la fecha de modificaci\u00f3n ser\u00e1<\/p><p><strong>Productos, Precios y Beneficios exclusivos de la compra online<\/strong><\/p><p>Los productos y servicios presentados (si los hubiere) pueden variar en su dise\u00f1o, disponibilidad, fechas, color debido a los fabricantes. Los productos y\/o servicios presentados con sus precios tienen una fecha de vigencia o hasta agotar existencias, luego de esta fecha, volver\u00e1n a su precio regular. Los precios de Internet son exclusivos de este canal, no son un espejo de nuestras tiendas f\u00edsicas, publicados en la parte superior de esta p\u00e1gina.<\/p><p>Los dep\u00f3sitos para hacer una reserva equivalen al 50% del precio total del viaje. El saldo pendiente debe pagarse unos 30 d\u00edas antes de su viaje. Todos los pagos en nuestras instalaciones pueden ser en efectivo o con tarjeta de cr\u00e9dito.<\/p><p>La ratificaci\u00f3n se realiza por mandato expreso de la Autoridad, seg\u00fan lo dispuesto en el art\u00edculo 37, numerales 1 y 2 del Decreto Ejecutivo No. 46 de 23 de junio de 2009.<\/p><p>Los precios y\/o beneficios de este sitio web son exclusivos para compras en l\u00ednea (web) y no son canjeables en nuestras tiendas f\u00edsicas a menos que as\u00ed lo indiquemos expl\u00edcitamente.<\/p><p>La ratificaci\u00f3n se realiza por mandato expreso de la Autoridad, conforme a lo dispuesto en los art\u00edculos 58 a 64, del Decreto Ejecutivo LEY N\u00b0 45 de 31 de octubre de 2007, por el cual se dictan normas sobre protecci\u00f3n del consumidor y defensa de la competencia y otras disposiciones.<\/p><p><strong>Pol\u00edtica de Privacidad<\/strong><\/p><p>Las condiciones de las Pol\u00edticas de Privacidad de LOS BUZOS que aplican a este sitio forman parte de las presentes condiciones de uso. Adem\u00e1s, al usar el sitio, comprende y acepta que las transferencias por Internet nunca son completamente privadas o seguras. Usted reconoce que cualquier mensaje o informaci\u00f3n que env\u00ede al sitio podr\u00eda ser le\u00eddo o interceptado por terceros, a pesar de la aparici\u00f3n de un aviso especial de que una operaci\u00f3n espec\u00edfica est\u00e1 encriptada (por ejemplo, informaci\u00f3n de tarjeta de cr\u00e9dito).<\/p><p><strong>Descargo de responsabilidad<\/strong><\/p><p>LOS BUZOS NO GARANTIZA QUE EL SITIO, EL CONTENIDO, LOS SERVICIOS O LAS CARACTER\u00cdSTICAS DEL SITIO ESTAR\u00c1N LIBRES DE ERRORES O NO SER\u00c1N INTERRUMPIDOS, NI ACEPTA CORREGIR ERRORES O QUE SU USO DEL SITIO LE PROPORCIONAR\u00c1 RESULTADOS ESPEC\u00cdFICOS. EL SITIO Y SU CONTENIDO SE PROPORCIONAN TAL CUAL Y SEG\u00daN SU DISPONIBILIDAD. TODA LA INFORMACI\u00d3N PUBLICADA EN EL SITIO EST\u00c1 SUJETA A CAMBIOS SIN AVISO. LOS BUZOS NO SE HACE RESPONSABLE POR LOS ACTOS, OMISIONES Y CONDUCTAS DE TERCEROS RELACIONADOS CON SU USO DEL SITIO O LOS SERVICIOS DE LOS BUZOS. SU USO DEL SITIO Y SUS SITIOS VINCULADOS ES SU RESPONSABILIDAD. LA \u00daNICA FORMA DE MOSTRAR SU DESCONFORMIDAD CON EL SITIO DE LOS BUZOS Y SU CONTENIDO ES DEJANDO DE UTILIZARLOS. ESTA LIMITACI\u00d3N DE RESPONSABILIDADES FORMA PARTE DEL CONSENSO ENTRE LAS PARTES.<\/p><p>El descargo de responsabilidad especificado anteriormente se aplica a da\u00f1os, responsabilidades o da\u00f1os causados por cualquier falla en la operaci\u00f3n, error, omisi\u00f3n, interrupci\u00f3n, eliminaci\u00f3n, defecto, demora en la operaci\u00f3n o transferencia, virus, falla en las l\u00edneas de comunicaci\u00f3n, robo o destrucci\u00f3n, o por acceso no autorizado, alteraci\u00f3n o uso, ya sea por violaci\u00f3n de contrato, negligencia o cualquier otra causa.<\/p><p>En cualquier momento, y sin previo aviso, LOS BUZOS se reserva el derecho de: (1) modificar, suspender o dar por terminado el funcionamiento o acceso a parte o la totalidad del sitio por cualquier motivo; (2) modificar o cambiar parte o la totalidad del sitio, as\u00ed como cualquier pol\u00edtica o condici\u00f3n aplicable; y (3) interrumpir la operaci\u00f3n de parte o la totalidad del sitio, cuando sea necesario para realizar tareas de mantenimiento, correcci\u00f3n de errores u otros cambios.<\/p><p><strong>L\u00edmite de responsabilidad<\/strong><\/p><p>Salvo que lo proh\u00edba la ley, LOS BUZOS no ser\u00e1 responsable en modo alguno por da\u00f1os indirectos, ejemplares, accidentales o incidentales, incluido el lucro cesante, incluso si ha tenido conocimiento de la posibilidad de que tales da\u00f1os pudieran ocurrir.<\/p><p><strong>Compensaci\u00f3n<\/strong><\/p><p>Usted acepta indemnizar y no demandar o reclamar p\u00e9rdidas, gastos o responsabilidades (incluyendo honorarios legales) de LOS BUZOS, sus directores, administradores, accionistas, empleados, agentes, subsidiarias o asociados, ni en su nombre ni en nombre de terceros, debido a su uso del sitio.<\/p><p><strong>Incumplimiento de las condiciones de uso<\/strong><\/p><p>Si lo considera oportuno, LOS BUZOS podr\u00e1 divulgar sus datos personales (incluyendo su identidad) con el fin de realizar una investigaci\u00f3n o reclamo derivado de su uso del sitio, o para identificar, contactar o emprender acciones legales contra alguien que haya inmiscuido. o causado da\u00f1o (con o sin intenci\u00f3n) a los derechos de propiedad de LOS BUZOS o de los usuarios del sitio, incluidos los clientes de LOS BUZOS. LOS BUZOS se reserva el derecho de divulgar en cualquier momento los datos que considere pertinentes para cumplir con las leyes, reglamentos, procedimientos judiciales o solicitudes gubernamentales. Asimismo, LOS BUZOS podr\u00eda revelar sus datos si valora que la normativa vigente as\u00ed lo exige, lo que incluye el intercambio de informaci\u00f3n con otras empresas y organizaciones con el fin de evitar fraudes.<\/p><p>Usted declara entender y aceptar que LOS BUZOS pueda mantener cualquier comunicaci\u00f3n con usted o cualquier servicio que se preste a trav\u00e9s de ella. Asimismo, LOS BUZOS podr\u00e1 divulgar estos datos si as\u00ed lo requiere la ley o si considera que dicha conservaci\u00f3n o divulgaci\u00f3n de datos es razonablemente necesaria para (1) cumplir con los procedimientos legales, (2) ejecutar las presentes condiciones de uso, (3) responder a reclamaciones sobre la violaci\u00f3n de dichos datos de los derechos de terceros, o (4) proteger los derechos, la propiedad o la seguridad de LOS BUZOS, sus empleados, usuarios o visitantes del sitio y el p\u00fablico.<\/p><p>Si LOS BUZOS emprende cualquier acci\u00f3n legal contra usted como consecuencia del incumplimiento de las presentes condiciones de uso, tendr\u00e1 derecho al pago de los honorarios legales y costas razonables que dicha acci\u00f3n conlleve, adem\u00e1s de cualquier otra indemnizaci\u00f3n que le corresponda. . Usted acepta que LOS BUZOS no tiene ninguna responsabilidad ante usted o cualquier tercero respecto a la terminaci\u00f3n del acceso al sitio como consecuencia del incumplimiento de las condiciones de uso.<\/p><p><strong>Legislaci\u00f3n aplicable y resoluci\u00f3n de conflictos<\/strong><\/p><p>Usted acepta que todos los asuntos relacionados con su uso y acceso al sitio, incluidos los conflictos, se regir\u00e1n por la legislaci\u00f3n de la Rep\u00fablica de Panam\u00e1, independientemente de las disposiciones sobre conflicto de leyes.<\/p><p><strong>Comentarios e informaci\u00f3n<\/strong><\/p><p>Cualquier comentario que publique en este sitio ser\u00e1 tratado de manera no confidencial. LOS BUZOS es libre de usar sus opiniones sin restricciones.<\/p><p>La informaci\u00f3n en este sitio web est\u00e1 sujeta a cambios sin previo aviso.<\/p><\/div>\t\t\t\t\t\t\t\t<\/div>\n\t\t\t\t<\/div>\n\t\t\t\t\t<\/div>\n\t\t<\/div>\n\t\t\t\t\t<\/div>\n\t\t<\/section>\n\t\t\t\t<\/div>\n\t\t","protected":false},"excerpt":{"rendered":"<p>T\u00e9rminos y Condiciones de Uso Fecha de vigencia: enero de 2020 Propiedad del sitio y aceptaci\u00f3n de los T\u00e9rminos y Condiciones de Uso Estos T\u00e9rminos y Condiciones de uso (en adelante, las \u201ccondiciones de uso\u201d) se aplican al sitio web LOS BUZOS, cuyo dominio es losbuzos.com, a todos sus sitios relacionados o enlazados desde losbuzos.com [&hellip;]<\/p>\n","protected":false},"author":3,"featured_media":0,"parent":0,"menu_order":0,"comment_status":"closed","ping_status":"closed","template":"","meta":{"content-type":"","site-sidebar-layout":"no-sidebar","site-content-layout":"page-builder","ast-site-content-layout":"full-width-container","site-content-style":"unboxed","site-sidebar-style":"unboxed","ast-global-header-display":"","ast-banner-title-visibility":"","ast-main-header-display":"","ast-hfb-above-header-display":"","ast-hfb-below-header-display":"","ast-hfb-mobile-header-display":"","site-post-title":"disabled","ast-breadcrumbs-content":"","ast-featured-img":"disabled","footer-sml-layout":"","ast-disable-related-posts":"","theme-transparent-header-meta":"","adv-header-id-meta":"","stick-header-meta":"","header-above-stick-meta":"","header-main-stick-meta":"","header-below-stick-meta":"","astra-migrate-meta-layouts":"set","ast-page-background-enabled":"default","ast-page-background-meta":{"desktop":{"background-color":"","background-image":"","background-repeat":"repeat","background-position":"center center","background-size":"auto","background-attachment":"scroll","background-type":"","background-media":"","overlay-type":"","overlay-color":"","overlay-opacity":"","overlay-gradient":""},"tablet":{"background-color":"","background-image":"","background-repeat":"repeat","background-position":"center center","background-size":"auto","background-attachment":"scroll","background-type":"","background-media":"","overlay-type":"","overlay-color":"","overlay-opacity":"","overlay-gradient":""},"mobile":{"background-color":"","background-image":"","background-repeat":"repeat","background-position":"center center","background-size":"auto","background-attachment":"scroll","background-type":"","background-media":"","overlay-type":"","overlay-color":"","overlay-opacity":"","overlay-gradient":""}},"ast-content-background-meta":{"desktop":{"background-color":"var(--ast-global-color-5)","background-image":"","background-repeat":"repeat","background-position":"center center","background-size":"auto","background-attachment":"scroll","background-type":"","background-media":"","overlay-type":"","overlay-color":"","overlay-opacity":"","overlay-gradient":""},"tablet":{"background-color":"var(--ast-global-color-5)","background-image":"","background-repeat":"repeat","background-position":"center center","background-size":"auto","background-attachment":"scroll","background-type":"","background-media":"","overlay-type":"","overlay-color":"","overlay-opacity":"","overlay-gradient":""},"mobile":{"background-color":"var(--ast-global-color-5)","background-image":"","background-repeat":"repeat","background-position":"center center","background-size":"auto","background-attachment":"scroll","background-type":"","background-media":"","overlay-type":"","overlay-color":"","overlay-opacity":"","overlay-gradient":""}},"footnotes":""},"class_list":["post-8390","page","type-page","status-publish","hentry"],"_links":{"self":[{"href":"https:\/\/losbuzos.com\/es\/wp-json\/wp\/v2\/pages\/8390","targetHints":{"allow":["GET"]}}],"collection":[{"href":"https:\/\/losbuzos.com\/es\/wp-json\/wp\/v2\/pages"}],"about":[{"href":"https:\/\/losbuzos.com\/es\/wp-json\/wp\/v2\/types\/page"}],"author":[{"embeddable":true,"href":"https:\/\/losbuzos.com\/es\/wp-json\/wp\/v2\/users\/3"}],"replies":[{"embeddable":true,"href":"https:\/\/losbuzos.com\/es\/wp-json\/wp\/v2\/comments?post=8390"}],"version-history":[{"count":9,"href":"https:\/\/losbuzos.com\/es\/wp-json\/wp\/v2\/pages\/8390\/revisions"}],"predecessor-version":[{"id":12720,"href":"https:\/\/losbuzos.com\/es\/wp-json\/wp\/v2\/pages\/8390\/revisions\/12720"}],"wp:attachment":[{"href":"https:\/\/losbuzos.com\/es\/wp-json\/wp\/v2\/media?parent=8390"}],"curies":[{"name":"wp","href":"https:\/\/api.w.org\/{rel}","templated":true}]}}