{"id":8414,"date":"2023-02-28T02:10:02","date_gmt":"2023-02-28T02:10:02","guid":{"rendered":"https:\/\/losbuzos.com\/waiver-and-release-of-liability\/"},"modified":"2026-02-17T10:13:49","modified_gmt":"2026-02-17T10:13:49","slug":"exencion-y-liberacion-de-responsabilidad","status":"publish","type":"page","link":"https:\/\/losbuzos.com\/es\/exencion-y-liberacion-de-responsabilidad\/","title":{"rendered":"Exenci\u00f3n y Liberaci\u00f3n de Responsabilidad"},"content":{"rendered":"\t\t<div data-elementor-type=\"wp-page\" data-elementor-id=\"8414\" class=\"elementor elementor-8414 elementor-5541\" data-elementor-post-type=\"page\">\n\t\t\t\t\t\t<section class=\"elementor-section elementor-top-section elementor-element elementor-element-64c7703 elementor-section-boxed elementor-section-height-default elementor-section-height-default\" data-id=\"64c7703\" data-element_type=\"section\" data-e-type=\"section\">\n\t\t\t\t\t\t<div class=\"elementor-container elementor-column-gap-default\">\n\t\t\t\t\t<div class=\"elementor-column elementor-col-100 elementor-top-column elementor-element elementor-element-b518fcc\" data-id=\"b518fcc\" data-element_type=\"column\" data-e-type=\"column\">\n\t\t\t<div class=\"elementor-widget-wrap elementor-element-populated\">\n\t\t\t\t\t\t<div class=\"elementor-element elementor-element-3576aa3 elementor-widget elementor-widget-text-editor\" data-id=\"3576aa3\" data-element_type=\"widget\" data-e-type=\"widget\" data-widget_type=\"text-editor.default\">\n\t\t\t\t<div class=\"elementor-widget-container\">\n\t\t\t\t\t\t\t\t\t<h1>EXEMPTION AND RELEASE OF LIABILITY<\/h1><div class=\"entry-content\"><p><strong><span dir=\"auto\" style=\"vertical-align: inherit;\"><span dir=\"auto\" style=\"vertical-align: inherit;\">WAIVER AND RELEASE OF LIABILITY, ASSUMPTION OF RISK AND INDEMNIFICATION AGREEMENT<\/span><\/span><\/strong><\/p><p><span dir=\"auto\" style=\"vertical-align: inherit;\"><span dir=\"auto\" style=\"vertical-align: inherit;\">Please read the following agreement carefully <\/span><\/span><strong><span dir=\"auto\" style=\"vertical-align: inherit;\"><span dir=\"auto\" style=\"vertical-align: inherit;\">BEFORE DECIDED TO PARTICIPATE<\/span><\/span><\/strong><span dir=\"auto\" style=\"vertical-align: inherit;\"><span dir=\"auto\" style=\"vertical-align: inherit;\"> . By signing this document, <\/span><\/span><strong><span dir=\"auto\" style=\"vertical-align: inherit;\"><span dir=\"auto\" style=\"vertical-align: inherit;\">YOU EXPRESSLY AGREE THAT YOU HAVE KNOWLEDGELY, COMPLETELY, AND TOTALLY RELEASED<\/span><\/span><\/strong><span dir=\"auto\" style=\"vertical-align: inherit;\"><span dir=\"auto\" style=\"vertical-align: inherit;\"> \u00a0the Owner\/Company\/Its agents and employees (hereinafter, \u00abThe Released\u00bb)\u00a0 <\/span><\/span><strong><span dir=\"auto\" style=\"vertical-align: inherit;\"><span dir=\"auto\" style=\"vertical-align: inherit;\">FROM ANY AND ALL CLAIMS, INCLUDING ACTIVE OR PASSIVE NEGLIGENCE, BUT EXCLUDING GROSS NEGLIGENCE AND\/OR INTENTIONAL MISCONDUCT<\/span><\/span><\/strong><span dir=\"auto\" style=\"vertical-align: inherit;\"><span dir=\"auto\" style=\"vertical-align: inherit;\"> , ARISING FROM ANY ACT, Omission, OR CONDITION EXISTING PRIOR TO THE SIGNING OF THIS AGREEMENT, AND EXTENDING TO INCLUDE ANY ACT, Omission, OR CONDITION IN ANY WAY RELATED TO YOUR PARTICIPATION IN (including transit to and from) THESE WATER SPORTS ACTIVITIES, WHICH MAY OCCUR AT ANY TIME IN THE FOLLOWING TIMES OUT OF THE ACTIVITIES IN WHICH YOU ARE ABOUT TO PURCHASE\/PARTICIPATE.<\/span><\/span><\/p><p><strong><span dir=\"auto\" style=\"vertical-align: inherit;\"><span dir=\"auto\" style=\"vertical-align: inherit;\">IN CONSIDERATION<\/span><\/span><\/strong><span dir=\"auto\" style=\"vertical-align: inherit;\"><span dir=\"auto\" style=\"vertical-align: inherit;\"> \u00a0of Resort Management, SA, doing business as Los Buzos Resort (\u00abThe Released Party\u00bb) allowing me to participate in each and every recreational activity or event in which Los Buzos is involved in any way (the \u00abActivities\u00bb), I, for myself and on behalf of my spouse, children, parents, guardians, heirs and next of kin, and any legal and personal representatives, executors, administrators, successors and assigns, hereby accept and make the following contractual representations pursuant to this Release and Agreement of Release of Liability, Assumption of Risk and Indemnity (the \u00abAgreement\u00bb).<\/span><\/span><\/p><p><strong>1. RECONOCIMIENTO DE RIESGOS<\/strong>. Reconocer que algunos, pero no todos, los riesgos de participar en la actividad de deportes acu\u00e1ticos incluyen:\u00a0<strong>(1)<\/strong>\u00a0Cambiar el flujo de agua, las mareas, las corrientes, la acci\u00f3n de las olas y las estelas de los barcos; <strong>(2)<\/strong> Colisiones con cualquiera de los siguientes: otros participantes, la embarcaci\u00f3n, otras embarcaciones y objetos naturales o hechos por el hombre: <strong>(3)<\/strong> Las acciones u omisiones negligentes de otros participantes; <strong>(4)<\/strong>\u00a0Sus propias acciones u omisiones, su nivel de competencia en cuanto a la actividad y sus propias condiciones f\u00edsicas y mentales; <strong>(5)<\/strong> cizalladura del viento, inclemencias del tiempo, rel\u00e1mpagos, variaciones y extremos del tiempo y la temperatura del viento; <strong>(6)<\/strong>\u00a0Mi sentido del equilibrio, coordinaci\u00f3n f\u00edsica, capacidad para operar equipos, nadar y\/o seguir instrucciones; <strong>(7)<\/strong>\u00a0Colisi\u00f3n, zozobra, hundimiento u otro peligro que resulte en humedad, lesiones, exposici\u00f3n a los elementos, hipotermia y\/o ahogamiento; <strong>(8)<\/strong>\u00a0La presencia en insectos y formas de vida marina; <strong>(9)<\/strong> falla del equipo o error del operador; <strong>(10)<\/strong> lesiones o enfermedades relacionadas con el calor o el sol, incluidas las quemaduras solares, la insolaci\u00f3n o la deshidrataci\u00f3n; <strong>(11)\u00a0<\/strong>Fatiga, escalofr\u00edos y\/o mareos que pueden disminuir mi\/o nuestro tiempo de reacci\u00f3n y aumentar el riesgo de accidente.<\/p><p><strong>2. ASUNCI\u00d3N EXPRESA DE RIESGO Y RESPONSABILIDAD<\/strong>. Al poner sus iniciales en esta secci\u00f3n y ejecutar esta <strong>RENUNCIA<\/strong> a continuaci\u00f3n, acepta que ha revisado la lista anterior no exclusiva de ejemplos de riesgos inherentes involucrados en su participaci\u00f3n en estas actividades, y con pleno conocimiento y comprensi\u00f3n, acepta voluntariamente comprometerse y participar. en estas actividades y <strong>ASUMAR VOLUNTARIA Y EXPRESAMENTE EL RIESGO DE DA\u00d1OS CORPORALES GRAVES, LESIONES PERSONALES, MUERTE O DA\u00d1OS<\/strong> resultantes de todos y cada uno de los riesgos inherentes al participar y participar en (incluido el tr\u00e1nsito hacia y desde) estas actividades de deportes acu\u00e1ticos. Al asumir expresamente <strong>CUALQUIERA Y TODOS LOS RIESGOS INHERENTES<\/strong> relacionados con estas actividades de deportes acu\u00e1ticos, usted renuncia voluntariamente a la capacidad de buscar o cobrar da\u00f1os del Exonerado debido a cualquier lesi\u00f3n personal, reclamo o incidente que ocurra o est\u00e9 relacionado de alguna manera con o que surja de la riesgos inherentes de su participaci\u00f3n en estas actividades de deportes acu\u00e1ticos.<strong> ESTOY DE ACUERDO EN UTILIZAR<\/strong> un dispositivo de flotaci\u00f3n personal aprobado mientras participo en la actividad o viajo en cualquier embarcaci\u00f3n.<\/p><p><strong><span dir=\"auto\" style=\"vertical-align: inherit;\"><span dir=\"auto\" style=\"vertical-align: inherit;\">3. RELEASE<\/span><\/span><\/strong><span dir=\"auto\" style=\"vertical-align: inherit;\"><span dir=\"auto\" style=\"vertical-align: inherit;\"> . I hereby release Resort Management, SA, its principals, directors, officers, agents, employees and volunteers, its insurers, and each and every one of the landowners, municipal and\/or government agencies on whose property an activity is conducted (\u00abowner\u00bb) and their insurers, if any, (collectively \u00abReleases\u00bb)\u00a0 <\/span><\/span><strong><span dir=\"auto\" style=\"vertical-align: inherit;\"><span dir=\"auto\" style=\"vertical-align: inherit;\">FROM ANY LIABILITY OF ANY NATURE FOR ANY INJURY OR DAMAGE (INCLUDING DEATH) TO ME OR MY MINOR CHILDREN AND OTHER PERSONS<\/span><\/span><\/strong><span dir=\"auto\" style=\"vertical-align: inherit;\"><span dir=\"auto\" style=\"vertical-align: inherit;\"> as a result of my\/our participation in the activity, <\/span><\/span><strong><span dir=\"auto\" style=\"vertical-align: inherit;\"><span dir=\"auto\" style=\"vertical-align: inherit;\">EVEN IF CAUSED BY THE NEGLIGENCE OF ANY OF THE ABOVE-NAMED RELEASED PARTIES, OR ANY OTHER PERSON (INCLUDING ME).<\/span><\/span><\/strong><\/p><p><strong><span dir=\"auto\" style=\"vertical-align: inherit;\"><span dir=\"auto\" style=\"vertical-align: inherit;\">4. PUBLICATION OF PHOTOS<\/span><\/span><\/strong><span dir=\"auto\" style=\"vertical-align: inherit;\"><span dir=\"auto\" style=\"vertical-align: inherit;\"> . I hereby authorize Resort Management, SA, to publish photographs or videos taken of me, or of persons under my legal guardianship, for use in Los Buzos Resort&#8217;s print and online publications, as well as for any external third-party interests. In consideration for my voluntary participation in publications produced by Los Buzos Resort, or for any other third-party interests, I agree that I will not receive any financial compensation. I further agree that participation in any print or online publication produced by Resort Management, SA, or for external third-party interests, does not confer ownership or any special rights of any kind.<\/span><\/span><\/p><p><strong><span dir=\"auto\" style=\"vertical-align: inherit;\"><span dir=\"auto\" style=\"vertical-align: inherit;\">I HAVE READ THIS ASSUMPTION AND ACKNOWLEDGMENT OF RISK AND RELEASE OF LIABILITY AGREEMENT. I UNDERSTAND THAT BY SIGNING THIS DOCUMENT, I AM WAIVING VALID LEGAL RIGHTS, INCLUDING ALL RIGHTS I MAY HAVE AGAINST THE OWNER, THE OPERATOR NAMED ABOVE, OR THEIR EMPLOYEES, AGENTS, SERVANTS, OR ASSIGNEES.<\/span><\/span><\/strong><\/p><p><strong><span dir=\"auto\" style=\"vertical-align: inherit;\"><span dir=\"auto\" style=\"vertical-align: inherit;\">*EACH ADULT PARTICIPANT MUST INDIVIDUALLY SIGN A WAIVER.<\/span><\/span><\/strong><span dir=\"auto\" style=\"vertical-align: inherit;\"><span dir=\"auto\" style=\"vertical-align: inherit;\"> Parental Consent (Required if participant is under 18 years of age) As the parent or legal guardian of the minor identified below, I accept and agree to all the terms and conditions of this Agreement on behalf of the minor in connection with the minor&#8217;s participation in the Activities. If, notwithstanding this Agreement, I, or anyone on behalf of the minor, brings a claim of Liability against any of the Released Parties, I will indemnify, defend, and hold harmless each of the Released Parties from any liability that may be incurred as a result of such claim.<\/span><\/span><\/p><\/div>\t\t\t\t\t\t\t\t<\/div>\n\t\t\t\t<\/div>\n\t\t\t\t\t<\/div>\n\t\t<\/div>\n\t\t\t\t\t<\/div>\n\t\t<\/section>\n\t\t\t\t<\/div>\n\t\t","protected":false},"excerpt":{"rendered":"<p>EXEMPTION AND RELEASE OF LIABILITY WAIVER AND RELEASE OF LIABILITY, ASSUMPTION OF RISK AND INDEMNIFICATION AGREEMENT Please read the following agreement carefully BEFORE DECIDED TO PARTICIPATE . By signing this document, YOU EXPRESSLY AGREE THAT YOU HAVE KNOWLEDGELY, COMPLETELY, AND TOTALLY RELEASED \u00a0the Owner\/Company\/Its agents and employees (hereinafter, \u00abThe Released\u00bb)\u00a0 FROM ANY AND ALL CLAIMS, [&hellip;]<\/p>\n","protected":false},"author":3,"featured_media":0,"parent":0,"menu_order":0,"comment_status":"closed","ping_status":"closed","template":"","meta":{"content-type":"","site-sidebar-layout":"no-sidebar","site-content-layout":"page-builder","ast-site-content-layout":"full-width-container","site-content-style":"unboxed","site-sidebar-style":"unboxed","ast-global-header-display":"","ast-banner-title-visibility":"","ast-main-header-display":"","ast-hfb-above-header-display":"","ast-hfb-below-header-display":"","ast-hfb-mobile-header-display":"","site-post-title":"disabled","ast-breadcrumbs-content":"","ast-featured-img":"disabled","footer-sml-layout":"","ast-disable-related-posts":"","theme-transparent-header-meta":"","adv-header-id-meta":"","stick-header-meta":"","header-above-stick-meta":"","header-main-stick-meta":"","header-below-stick-meta":"","astra-migrate-meta-layouts":"set","ast-page-background-enabled":"default","ast-page-background-meta":{"desktop":{"background-color":"","background-image":"","background-repeat":"repeat","background-position":"center center","background-size":"auto","background-attachment":"scroll","background-type":"","background-media":"","overlay-type":"","overlay-color":"","overlay-opacity":"","overlay-gradient":""},"tablet":{"background-color":"","background-image":"","background-repeat":"repeat","background-position":"center center","background-size":"auto","background-attachment":"scroll","background-type":"","background-media":"","overlay-type":"","overlay-color":"","overlay-opacity":"","overlay-gradient":""},"mobile":{"background-color":"","background-image":"","background-repeat":"repeat","background-position":"center center","background-size":"auto","background-attachment":"scroll","background-type":"","background-media":"","overlay-type":"","overlay-color":"","overlay-opacity":"","overlay-gradient":""}},"ast-content-background-meta":{"desktop":{"background-color":"var(--ast-global-color-5)","background-image":"","background-repeat":"repeat","background-position":"center center","background-size":"auto","background-attachment":"scroll","background-type":"","background-media":"","overlay-type":"","overlay-color":"","overlay-opacity":"","overlay-gradient":""},"tablet":{"background-color":"var(--ast-global-color-5)","background-image":"","background-repeat":"repeat","background-position":"center center","background-size":"auto","background-attachment":"scroll","background-type":"","background-media":"","overlay-type":"","overlay-color":"","overlay-opacity":"","overlay-gradient":""},"mobile":{"background-color":"var(--ast-global-color-5)","background-image":"","background-repeat":"repeat","background-position":"center center","background-size":"auto","background-attachment":"scroll","background-type":"","background-media":"","overlay-type":"","overlay-color":"","overlay-opacity":"","overlay-gradient":""}},"footnotes":""},"class_list":["post-8414","page","type-page","status-publish","hentry"],"_links":{"self":[{"href":"https:\/\/losbuzos.com\/es\/wp-json\/wp\/v2\/pages\/8414","targetHints":{"allow":["GET"]}}],"collection":[{"href":"https:\/\/losbuzos.com\/es\/wp-json\/wp\/v2\/pages"}],"about":[{"href":"https:\/\/losbuzos.com\/es\/wp-json\/wp\/v2\/types\/page"}],"author":[{"embeddable":true,"href":"https:\/\/losbuzos.com\/es\/wp-json\/wp\/v2\/users\/3"}],"replies":[{"embeddable":true,"href":"https:\/\/losbuzos.com\/es\/wp-json\/wp\/v2\/comments?post=8414"}],"version-history":[{"count":12,"href":"https:\/\/losbuzos.com\/es\/wp-json\/wp\/v2\/pages\/8414\/revisions"}],"predecessor-version":[{"id":12726,"href":"https:\/\/losbuzos.com\/es\/wp-json\/wp\/v2\/pages\/8414\/revisions\/12726"}],"wp:attachment":[{"href":"https:\/\/losbuzos.com\/es\/wp-json\/wp\/v2\/media?parent=8414"}],"curies":[{"name":"wp","href":"https:\/\/api.w.org\/{rel}","templated":true}]}}