{"id":9086,"date":"2023-05-29T14:42:13","date_gmt":"2023-05-29T14:42:13","guid":{"rendered":"https:\/\/losbuzos.com\/real-estate-los-buzos\/"},"modified":"2026-02-17T10:09:26","modified_gmt":"2026-02-17T10:09:26","slug":"bienes-raices-los-buzos","status":"publish","type":"page","link":"https:\/\/losbuzos.com\/es\/bienes-raices-los-buzos\/","title":{"rendered":"Bienes Ra\u00edces"},"content":{"rendered":"\t\t<div data-elementor-type=\"wp-page\" data-elementor-id=\"9086\" class=\"elementor elementor-9086 elementor-9069\" data-elementor-post-type=\"page\">\n\t\t\t\t\t\t<section class=\"elementor-section elementor-top-section elementor-element elementor-element-493a9c7 elementor-section-height-min-height elementor-section-boxed elementor-section-height-default elementor-section-items-middle\" data-id=\"493a9c7\" data-element_type=\"section\" data-e-type=\"section\" data-settings=\"{&quot;background_background&quot;:&quot;classic&quot;}\">\n\t\t\t\t\t\t\t<div class=\"elementor-background-overlay\"><\/div>\n\t\t\t\t\t\t\t<div class=\"elementor-container elementor-column-gap-default\">\n\t\t\t\t\t<div class=\"elementor-column elementor-col-100 elementor-top-column elementor-element elementor-element-55b3ca3\" data-id=\"55b3ca3\" data-element_type=\"column\" data-e-type=\"column\">\n\t\t\t<div class=\"elementor-widget-wrap elementor-element-populated\">\n\t\t\t\t\t\t<div class=\"elementor-element elementor-element-4305801 elementor-widget elementor-widget-heading\" data-id=\"4305801\" data-element_type=\"widget\" data-e-type=\"widget\" data-widget_type=\"heading.default\">\n\t\t\t\t<div class=\"elementor-widget-container\">\n\t\t\t\t\t<h1 class=\"elementor-heading-title elementor-size-default\">VIVIR EN EL PARA\u00cdSO EN LOS BUZOS PANAM\u00c1<\/h1>\t\t\t\t<\/div>\n\t\t\t\t<\/div>\n\t\t\t\t<section class=\"elementor-section elementor-inner-section elementor-element elementor-element-f58ae51 elementor-section-boxed elementor-section-height-default elementor-section-height-default\" data-id=\"f58ae51\" data-element_type=\"section\" data-e-type=\"section\">\n\t\t\t\t\t\t<div class=\"elementor-container elementor-column-gap-default\">\n\t\t\t\t\t<div class=\"elementor-column elementor-col-100 elementor-inner-column elementor-element elementor-element-ca9b865\" data-id=\"ca9b865\" data-element_type=\"column\" data-e-type=\"column\">\n\t\t\t<div class=\"elementor-widget-wrap elementor-element-populated\">\n\t\t\t\t\t\t<div class=\"elementor-element elementor-element-c3b69e2 elementor-align-center elementor-widget elementor-widget-button\" data-id=\"c3b69e2\" data-element_type=\"widget\" data-e-type=\"widget\" data-widget_type=\"button.default\">\n\t\t\t\t<div class=\"elementor-widget-container\">\n\t\t\t\t\t\t\t\t\t<div class=\"elementor-button-wrapper\">\n\t\t\t\t\t<a class=\"elementor-button elementor-button-link elementor-size-sm\" href=\"https:\/\/losbuzos.com\/es\/descuentos-por-cancelaciones-de-ultima-hora\/\">\n\t\t\t\t\t\t<span class=\"elementor-button-content-wrapper\">\n\t\t\t\t\t\t\t\t\t<span class=\"elementor-button-text\">\u00a1Para m\u00e1s informaci\u00f3n de Bienes Ra\u00edces haz click aqu\u00ed!<\/span>\n\t\t\t\t\t<\/span>\n\t\t\t\t\t<\/a>\n\t\t\t\t<\/div>\n\t\t\t\t\t\t\t\t<\/div>\n\t\t\t\t<\/div>\n\t\t\t\t\t<\/div>\n\t\t<\/div>\n\t\t\t\t\t<\/div>\n\t\t<\/section>\n\t\t\t\t\t<\/div>\n\t\t<\/div>\n\t\t\t\t\t<\/div>\n\t\t<\/section>\n\t\t\t\t<section class=\"elementor-section elementor-top-section elementor-element elementor-element-248295d elementor-section-full_width elementor-section-height-default elementor-section-height-default\" data-id=\"248295d\" data-element_type=\"section\" data-e-type=\"section\" data-settings=\"{&quot;background_background&quot;:&quot;classic&quot;}\">\n\t\t\t\t\t\t<div class=\"elementor-container elementor-column-gap-no\">\n\t\t\t\t\t<div class=\"elementor-column elementor-col-100 elementor-top-column elementor-element elementor-element-3ca0152\" data-id=\"3ca0152\" data-element_type=\"column\" data-e-type=\"column\">\n\t\t\t<div class=\"elementor-widget-wrap elementor-element-populated\">\n\t\t\t\t\t\t<div class=\"elementor-element elementor-element-2c4a279 elementor-widget elementor-widget-image\" data-id=\"2c4a279\" data-element_type=\"widget\" data-e-type=\"widget\" data-widget_type=\"image.default\">\n\t\t\t\t<div class=\"elementor-widget-container\">\n\t\t\t\t\t\t\t\t\t\t\t\t\t\t\t<img fetchpriority=\"high\" decoding=\"async\" width=\"300\" height=\"312\" src=\"https:\/\/losbuzos.com\/wp-content\/uploads\/2023\/02\/logo_los_buzos_transparent.png\" class=\"attachment-large size-large wp-image-7613\" alt=\"Los Buzos: Offshore Fishing &amp; Adventure Resort|Bienes Ra\u00edces\" srcset=\"https:\/\/losbuzos.com\/wp-content\/uploads\/2023\/02\/logo_los_buzos_transparent.png 300w, https:\/\/losbuzos.com\/wp-content\/uploads\/2023\/02\/logo_los_buzos_transparent-288x300.png 288w\" sizes=\"(max-width: 300px) 100vw, 300px\" title=\"Los Buzos: Offshore Fishing &amp; Adventure Resort | Bienes Ra\u00edces\" \/>\t\t\t\t\t\t\t\t\t\t\t\t\t\t\t<\/div>\n\t\t\t\t<\/div>\n\t\t\t\t<div class=\"elementor-element elementor-element-fbda38a elementor-widget elementor-widget-heading\" data-id=\"fbda38a\" data-element_type=\"widget\" data-e-type=\"widget\" data-widget_type=\"heading.default\">\n\t\t\t\t<div class=\"elementor-widget-container\">\n\t\t\t\t\t<h2 class=\"elementor-heading-title elementor-size-xl\">Ahora ofreciendo un n\u00famero limitado de lotes nuevos en el Pueblo de Los Buzos<\/h2>\t\t\t\t<\/div>\n\t\t\t\t<\/div>\n\t\t\t\t<div class=\"elementor-element elementor-element-0b5a993 elementor-widget elementor-widget-heading\" data-id=\"0b5a993\" data-element_type=\"widget\" data-e-type=\"widget\" data-widget_type=\"heading.default\">\n\t\t\t\t<div class=\"elementor-widget-container\">\n\t\t\t\t\t<h3 class=\"elementor-heading-title elementor-size-default\">Estos lotes est\u00e1n perfectamente ubicados al otro lado de la calle a menos de 50 metros de Bah\u00eda Los Buzos, una bah\u00eda rara y protegida en el lado Pac\u00edfico de Panam\u00e1 y en el coraz\u00f3n de algunas de las mejores zonas de pesca y surf de Panam\u00e1.<\/h3>\t\t\t\t<\/div>\n\t\t\t\t<\/div>\n\t\t\t\t\t<\/div>\n\t\t<\/div>\n\t\t\t\t\t<\/div>\n\t\t<\/section>\n\t\t\t\t<section class=\"elementor-section elementor-top-section elementor-element elementor-element-d070447 elementor-section-boxed elementor-section-height-default elementor-section-height-default\" data-id=\"d070447\" data-element_type=\"section\" data-e-type=\"section\">\n\t\t\t\t\t\t<div class=\"elementor-container elementor-column-gap-default\">\n\t\t\t\t\t<div class=\"elementor-column elementor-col-100 elementor-top-column elementor-element elementor-element-cf86188\" data-id=\"cf86188\" data-element_type=\"column\" data-e-type=\"column\">\n\t\t\t<div class=\"elementor-widget-wrap elementor-element-populated\">\n\t\t\t\t\t\t<div class=\"elementor-element elementor-element-39e451d elementor-widget elementor-widget-image\" data-id=\"39e451d\" data-element_type=\"widget\" data-e-type=\"widget\" data-widget_type=\"image.default\">\n\t\t\t\t<div class=\"elementor-widget-container\">\n\t\t\t\t\t\t\t\t\t\t\t\t\t\t\t<img decoding=\"async\" width=\"1024\" height=\"609\" src=\"https:\/\/losbuzos.com\/wp-content\/uploads\/2023\/05\/Model-Home-Exterior-Rendering1-1024x609.jpg\" class=\"attachment-large size-large wp-image-8942\" alt=\"Los Buzos: Offshore Fishing &amp; Adventure Resort|Bienes Ra\u00edces\" srcset=\"https:\/\/losbuzos.com\/wp-content\/uploads\/2023\/05\/Model-Home-Exterior-Rendering1-1024x609.jpg 1024w, https:\/\/losbuzos.com\/wp-content\/uploads\/2023\/05\/Model-Home-Exterior-Rendering1-300x179.jpg 300w, https:\/\/losbuzos.com\/wp-content\/uploads\/2023\/05\/Model-Home-Exterior-Rendering1-768x457.jpg 768w, https:\/\/losbuzos.com\/wp-content\/uploads\/2023\/05\/Model-Home-Exterior-Rendering1-1536x914.jpg 1536w, https:\/\/losbuzos.com\/wp-content\/uploads\/2023\/05\/Model-Home-Exterior-Rendering1.jpg 1800w\" sizes=\"(max-width: 1024px) 100vw, 1024px\" title=\"Los Buzos: Offshore Fishing &amp; Adventure Resort | Bienes Ra\u00edces\" \/>\t\t\t\t\t\t\t\t\t\t\t\t\t\t\t<\/div>\n\t\t\t\t<\/div>\n\t\t\t\t<div class=\"elementor-element elementor-element-963a3b7 elementor-widget elementor-widget-text-editor\" data-id=\"963a3b7\" data-element_type=\"widget\" data-e-type=\"widget\" data-widget_type=\"text-editor.default\">\n\t\t\t\t<div class=\"elementor-widget-container\">\n\t\t\t\t\t\t\t\t\t<p><strong>Al salir por la parte trasera de la casa, ingresa directamente al sendero de entrada al Parque Los Buzos, una reserva natural privada \u00fanica en su tipo con m\u00e1s de 30 kil\u00f3metros de senderos mantenidos para practicar senderismo, ciclismo de monta\u00f1a, observaci\u00f3n de aves y animales o paseos a caballo desde nuestro Centro Ecuestre.<br \/><\/strong><\/p><p><strong>No es un desarrollo com\u00fan para la jubilaci\u00f3n o una segunda casa, Los Buzos fue construido para aquellos que quieren aprovechar al m\u00e1ximo la vida con una combinaci\u00f3n perfecta de relajaci\u00f3n y aventura.<\/strong><\/p>\t\t\t\t\t\t\t\t<\/div>\n\t\t\t\t<\/div>\n\t\t\t\t<div class=\"elementor-element elementor-element-6660b2f elementor-widget elementor-widget-image\" data-id=\"6660b2f\" data-element_type=\"widget\" data-e-type=\"widget\" data-widget_type=\"image.default\">\n\t\t\t\t<div class=\"elementor-widget-container\">\n\t\t\t\t\t\t\t\t\t\t\t\t\t\t\t<img decoding=\"async\" width=\"1024\" height=\"365\" src=\"https:\/\/losbuzos.com\/wp-content\/uploads\/2023\/05\/Los-Buzos-Village-Map-1024x365.jpg\" class=\"attachment-large size-large wp-image-8944\" alt=\"Los Buzos: Offshore Fishing &amp; Adventure Resort|Bienes Ra\u00edces\" srcset=\"https:\/\/losbuzos.com\/wp-content\/uploads\/2023\/05\/Los-Buzos-Village-Map-1024x365.jpg 1024w, https:\/\/losbuzos.com\/wp-content\/uploads\/2023\/05\/Los-Buzos-Village-Map-300x107.jpg 300w, https:\/\/losbuzos.com\/wp-content\/uploads\/2023\/05\/Los-Buzos-Village-Map-768x274.jpg 768w, https:\/\/losbuzos.com\/wp-content\/uploads\/2023\/05\/Los-Buzos-Village-Map-1536x548.jpg 1536w, https:\/\/losbuzos.com\/wp-content\/uploads\/2023\/05\/Los-Buzos-Village-Map.jpg 2000w\" sizes=\"(max-width: 1024px) 100vw, 1024px\" title=\"Los Buzos: Offshore Fishing &amp; Adventure Resort | Bienes Ra\u00edces\" \/>\t\t\t\t\t\t\t\t\t\t\t\t\t\t\t<\/div>\n\t\t\t\t<\/div>\n\t\t\t\t\t<\/div>\n\t\t<\/div>\n\t\t\t\t\t<\/div>\n\t\t<\/section>\n\t\t\t\t<section class=\"elementor-section elementor-top-section elementor-element elementor-element-23b46f0 elementor-section-boxed elementor-section-height-default elementor-section-height-default\" data-id=\"23b46f0\" data-element_type=\"section\" data-e-type=\"section\">\n\t\t\t\t\t\t<div class=\"elementor-container elementor-column-gap-default\">\n\t\t\t\t\t<div class=\"elementor-column elementor-col-100 elementor-top-column elementor-element elementor-element-3900f4f\" data-id=\"3900f4f\" data-element_type=\"column\" data-e-type=\"column\">\n\t\t\t<div class=\"elementor-widget-wrap elementor-element-populated\">\n\t\t\t\t\t\t<div class=\"elementor-element elementor-element-9f5a532 elementor-widget elementor-widget-text-editor\" data-id=\"9f5a532\" data-element_type=\"widget\" data-e-type=\"widget\" data-widget_type=\"text-editor.default\">\n\t\t\t\t<div class=\"elementor-widget-container\">\n\t\t\t\t\t\t\t\t\t<p>Una de las mayores ventajas para los propietarios de viviendas de Los Buzos es que, a pesar de que tiene el ambiente de un destino tropical remoto, todav\u00eda tiene las comodidades necesarias para apoyar a los propietarios de viviendas de vacaciones, n\u00f3madas digitales y jubilados. Electricidad p\u00fablica, Internet de fibra y un gran sistema de agua privado sirven a cada lote. Asimismo, se pone a su servicio un completo personal de administraci\u00f3n de propiedades y alquileres con m\u00e1s de 20 a\u00f1os de experiencia en esta ubicaci\u00f3n.<\/p><p>Puede elegir entre un paquete de casa modelo completa lista para ocupar, nuestro paquete de casa de hu\u00e9spedes donde compra el lote con nuestra peque\u00f1a casa de hu\u00e9spedes construida y espera hasta m\u00e1s tarde para completar su casa principal. Si lo prefiere, puede comprar el lote por ahora mientras los precios son bajos y esperar la casa de sus sue\u00f1os.<\/p><p>Estos son los \u00faltimos tres lotes que quedan en nuestra fase del pueblo, que tiene un ambiente genial y brinda mucha flexibilidad en lo que construye, uso mixto con un negocio y dem\u00e1s. Las pr\u00f3ximas fases en curso en nuestro plan maestro ser\u00e1n desarrollos tipo comunidad cerrada ya precios sustancialmente m\u00e1s altos.<\/p>\t\t\t\t\t\t\t\t<\/div>\n\t\t\t\t<\/div>\n\t\t\t\t<div class=\"elementor-element elementor-element-ea5c9a3 elementor-widget elementor-widget-text-editor\" data-id=\"ea5c9a3\" data-element_type=\"widget\" data-e-type=\"widget\" data-widget_type=\"text-editor.default\">\n\t\t\t\t<div class=\"elementor-widget-container\">\n\t\t\t\t\t\t\t\t\t<p><strong>Ven a visitarnos ahora: no hacemos los recorridos aburridos, podemos mostrarte todo sobre el estilo de vida y las opciones de Los Buzos mientras est\u00e1s aqu\u00ed disfrutando de unas excelentes vacaciones.<\/strong><\/p>\t\t\t\t\t\t\t\t<\/div>\n\t\t\t\t<\/div>\n\t\t\t\t<div class=\"elementor-element elementor-element-ae4b697 elementor-align-center elementor-widget elementor-widget-button\" data-id=\"ae4b697\" data-element_type=\"widget\" data-e-type=\"widget\" data-widget_type=\"button.default\">\n\t\t\t\t<div class=\"elementor-widget-container\">\n\t\t\t\t\t\t\t\t\t<div class=\"elementor-button-wrapper\">\n\t\t\t\t\t<a class=\"elementor-button elementor-button-link elementor-size-sm\" href=\"https:\/\/losbuzos.com\/es\/descuentos-por-cancelaciones-de-ultima-hora\/\">\n\t\t\t\t\t\t<span class=\"elementor-button-content-wrapper\">\n\t\t\t\t\t\t\t\t\t<span class=\"elementor-button-text\">\u00a1Para m\u00e1s informaci\u00f3n de Bienes Ra\u00edces haz click aqu\u00ed!<\/span>\n\t\t\t\t\t<\/span>\n\t\t\t\t\t<\/a>\n\t\t\t\t<\/div>\n\t\t\t\t\t\t\t\t<\/div>\n\t\t\t\t<\/div>\n\t\t\t\t\t<\/div>\n\t\t<\/div>\n\t\t\t\t\t<\/div>\n\t\t<\/section>\n\t\t\t\t<section class=\"elementor-section elementor-top-section elementor-element elementor-element-9a1de9c elementor-section-boxed elementor-section-height-default elementor-section-height-default\" data-id=\"9a1de9c\" data-element_type=\"section\" data-e-type=\"section\" data-settings=\"{&quot;background_background&quot;:&quot;classic&quot;}\">\n\t\t\t\t\t\t<div class=\"elementor-container elementor-column-gap-default\">\n\t\t\t\t\t<div class=\"elementor-column elementor-col-100 elementor-top-column elementor-element elementor-element-edc6ca1\" data-id=\"edc6ca1\" data-element_type=\"column\" data-e-type=\"column\">\n\t\t\t<div class=\"elementor-widget-wrap elementor-element-populated\">\n\t\t\t\t\t\t<div class=\"elementor-element elementor-element-3093d69 elementor-widget elementor-widget-gallery\" data-id=\"3093d69\" data-element_type=\"widget\" data-e-type=\"widget\" data-settings=\"{&quot;lazyload&quot;:&quot;yes&quot;,&quot;gallery_layout&quot;:&quot;grid&quot;,&quot;columns&quot;:4,&quot;columns_tablet&quot;:2,&quot;columns_mobile&quot;:1,&quot;gap&quot;:{&quot;unit&quot;:&quot;px&quot;,&quot;size&quot;:10,&quot;sizes&quot;:[]},&quot;gap_tablet&quot;:{&quot;unit&quot;:&quot;px&quot;,&quot;size&quot;:10,&quot;sizes&quot;:[]},&quot;gap_mobile&quot;:{&quot;unit&quot;:&quot;px&quot;,&quot;size&quot;:10,&quot;sizes&quot;:[]},&quot;link_to&quot;:&quot;file&quot;,&quot;aspect_ratio&quot;:&quot;3:2&quot;,&quot;overlay_background&quot;:&quot;yes&quot;,&quot;content_hover_animation&quot;:&quot;fade-in&quot;}\" data-widget_type=\"gallery.default\">\n\t\t\t\t<div class=\"elementor-widget-container\">\n\t\t\t\t\t\t\t<div class=\"elementor-gallery__container\">\n\t\t\t\t\t\t\t<a class=\"e-gallery-item elementor-gallery-item elementor-animated-content\" href=\"https:\/\/losbuzos.com\/wp-content\/uploads\/2023\/05\/Model-Home-Master-Bedroom-Rendering.jpg\" data-elementor-open-lightbox=\"yes\" data-elementor-lightbox-slideshow=\"3093d69\" data-elementor-lightbox-title=\"Model Home Master Bedroom Rendering\" data-e-action-hash=\"#elementor-action%3Aaction%3Dlightbox%26settings%3DeyJpZCI6ODk0NiwidXJsIjoiaHR0cHM6XC9cL2xvc2J1em9zLmNvbVwvd3AtY29udGVudFwvdXBsb2Fkc1wvMjAyM1wvMDVcL01vZGVsLUhvbWUtTWFzdGVyLUJlZHJvb20tUmVuZGVyaW5nLmpwZyIsInNsaWRlc2hvdyI6IjMwOTNkNjkifQ%3D%3D\">\n\t\t\t\t\t<div class=\"e-gallery-image elementor-gallery-item__image\" data-thumbnail=\"https:\/\/losbuzos.com\/wp-content\/uploads\/2023\/05\/Model-Home-Master-Bedroom-Rendering-1024x644.jpg\" data-width=\"1024\" data-height=\"644\" aria-label=\"\" role=\"img\" ><\/div>\n\t\t\t\t\t\t\t\t\t\t\t<div class=\"elementor-gallery-item__overlay\"><\/div>\n\t\t\t\t\t\t\t\t\t\t\t\t\t\t<\/a>\n\t\t\t\t\t\t\t<a class=\"e-gallery-item elementor-gallery-item elementor-animated-content\" href=\"https:\/\/losbuzos.com\/wp-content\/uploads\/2023\/05\/Model-Home-Kitchen-and-Living-Rendering.jpg\" data-elementor-open-lightbox=\"yes\" data-elementor-lightbox-slideshow=\"3093d69\" data-elementor-lightbox-title=\"Model Home Kitchen and Living Rendering\" data-e-action-hash=\"#elementor-action%3Aaction%3Dlightbox%26settings%3DeyJpZCI6ODk1MiwidXJsIjoiaHR0cHM6XC9cL2xvc2J1em9zLmNvbVwvd3AtY29udGVudFwvdXBsb2Fkc1wvMjAyM1wvMDVcL01vZGVsLUhvbWUtS2l0Y2hlbi1hbmQtTGl2aW5nLVJlbmRlcmluZy5qcGciLCJzbGlkZXNob3ciOiIzMDkzZDY5In0%3D\">\n\t\t\t\t\t<div class=\"e-gallery-image elementor-gallery-item__image\" data-thumbnail=\"https:\/\/losbuzos.com\/wp-content\/uploads\/2023\/05\/Model-Home-Kitchen-and-Living-Rendering-1024x644.jpg\" data-width=\"1024\" data-height=\"644\" aria-label=\"\" role=\"img\" ><\/div>\n\t\t\t\t\t\t\t\t\t\t\t<div class=\"elementor-gallery-item__overlay\"><\/div>\n\t\t\t\t\t\t\t\t\t\t\t\t\t\t<\/a>\n\t\t\t\t\t\t\t<a class=\"e-gallery-item elementor-gallery-item elementor-animated-content\" href=\"https:\/\/losbuzos.com\/wp-content\/uploads\/2023\/05\/house-dutchhip-roof-lot-1-3d-floorplan-04.jpg\" data-elementor-open-lightbox=\"yes\" data-elementor-lightbox-slideshow=\"3093d69\" data-elementor-lightbox-title=\"house-dutchhip-roof---lot-1-3d-floorplan-04\" data-e-action-hash=\"#elementor-action%3Aaction%3Dlightbox%26settings%3DeyJpZCI6ODk0OCwidXJsIjoiaHR0cHM6XC9cL2xvc2J1em9zLmNvbVwvd3AtY29udGVudFwvdXBsb2Fkc1wvMjAyM1wvMDVcL2hvdXNlLWR1dGNoaGlwLXJvb2YtbG90LTEtM2QtZmxvb3JwbGFuLTA0LmpwZyIsInNsaWRlc2hvdyI6IjMwOTNkNjkifQ%3D%3D\">\n\t\t\t\t\t<div class=\"e-gallery-image elementor-gallery-item__image\" data-thumbnail=\"https:\/\/losbuzos.com\/wp-content\/uploads\/2023\/05\/house-dutchhip-roof-lot-1-3d-floorplan-04-1024x638.jpg\" data-width=\"1024\" data-height=\"638\" aria-label=\"\" role=\"img\" ><\/div>\n\t\t\t\t\t\t\t\t\t\t\t<div class=\"elementor-gallery-item__overlay\"><\/div>\n\t\t\t\t\t\t\t\t\t\t\t\t\t\t<\/a>\n\t\t\t\t\t\t\t<a class=\"e-gallery-item elementor-gallery-item elementor-animated-content\" href=\"https:\/\/losbuzos.com\/wp-content\/uploads\/2023\/05\/Model-Home-Floorplan.jpg\" data-elementor-open-lightbox=\"yes\" data-elementor-lightbox-slideshow=\"3093d69\" data-elementor-lightbox-title=\"Model Home Floorplan\" data-e-action-hash=\"#elementor-action%3Aaction%3Dlightbox%26settings%3DeyJpZCI6ODk1MCwidXJsIjoiaHR0cHM6XC9cL2xvc2J1em9zLmNvbVwvd3AtY29udGVudFwvdXBsb2Fkc1wvMjAyM1wvMDVcL01vZGVsLUhvbWUtRmxvb3JwbGFuLmpwZyIsInNsaWRlc2hvdyI6IjMwOTNkNjkifQ%3D%3D\">\n\t\t\t\t\t<div class=\"e-gallery-image elementor-gallery-item__image\" data-thumbnail=\"https:\/\/losbuzos.com\/wp-content\/uploads\/2023\/05\/Model-Home-Floorplan-1024x946.jpg\" data-width=\"1024\" data-height=\"946\" aria-label=\"\" role=\"img\" ><\/div>\n\t\t\t\t\t\t\t\t\t\t\t<div class=\"elementor-gallery-item__overlay\"><\/div>\n\t\t\t\t\t\t\t\t\t\t\t\t\t\t<\/a>\n\t\t\t\t\t<\/div>\n\t\t\t\t\t<\/div>\n\t\t\t\t<\/div>\n\t\t\t\t\t<\/div>\n\t\t<\/div>\n\t\t\t\t\t<\/div>\n\t\t<\/section>\n\t\t\t\t<\/div>\n\t\t","protected":false},"excerpt":{"rendered":"<p>VIVIR EN EL PARA\u00cdSO EN LOS BUZOS PANAM\u00c1 \u00a1Para m\u00e1s informaci\u00f3n de Bienes Ra\u00edces haz click aqu\u00ed! Ahora ofreciendo un n\u00famero limitado de lotes nuevos en el Pueblo de Los Buzos Estos lotes est\u00e1n perfectamente ubicados al otro lado de la calle a menos de 50 metros de Bah\u00eda Los Buzos, una bah\u00eda rara y [&hellip;]<\/p>\n","protected":false},"author":3,"featured_media":0,"parent":0,"menu_order":0,"comment_status":"closed","ping_status":"closed","template":"","meta":{"content-type":"","site-sidebar-layout":"no-sidebar","site-content-layout":"page-builder","ast-site-content-layout":"full-width-container","site-content-style":"unboxed","site-sidebar-style":"unboxed","ast-global-header-display":"","ast-banner-title-visibility":"","ast-main-header-display":"","ast-hfb-above-header-display":"","ast-hfb-below-header-display":"","ast-hfb-mobile-header-display":"","site-post-title":"disabled","ast-breadcrumbs-content":"","ast-featured-img":"disabled","footer-sml-layout":"","ast-disable-related-posts":"","theme-transparent-header-meta":"","adv-header-id-meta":"","stick-header-meta":"","header-above-stick-meta":"","header-main-stick-meta":"","header-below-stick-meta":"","astra-migrate-meta-layouts":"set","ast-page-background-enabled":"default","ast-page-background-meta":{"desktop":{"background-color":"","background-image":"","background-repeat":"repeat","background-position":"center center","background-size":"auto","background-attachment":"scroll","background-type":"","background-media":"","overlay-type":"","overlay-color":"","overlay-opacity":"","overlay-gradient":""},"tablet":{"background-color":"","background-image":"","background-repeat":"repeat","background-position":"center center","background-size":"auto","background-attachment":"scroll","background-type":"","background-media":"","overlay-type":"","overlay-color":"","overlay-opacity":"","overlay-gradient":""},"mobile":{"background-color":"","background-image":"","background-repeat":"repeat","background-position":"center center","background-size":"auto","background-attachment":"scroll","background-type":"","background-media":"","overlay-type":"","overlay-color":"","overlay-opacity":"","overlay-gradient":""}},"ast-content-background-meta":{"desktop":{"background-color":"var(--ast-global-color-5)","background-image":"","background-repeat":"repeat","background-position":"center center","background-size":"auto","background-attachment":"scroll","background-type":"","background-media":"","overlay-type":"","overlay-color":"","overlay-opacity":"","overlay-gradient":""},"tablet":{"background-color":"var(--ast-global-color-5)","background-image":"","background-repeat":"repeat","background-position":"center center","background-size":"auto","background-attachment":"scroll","background-type":"","background-media":"","overlay-type":"","overlay-color":"","overlay-opacity":"","overlay-gradient":""},"mobile":{"background-color":"var(--ast-global-color-5)","background-image":"","background-repeat":"repeat","background-position":"center center","background-size":"auto","background-attachment":"scroll","background-type":"","background-media":"","overlay-type":"","overlay-color":"","overlay-opacity":"","overlay-gradient":""}},"footnotes":""},"class_list":["post-9086","page","type-page","status-publish","hentry"],"_links":{"self":[{"href":"https:\/\/losbuzos.com\/es\/wp-json\/wp\/v2\/pages\/9086","targetHints":{"allow":["GET"]}}],"collection":[{"href":"https:\/\/losbuzos.com\/es\/wp-json\/wp\/v2\/pages"}],"about":[{"href":"https:\/\/losbuzos.com\/es\/wp-json\/wp\/v2\/types\/page"}],"author":[{"embeddable":true,"href":"https:\/\/losbuzos.com\/es\/wp-json\/wp\/v2\/users\/3"}],"replies":[{"embeddable":true,"href":"https:\/\/losbuzos.com\/es\/wp-json\/wp\/v2\/comments?post=9086"}],"version-history":[{"count":37,"href":"https:\/\/losbuzos.com\/es\/wp-json\/wp\/v2\/pages\/9086\/revisions"}],"predecessor-version":[{"id":12757,"href":"https:\/\/losbuzos.com\/es\/wp-json\/wp\/v2\/pages\/9086\/revisions\/12757"}],"wp:attachment":[{"href":"https:\/\/losbuzos.com\/es\/wp-json\/wp\/v2\/media?parent=9086"}],"curies":[{"name":"wp","href":"https:\/\/api.w.org\/{rel}","templated":true}]}}